{"id":12890,"date":"2021-08-20T22:52:00","date_gmt":"2021-08-21T02:52:00","guid":{"rendered":"https:\/\/wpclub.pro\/?page_id=12890"},"modified":"2024-12-10T13:48:29","modified_gmt":"2024-12-10T16:48:29","slug":"politica-de-privacidad","status":"publish","type":"page","link":"https:\/\/wpclub.pro\/en\/politica-de-privacidad\/","title":{"rendered":"Privacy Policy"},"content":{"rendered":"<div data-elementor-type=\"wp-page\" data-elementor-id=\"12890\" class=\"elementor elementor-12890\">\n\t\t\t\t<div class=\"wd-negative-gap elementor-element elementor-element-725b67ff e-flex e-con-boxed e-con e-parent\" data-id=\"725b67ff\" data-element_type=\"container\" data-e-type=\"container\">\n\t\t\t\t\t<div class=\"e-con-inner\">\n\t\t\t\t<div class=\"elementor-element elementor-element-6ebcc809 color-scheme-inherit text-left elementor-widget elementor-widget-text-editor\" data-id=\"6ebcc809\" data-element_type=\"widget\" data-e-type=\"widget\" data-widget_type=\"text-editor.default\">\n\t\t\t\t<div class=\"elementor-widget-container\">\n\t\t\t\t\t\t\t\t\t<h4>Privacy Policy<\/h4><p>URL es: https:\/\/wpclub.pro\/<\/p><p>El Reglamento General de Protecci\u00f3n de Datos de la UE UE 2016\/679 (\u201cGDPR\u201d) entr\u00f3 en vigencia el 25 de mayo de 2018 y reemplaz\u00f3 todas las Leyes Europeas de Protecci\u00f3n de Datos. El GDPR fortalece y unifica los derechos de protecci\u00f3n de datos para personas en toda la UE.<\/p><p>El objetivo del GDPR es brindarte un mayor control sobre c\u00f3mo las compa\u00f1\u00edas como WPClub recopilan tus datos y c\u00f3mo los utilizan. En particular, el RGPD se centra en los datos recopilados, que son \u201cDatos personales\u201d; dichos datos personales pueden ser tu direcci\u00f3n de correo electr\u00f3nico, tu nombre y apellido o tu direcci\u00f3n IP.<\/p><p>A continuaci\u00f3n se detallan los datos que en WPClub recopilamos de los visitantes de nuestro sitio web y nuestros usuarios registrados:<\/p><p><strong>Registrarse para obtener una cuenta de WPClub <\/strong><\/p><p><strong>Punto de recopilaci\u00f3n<\/strong>: Registro de una cuenta WPClub .<\/p><p><strong>Tipo de datos personales recopilados<\/strong>: Al registrarte en WPClub , recopilamos: nombre y apellido, direcci\u00f3n de correo electr\u00f3nico y direcci\u00f3n IP.<\/p><p><strong>Bases para el procesamiento<\/strong>: Cuando te registras en WPClub , nos das tu claro consentimiento para que podamos procesar tus datos personales para los fines espec\u00edficos establecidos en nuestros T\u00e9rminos de Uso y esta Pol\u00edtica de privacidad.<\/p><p><strong>Motivo de la Recopilaci\u00f3n<\/strong>: Los datos recopilados nos permiten crear tu cuenta, llevar trazabilidad de cada una de tus solicitudes y requerimientos y brindarte una forma \u00fanica y segura de iniciar sesi\u00f3n para administrar tus compras, informaci\u00f3n general y descargas.<\/p><p><strong>Notas<\/strong>: Estos datos no se comparten con terceros.<\/p><p>\u00a0<\/p><p><strong>Punto de recopilaci\u00f3n<\/strong>: Tu navegaci\u00f3n y uso del sitio web y servicio de WPClub .<\/p><p><strong>Tipo de datos recopilados<\/strong>: Cuando llegas al sitio web de WPClub , podemos usar la herramienta de an\u00e1lisis de visitantes para rastrear c\u00f3mo llegaste a nuestro sitio web y c\u00f3mo navegas por el sitio web.<\/p><p><strong>Base para el procesamiento<\/strong>: La base sobre la cual procesamos tus datos de navegaci\u00f3n es la siguiente: cuando te registras para obtener una cuenta, donde nos est\u00e1s dando tu claro consentimiento para que podamos procesar tus datos personales para los fines espec\u00edficos establecidos en nuestros T\u00e9rminos de Uso y esta Declaraci\u00f3n de cumplimiento de GDPR y Pol\u00edtica de privacidad de WPClub .<\/p><p><strong>Motivo de la recopilaci\u00f3n<\/strong>: Los datos de navegaci\u00f3n recopilados nos permiten comprender c\u00f3mo tu y\/o nuestros usuarios en su conjunto utilizan el sitio web y el servicio WPClub .<\/p><p><strong>Uso de los datos recopilados<\/strong>: Podemos utilizar los datos de navegaci\u00f3n recopilados para comprender c\u00f3mo tu y nuestros otros usuarios llegan al sitio web WPClub y c\u00f3mo navegan por nuestro sitio web; entender c\u00f3mo usan el producto; datos individualmente y \/ o agregados para mejorar la usabilidad.<\/p><p><strong>Notas<\/strong>: cuando te creas una cuenta de WPClub , los datos de navegaci\u00f3n que se han recopilado a trav\u00e9s de Google Analytics y hasta el momento de la creaci\u00f3n de la cuenta (momento en el que se otorga el consentimiento de procesamiento), no vinculamos ninguno de tus datos de navegaci\u00f3n a tus datos personales.<\/p><div id=\"seguridad-datos\" class=\"vc_tta-panel vc_active\" data-vc-content=\".vc_tta-panel-body\"><div class=\"vc_tta-panel-body\"><div class=\"wpb_text_column wpb_content_element\"><div class=\"wpb_wrapper\"><p>\u00a0<\/p><p>Empleamos una serie de pasos y medidas para garantizar que toda la informaci\u00f3n y los datos personales que recopilamos est\u00e9n protegidos contra el acceso, uso y \/ o divulgaci\u00f3n no autorizados. Adem\u00e1s de establecer medidas de seguridad tecnol\u00f3gica, tambi\u00e9n nos aseguramos de que todo nuestro equipo est\u00e9 capacitado en seguridad de datos y que cada uno de ellos tenga obligaciones contractuales en sus contratos de trabajo de no divulgar informaci\u00f3n a nadie que no tenga derecho a tenerla.<\/p><\/div><\/div><\/div><\/div><p>\u00a0<\/p><p>Tienes derecho en cualquier momento a acceder a los datos personales que tenemos sobre ti, y cuando consideres que la informaci\u00f3n personal que tenemos no es correcta, solicitar que se corrija. Tambi\u00e9n tienes derecho a que se elimine tu cuenta de usuario, accediendo voluntariamente a la renuncia de lo que dicha decisi\u00f3n conlleve.<\/p><p>Toda la informaci\u00f3n personal, junto con otros datos recopilados (como se indica en la tabla anterior) es informaci\u00f3n a la que puedes acceder, modificar o eliminar iniciando sesi\u00f3n en su cuenta de WPClub .<\/p><p>Si tienes alguna pregunta sobre c\u00f3mo acceder, corregir, modificar o eliminar su informaci\u00f3n, puedes contactarnos a <strong>contacto@wpclub.pro<\/strong>.<\/p><p>Todos y cada uno de los datos personales que recopilamos de la UE \/ Espacio Econ\u00f3mico Europeo (EEE) y Suiza se procesan y almacenan en el Reino Unido.<\/p><p>En el caso de que los Datos personales se transfieran fuera de la UE \/ EEE y \/ o Suiza, nos aseguramos de que en todo momento proporcionemos el mismo nivel de protecci\u00f3n de privacidad que exige el marco del Escudo de privacidad UE-EE. UU. Y \/ o cualquier otro marco determinado por la Comisi\u00f3n Europea para proporcionar una protecci\u00f3n adecuada para las transferencias de datos desde la UE y \/ o Suiza a los Estados Unidos.<\/p><p>\u00a0<\/p><p>No divulgaremos tus datos personales a ning\u00fan tercero a menos que se establezca expl\u00edcitamente en esta declaraci\u00f3n de cumplimiento de GDPR y pol\u00edtica de privacidad de WPClub . Sin embargo, a veces, la ley, una autoridad reguladora competente, y un tribunal pueden exigirnos que divulguemos su informaci\u00f3n personal. Cuando esto ocurra, lo haremos donde sea pr\u00e1ctico para nosotros hacerlo y \/ o en la medida en que no tengamos restricciones para hacerlo, le notificaremos antes de revelar sus Datos personales.<\/p><p>\u00a0<\/p><p>El per\u00edodo de tiempo que conservamos tus datos personales y otra informaci\u00f3n depender\u00e1 tanto de la naturaleza de la informaci\u00f3n que hayamos recopilado, como del uso que hagamos de esa informaci\u00f3n. A menos que la ley nos exija que conservemos sus datos personales y otra informaci\u00f3n durante un cierto per\u00edodo de tiempo, normalmente no conservaremos su informaci\u00f3n por m\u00e1s tiempo del necesario, dado el prop\u00f3sito para el que recopilamos esa informaci\u00f3n.<\/p><p>\u00a0<\/p><p><strong>\u00bfQu\u00e9 es una cookie?<\/strong><\/p><p>\u00a0<\/p><p>Una cookie es un peque\u00f1o archivo de texto, que es exclusivo para usted y permite que WPClub reconozca tu dispositivo de navegaci\u00f3n, como tu laptop o computador de escritorio.<\/p><p>Podemos utilizar cookies y otras \u201cetiquetas\u201d (a veces denominadas \u201cbalizas web\u201d o \u201cetiquetas de p\u00edxeles\u201d) (colectivamente \u201cCookies\u201d) para proporcionarte un servicio m\u00e1s personalizado o rastrear tu navegaci\u00f3n por nuestro sitio web y as\u00ed mejorar el servicio.<\/p><p>Si eliges no aceptar alguna o ninguna de nuestras cookies, algunas de las funciones o versiones personalizadas de los sitios web de WPClub podr\u00edan no estar disponibles.<\/p><p><strong>Cookie de Registro<\/strong><\/p><p>Una cookie de registro puede contener cualquier recopilaci\u00f3n de informaci\u00f3n durante tu registro y nos permite reconocerte y proporcionarte as\u00ed una mejor experiencia. Si tu navegador no est\u00e1 configurado para aceptar Cookies, existe la posibilidad que tengas problemas o no puedas registrarte en nuestro sitio.<\/p><p>Adem\u00e1s de las cookies de registro, de vez en cuando podemos usar otros tipos de cookies para recopilar informaci\u00f3n. Dichas cookies pueden incluir, entre otras, cookies \u201cbasadas en sesi\u00f3n\u201d que se asignan a tu computadora durante la duraci\u00f3n de tu visita a WPClub , pero se eliminar\u00e1n cuando cierres tu navegador de Internet.<\/p><p>Todo el uso de la informaci\u00f3n recopilada de Cookies se realiza de acuerdo con nuestra Declaraci\u00f3n de cumplimiento de GDPR y Pol\u00edtica de privacidad de WPClub .<\/p><p>\u00a0<\/p><p>Esta declaraci\u00f3n de cumplimiento y pol\u00edtica de privacidad de GPLPR de WPClub , junto con nuestra pol\u00edtica de cookies, pueden modificarse de vez en cuando. Recomendamos que revise regularmente esta p\u00e1gina para asegurarse de estar al tanto de cualquier cambio realizado en ella.<\/p><p>Usted estar\u00e1 sujeto a cualquier cambio a esta Declaraci\u00f3n de cumplimiento de GDPR de GPLPR y Pol\u00edtica de privacidad desde el momento en que haga uso del servicio WPClub despu\u00e9s de que se hayan realizado modificaciones.<\/p><p>Publicaci\u00f3n y\/modificaci\u00f3n de la \u00faltima versi\u00f3n de la presente pol\u00edtica: 23 de Agosto, 2021.<\/p>\t\t\t\t\t\t\t\t<\/div>\n\t\t\t\t<\/div>\n\t\t\t\t\t<\/div>\n\t\t\t\t<\/div>\n\t\t\t\t<\/div>","protected":false},"excerpt":{"rendered":"<p>Pol\u00edtica de Privacidad URL es: https:\/\/wpclub.pro\/ El Reglamento General de Protecci\u00f3n de Datos de la UE UE 2016\/679 (\u201cGDPR\u201d) entr\u00f3<\/p>","protected":false},"author":1,"featured_media":0,"parent":0,"menu_order":0,"comment_status":"closed","ping_status":"closed","template":"","meta":{"_acf_changed":false,"footnotes":""},"class_list":["post-12890","page","type-page","status-publish","hentry"],"acf":[],"_links":{"self":[{"href":"https:\/\/wpclub.pro\/en\/wp-json\/wp\/v2\/pages\/12890","targetHints":{"allow":["GET"]}}],"collection":[{"href":"https:\/\/wpclub.pro\/en\/wp-json\/wp\/v2\/pages"}],"about":[{"href":"https:\/\/wpclub.pro\/en\/wp-json\/wp\/v2\/types\/page"}],"author":[{"embeddable":true,"href":"https:\/\/wpclub.pro\/en\/wp-json\/wp\/v2\/users\/1"}],"replies":[{"embeddable":true,"href":"https:\/\/wpclub.pro\/en\/wp-json\/wp\/v2\/comments?post=12890"}],"version-history":[{"count":0,"href":"https:\/\/wpclub.pro\/en\/wp-json\/wp\/v2\/pages\/12890\/revisions"}],"wp:attachment":[{"href":"https:\/\/wpclub.pro\/en\/wp-json\/wp\/v2\/media?parent=12890"}],"curies":[{"name":"wp","href":"https:\/\/api.w.org\/{rel}","templated":true}]}}