{"id":10945,"date":"2025-04-02T14:01:00","date_gmt":"2025-04-02T17:01:00","guid":{"rendered":"https:\/\/wpclub.pro\/producto\/woolementor-pro\/"},"modified":"2025-09-04T13:10:31","modified_gmt":"2025-09-04T17:10:31","slug":"codesigner-pro","status":"publish","type":"product","link":"https:\/\/wpclub.pro\/en\/item\/codesigner-pro\/","title":{"rendered":"Codesigner Pro 4.7.6 (antes Wooelementor)"},"content":{"rendered":"<div data-elementor-type=\"product-post\" data-elementor-id=\"10945\" class=\"elementor elementor-10945\" data-elementor-post-type=\"product\">\n\t\t\t\t<div class=\"wd-negative-gap elementor-element elementor-element-72eac082 e-flex e-con-boxed e-con e-parent\" data-id=\"72eac082\" data-element_type=\"container\" data-e-type=\"container\">\n\t\t\t\t\t<div class=\"e-con-inner\">\n\t\t\t\t<div class=\"elementor-element elementor-element-e0abad1 color-scheme-inherit text-left elementor-widget elementor-widget-text-editor\" data-id=\"e0abad1\" data-element_type=\"widget\" data-e-type=\"widget\" data-widget_type=\"text-editor.default\">\n\t\t\t\t<div class=\"elementor-widget-container\">\n\t\t\t\t\t\t\t\t\t<h2>Redise\u00f1a Woocommerce con Codesigner Pro<\/h2><p>Todas y cada una de las partes de su tienda WooCommerce se pueden personalizar. Ya sea la p\u00e1gina de la tienda, el filtro de producto o el formulario de facturaci\u00f3n. \u00a1Todo!<\/p><h3><strong>Conoce algunas Particularidades de Codesigner Pro<\/strong><\/h3><ul><li><strong>M\u00f3vil amable: Codesigner Pro<\/strong>\u00a0hace que su tienda s\u00faper sensible para dispositivos m\u00f3viles. Respira hondo y rel\u00e1jate, \u00a1tus visitantes ahora est\u00e1n felices!<\/li><li><strong>Blazing Fast: <\/strong>Est\u00e1 construido siguiendo las tecnolog\u00edas de vanguardia y los est\u00e1ndares de codificaci\u00f3n de WordPress. \u00a1Est\u00e1 bellamente codificado y ultrarr\u00e1pido!<\/li><\/ul><h3>Todo lo que necesita para construir su tienda WooCommerce<\/h3><ul><li><strong>P\u00e1gina de pago inteligente: <\/strong>\u00bfAlguna vez pens\u00f3 en agregar campos m\u00e1s relevantes a la p\u00e1gina de pago de WooCommerce?<\/li><\/ul><h3><strong>P\u00e1gina de carrito perfecta <\/strong><\/h3><p>\u00bfAburrido de la misma p\u00e1gina de carrito de WooCommerce? No se aburrir\u00e1 por mucho tiempo porque Codesigner Pro tambi\u00e9n le permitir\u00e1 personalizar cada parte de la p\u00e1gina de su carrito. Puede decidir si desea mostrar todos los productos del carrito en una fila o de lado a lado.<\/p><h3><strong>Encabezado, pie de p\u00e1gina, tienda y m\u00e1s<\/strong><\/h3><p>Codesigner hizo posible crear plantillas de Elementor como encabezado, pie de p\u00e1gina, producto \u00fanico y p\u00e1ginas de tienda<\/p><p>Puede decidir d\u00f3nde mostrar sus plantillas seg\u00fan las categor\u00edas de productos, ID de producto, etc.<\/p><h3><strong>Impresionantes dise\u00f1os de tiendas<\/strong><\/h3><p>Codesigner Pro viene con 8 dise\u00f1os de tiendas impresionantes y llamativos que te dejar\u00e1n boquiabierto. Y son altamente personalizables.<\/p><p>\u00bfNecesita una vista de cuadr\u00edcula para la tienda? \u00bfO un control deslizante o una tabla de productos? Te tenemos cubierto.<\/p><h3><strong>Componentes de un solo producto<\/strong><\/h3><p>\u00bfDesea crear p\u00e1ginas de productos f\u00e1ciles de usar? Entonces Codesigner Pro es para ti. Nuestro complemento le brinda la posibilidad de cambiar cada parte de la p\u00e1gina del producto.<\/p><p>Una p\u00e1gina de producto bien dise\u00f1ada es el primer paso para impresionar a sus clientes y Woolementor se lo pone m\u00e1s f\u00e1cil.<\/p><p>Obtenga ahora Codesigner Pro.<\/p>\t\t\t\t\t\t\t\t<\/div>\n\t\t\t\t<\/div>\n\t\t\t\t\t<\/div>\n\t\t\t\t<\/div>\n\t\t\t\t<\/div>","protected":false},"excerpt":{"rendered":"<p>Redise\u00f1a Woocommerce con Codesigner Pro Todas y cada una de las partes de su tienda WooCommerce se pueden personalizar. Ya<\/p>","protected":false},"featured_media":68877,"comment_status":"closed","ping_status":"closed","template":"","meta":{"_acf_changed":false},"product_brand":[],"product_cat":[67],"product_tag":[139],"class_list":{"0":"post-10945","1":"product","2":"type-product","3":"status-publish","4":"has-post-thumbnail","6":"product_cat-wordpress-plugins","7":"product_tag-plugins-de-utilidades-ecommerce","8":"pa_autores-codexpert","10":"first","11":"instock","12":"sale","13":"downloadable","14":"virtual","15":"sold-individually","16":"purchasable","17":"product-type-simple"},"acf":[],"_links":{"self":[{"href":"https:\/\/wpclub.pro\/en\/wp-json\/wp\/v2\/product\/10945","targetHints":{"allow":["GET"]}}],"collection":[{"href":"https:\/\/wpclub.pro\/en\/wp-json\/wp\/v2\/product"}],"about":[{"href":"https:\/\/wpclub.pro\/en\/wp-json\/wp\/v2\/types\/product"}],"replies":[{"embeddable":true,"href":"https:\/\/wpclub.pro\/en\/wp-json\/wp\/v2\/comments?post=10945"}],"version-history":[{"count":0,"href":"https:\/\/wpclub.pro\/en\/wp-json\/wp\/v2\/product\/10945\/revisions"}],"wp:featuredmedia":[{"embeddable":true,"href":"https:\/\/wpclub.pro\/en\/wp-json\/wp\/v2\/media\/68877"}],"wp:attachment":[{"href":"https:\/\/wpclub.pro\/en\/wp-json\/wp\/v2\/media?parent=10945"}],"wp:term":[{"taxonomy":"product_brand","embeddable":true,"href":"https:\/\/wpclub.pro\/en\/wp-json\/wp\/v2\/product_brand?post=10945"},{"taxonomy":"product_cat","embeddable":true,"href":"https:\/\/wpclub.pro\/en\/wp-json\/wp\/v2\/product_cat?post=10945"},{"taxonomy":"product_tag","embeddable":true,"href":"https:\/\/wpclub.pro\/en\/wp-json\/wp\/v2\/product_tag?post=10945"}],"curies":[{"name":"wp","href":"https:\/\/api.w.org\/{rel}","templated":true}]}}