{"id":12121,"date":"2025-05-21T14:00:21","date_gmt":"2025-05-21T18:00:21","guid":{"rendered":"https:\/\/wpclub.pro\/producto\/memberpress-elementor-addon\/"},"modified":"2025-09-04T13:10:31","modified_gmt":"2025-09-04T17:10:31","slug":"memberpress-elementor-addon","status":"publish","type":"product","link":"https:\/\/wpclub.pro\/en\/item\/memberpress-elementor-addon\/","title":{"rendered":"MemberPress Elementor Addon 1.0.9"},"content":{"rendered":"<div data-elementor-type=\"product-post\" data-elementor-id=\"12121\" class=\"elementor elementor-12121\" data-elementor-post-type=\"product\">\n\t\t\t\t<div class=\"wd-negative-gap elementor-element elementor-element-10bb79f0 e-flex e-con-boxed e-con e-parent\" data-id=\"10bb79f0\" data-element_type=\"container\" data-e-type=\"container\">\n\t\t\t\t\t<div class=\"e-con-inner\">\n\t\t\t\t<div class=\"elementor-element elementor-element-446655f6 color-scheme-inherit text-left elementor-widget elementor-widget-text-editor\" data-id=\"446655f6\" data-element_type=\"widget\" data-e-type=\"widget\" data-widget_type=\"text-editor.default\">\n\t\t\t\t<div class=\"elementor-widget-container\">\n\t\t\t\t\t\t\t\t\t<h2>MemberPress Elementor Addon<\/h2><p>Elementor es el creador de p\u00e1ginas de WordPress l\u00edder en el mundo.\u00a0Nuestra integraci\u00f3n de MemberPress Elementor Addon le permite proteger los bloques de Elementor usando las reglas de MemberPress directamente en WordPress.<\/p><p>Con Elementor, disfruta de una soluci\u00f3n todo en uno que le permite controlar todas las facetas de su flujo de trabajo de dise\u00f1o web desde un solo lugar.\u00a0El creador presenta una interfaz de dise\u00f1o 100% visual que es simple y f\u00e1cil de usar, lo que le permite crear r\u00e1pidamente sitios web que se cargan m\u00e1s r\u00e1pido y se ven hermosos.<\/p><h3><strong>\u00bfC\u00f3mo ayuda MemberPress Elementor Addon a mi sitio de membres\u00eda?<\/strong><\/h3><p>Este nuevo complemento MemberPress Elementor es espec\u00edficamente para usuarios que utilizan Elementor.<\/p><p>El complemento MemberPress Elementor es para usted si:<\/p><ul><li>Utiliza Elementor para crear y ajustar su (s) sitio (s) de WordPress.<\/li><li>Est\u00e1 invirtiendo mucho tiempo y esfuerzo en aumentar sus niveles de membres\u00eda y desea optimizar la experiencia para los clientes que pagan m\u00e1s.<\/li><li>Desea crear contenido de p\u00e1gina de Elementor que act\u00fae como avances para miembros gratuitos o de nivel inferior.<\/li><li>Desea agregar m\u00e1s funcionalidad y control a su experiencia de backend con MemberPress.<\/li><\/ul><p>Independientemente del motivo, este complemento de Elementor de MemberPress puede ayudarlo a lograr resultados m\u00e1s significativos para su sitio de membres\u00eda.\u00a0La capacidad de controlar y filtrar es lo que hace que un sitio de membres\u00eda sea exitoso.<\/p><p>Y nos enorgullece decir que ahora tiene m\u00e1s control que nunca con nuestros nuevos complementos de protecci\u00f3n de contenido del creador de p\u00e1ginas.<\/p><h3><strong>Segmentar contenido<\/strong><\/h3><p>Los sitios de membres\u00eda fila por fila requieren FOMO, un marketing y un control estructurados y bien pensados. Este complemento MemberPress Elementor mejora dr\u00e1sticamente su capacidad para administrar el contenido en sus sitios web con m\u00e1s opciones para ajustar sus membres\u00edas.<\/p><p>Hemos hecho que sea m\u00e1s f\u00e1cil:<\/p><ul><li><strong>Editar acceso dentro de las filas<\/strong><br \/>\u00bfQuiere que alguien vea peque\u00f1os fragmentos de su informaci\u00f3n en el nivel gratuito, pero la imagen completa una vez que tenga una membres\u00eda?\u00a0\u00a1No hay problema!<br \/>Se accede a nuestro complemento MemberPress Elementor dentro de las opciones de su fila.\u00a0El contenido dentro de la fila seleccionada solo se mostrar\u00e1 si la membres\u00eda requerida est\u00e1 activa.\u00a0Esta funcionalidad le brinda p\u00e1ginas altamente personalizables y m\u00e1s oportunidades para mostrar a sus miembros lo que se est\u00e1n perdiendo.<\/li><li><strong>Cree reglas de\u00a0membres\u00eda personalizadas\u00a0<\/strong><br \/>Cree reglas para establecer par\u00e1metros para cada secci\u00f3n de su sitio de membres\u00eda. Configure mensajes especializados que conecten sus actualizaciones, resalten los espectadores no autorizados que faltan y brinden adelantos de funciones que generalmente solo est\u00e1n disponibles para clientes que pagan.<\/li><li><strong>Decidir acciones para el acceso no autorizado<\/strong><br \/>\u00bfC\u00f3mo quiere que MemberPress maneje el acceso no autorizado? Configure mensajes especializados que se muestren a los usuarios que no cumplan con esa regla de membres\u00eda espec\u00edfica.<br \/>MemberPress se trata de mejorar la experiencia de su sitio de membres\u00eda, y ahora tiene m\u00e1s control que nunca sobre el contenido que los visitantes pueden ver y participar.\u00a0Nuestras nuevas integraciones de MemberPress Elementor Addon lo ayudar\u00e1n a mantener sus membres\u00edas separadas, atractivas y \u00fanicas.<\/li><\/ul><p>Obtenga ahora MemberPress Elementor Addon.<\/p>\t\t\t\t\t\t\t\t<\/div>\n\t\t\t\t<\/div>\n\t\t\t\t\t<\/div>\n\t\t\t\t<\/div>\n\t\t\t\t<\/div>","protected":false},"excerpt":{"rendered":"<p><strong>Version<\/strong>: 1.0.2 &#8211; <strong>Publication Date<\/strong>: 25 de Noviembre, 2021<\/p>\n<p><strong>Author<\/strong>: <a href=\"https:\/\/memberpress.com\/add-ons\/elementor\/\" target=\"_blank\" rel=\"nofollow noopener\">Go to Site<\/a><\/p>","protected":false},"featured_media":78894,"comment_status":"closed","ping_status":"closed","template":"","meta":{"_acf_changed":false},"product_brand":[],"product_cat":[67],"product_tag":[128],"class_list":{"0":"post-12121","1":"product","2":"type-product","3":"status-publish","4":"has-post-thumbnail","6":"product_cat-wordpress-plugins","7":"product_tag-plugins-para-membresias-y-suscripciones","8":"pa_autores-memberpress","10":"first","11":"instock","12":"sale","13":"downloadable","14":"virtual","15":"sold-individually","16":"purchasable","17":"product-type-simple"},"acf":[],"_links":{"self":[{"href":"https:\/\/wpclub.pro\/en\/wp-json\/wp\/v2\/product\/12121","targetHints":{"allow":["GET"]}}],"collection":[{"href":"https:\/\/wpclub.pro\/en\/wp-json\/wp\/v2\/product"}],"about":[{"href":"https:\/\/wpclub.pro\/en\/wp-json\/wp\/v2\/types\/product"}],"replies":[{"embeddable":true,"href":"https:\/\/wpclub.pro\/en\/wp-json\/wp\/v2\/comments?post=12121"}],"version-history":[{"count":0,"href":"https:\/\/wpclub.pro\/en\/wp-json\/wp\/v2\/product\/12121\/revisions"}],"wp:featuredmedia":[{"embeddable":true,"href":"https:\/\/wpclub.pro\/en\/wp-json\/wp\/v2\/media\/78894"}],"wp:attachment":[{"href":"https:\/\/wpclub.pro\/en\/wp-json\/wp\/v2\/media?parent=12121"}],"wp:term":[{"taxonomy":"product_brand","embeddable":true,"href":"https:\/\/wpclub.pro\/en\/wp-json\/wp\/v2\/product_brand?post=12121"},{"taxonomy":"product_cat","embeddable":true,"href":"https:\/\/wpclub.pro\/en\/wp-json\/wp\/v2\/product_cat?post=12121"},{"taxonomy":"product_tag","embeddable":true,"href":"https:\/\/wpclub.pro\/en\/wp-json\/wp\/v2\/product_tag?post=12121"}],"curies":[{"name":"wp","href":"https:\/\/api.w.org\/{rel}","templated":true}]}}