{"id":12123,"date":"2026-04-20T14:34:58","date_gmt":"2026-04-20T18:34:58","guid":{"rendered":"https:\/\/wpclub.pro\/producto\/memberpress-wpbakery-addon\/"},"modified":"2026-04-20T14:41:43","modified_gmt":"2026-04-20T18:41:43","slug":"memberpress-wpbakery-content-protection","status":"publish","type":"product","link":"https:\/\/wpclub.pro\/en\/item\/memberpress-wpbakery-content-protection\/","title":{"rendered":"MemberPress WPBakery Content Protection 1.0.4"},"content":{"rendered":"<div data-elementor-type=\"product-post\" data-elementor-id=\"12123\" class=\"elementor elementor-12123\" data-elementor-post-type=\"product\">\n\t\t\t\t<div class=\"wd-negative-gap elementor-element elementor-element-2ae7daf9 e-flex e-con-boxed e-con e-parent\" data-id=\"2ae7daf9\" data-element_type=\"container\" data-e-type=\"container\">\n\t\t\t\t\t<div class=\"e-con-inner\">\n\t\t\t\t<div class=\"elementor-element elementor-element-35273c2c color-scheme-inherit text-left elementor-widget elementor-widget-text-editor\" data-id=\"35273c2c\" data-element_type=\"widget\" data-e-type=\"widget\" data-widget_type=\"text-editor.default\">\n\t\t\t\t<div class=\"elementor-widget-container\">\n\t\t\t\t\t\t\t\t\t<h2>MemberPress WPBakery Content Protection<\/h2><p>Con MemberPress WPBakery Content Protection, puede crear cualquier dise\u00f1o imaginable utilizando un generador intuitivo de arrastrar y soltar, sin necesidad de conocimientos de programaci\u00f3n. MemberPress WPBakery Content Protection\u00a0le permite proteger los m\u00f3dulos de WPBakery con MemberPress.<\/p><p>MemberPress WPBakery Content Protection funciona con cualquier tema de WordPress, incluye una gran selecci\u00f3n de elementos de contenido, plantillas y complementos, y cuenta con un creador de aspectos que le permite ajustar las opciones de dise\u00f1o del creador de p\u00e1ginas y el estilo de los elementos para que coincidan con su marca.<\/p><h3><strong>\u00bfC\u00f3mo ayuda MemberPress WPBakery Content Protection a mi sitio de membres\u00eda?<\/strong><\/h3><p>MemberPress WPBakery Content Protection fue dise\u00f1ado espec\u00edficamente para usuarios de creadores de p\u00e1ginas. Le permite adaptar el contenido de su sitio web MemberPress a las personas adecuadas en el momento adecuado.<\/p><p>MemberPress WPBakery Content Protection es para usted si:<\/p><ul><li>Utiliza WPBakery para crear y mantener su sitio de WordPress.<\/li><li>Est\u00e1 invirtiendo mucho tiempo y esfuerzo en aumentar sus niveles de membres\u00eda y desea optimizar la experiencia para los clientes que pagan m\u00e1s.<\/li><li>Desea crear secciones solo para miembros de p\u00e1ginas espec\u00edficas que act\u00faen como avances para miembros gratuitos o de nivel inferior directamente en WP Bakery.<\/li><li>Desea agregar m\u00e1s funcionalidad y control a su experiencia de back-end con MemberPress.<\/li><\/ul><p>La capacidad de controlar y filtrar es lo que hace que un sitio de membres\u00eda sea exitoso.<\/p><p>Es f\u00e1cil comenzar.\u00a0Puede agregar su nuevo complemento favorito cargando el archivo zip descargado en el \u00e1rea Cargar complementos.<\/p><p>Desde all\u00ed, dir\u00edjase a la configuraci\u00f3n para agregar reglas y copiar para uso no autorizado.<\/p><h3><strong>Una forma m\u00e1s sencilla de segmentar el contenido por nivel de membres\u00eda<\/strong><\/h3><p>Hemos mejorado su capacidad para controlar el contenido en sus sitios web con m\u00e1s opciones para ajustar sus membres\u00edas.<\/p><p>Con este complemento de protecci\u00f3n de contenido de MemberPress WPBakery, ahora puede:<\/p><ul><li><strong>Editar f\u00e1cilmente el acceso dentro de las filas<\/strong><br \/>\u00bfDesea crear una experiencia \u00fanica para diferentes niveles de membres\u00eda?\u00a0\u00a1No hay problema!\u00a0Se accede a nuestro complemento de protecci\u00f3n de contenido MemberPress WPBakery dentro de sus opciones de fila en una nueva pesta\u00f1a.\u00a0El contenido dentro de la fila seleccionada solo se mostrar\u00e1 si la membres\u00eda requerida est\u00e1 activa.\u00a0Esta funci\u00f3n le brinda p\u00e1ginas altamente personalizables y m\u00e1s oportunidades para mostrar a sus miembros lo que se est\u00e1n perdiendo.<br \/>Para editar el acceso en WPBakery, abra la configuraci\u00f3n de la fila y dir\u00edjase a la pesta\u00f1a MemberPress.<\/li><li><strong>Cree reglas de\u00a0membres\u00eda personalizadas<\/strong><br \/>Cree reglas para establecer par\u00e1metros para cada secci\u00f3n de su sitio de membres\u00eda. Configure mensajes especializados que conecten sus actualizaciones, resalten los espectadores no autorizados que faltan y brinden adelantos de funciones que generalmente solo est\u00e1n disponibles para clientes que pagan.<\/li><li><strong>Decidir acciones para el acceso no autorizado<\/strong><br \/>\u00bfC\u00f3mo quiere que MemberPress trate con miembros en niveles m\u00e1s bajos de lo que permite el contenido mostrado?\u00a0Configure mensajes especializados que se muestren a los usuarios que no cumplan con esa regla de membres\u00eda espec\u00edfica.<\/li><\/ul><p>MemberPress WPBakery Content Protection mejora la experiencia de su sitio de membres\u00eda y ahora tiene un control m\u00e1s directo sobre el contenido que los visitantes pueden ver y con el que pueden interactuar. Nuestra nueva integraci\u00f3n de protecci\u00f3n de contenido lo ayudar\u00e1 a mantener sus membres\u00edas separadas, atractivas y f\u00e1ciles de implementar.<\/p><p>Obtenga ahora MemberPress WPBakery Content Protection.<\/p>\t\t\t\t\t\t\t\t<\/div>\n\t\t\t\t<\/div>\n\t\t\t\t\t<\/div>\n\t\t\t\t<\/div>\n\t\t\t\t<\/div>","protected":false},"excerpt":{"rendered":"<p><strong>Version<\/strong>: 1.0.2 &#8211; <strong>Publication Date<\/strong>: 25 de Noviembre, 2021<\/p>\n<p><strong>Author<\/strong>: <a href=\"https:\/\/memberpress.com\/add-ons\/wpbakery\/\" target=\"_blank\" rel=\"nofollow noopener\">Go to Site<\/a><\/p>","protected":false},"featured_media":125590,"comment_status":"closed","ping_status":"closed","template":"","meta":{"_acf_changed":false},"product_brand":[],"product_cat":[67],"product_tag":[128],"class_list":{"0":"post-12123","1":"product","2":"type-product","3":"status-publish","4":"has-post-thumbnail","6":"product_cat-wordpress-plugins","7":"product_tag-plugins-para-membresias-y-suscripciones","8":"pa_autores-memberpress","10":"first","11":"instock","12":"sale","13":"downloadable","14":"virtual","15":"sold-individually","16":"purchasable","17":"product-type-simple"},"acf":[],"_links":{"self":[{"href":"https:\/\/wpclub.pro\/en\/wp-json\/wp\/v2\/product\/12123","targetHints":{"allow":["GET"]}}],"collection":[{"href":"https:\/\/wpclub.pro\/en\/wp-json\/wp\/v2\/product"}],"about":[{"href":"https:\/\/wpclub.pro\/en\/wp-json\/wp\/v2\/types\/product"}],"replies":[{"embeddable":true,"href":"https:\/\/wpclub.pro\/en\/wp-json\/wp\/v2\/comments?post=12123"}],"version-history":[{"count":0,"href":"https:\/\/wpclub.pro\/en\/wp-json\/wp\/v2\/product\/12123\/revisions"}],"wp:featuredmedia":[{"embeddable":true,"href":"https:\/\/wpclub.pro\/en\/wp-json\/wp\/v2\/media\/125590"}],"wp:attachment":[{"href":"https:\/\/wpclub.pro\/en\/wp-json\/wp\/v2\/media?parent=12123"}],"wp:term":[{"taxonomy":"product_brand","embeddable":true,"href":"https:\/\/wpclub.pro\/en\/wp-json\/wp\/v2\/product_brand?post=12123"},{"taxonomy":"product_cat","embeddable":true,"href":"https:\/\/wpclub.pro\/en\/wp-json\/wp\/v2\/product_cat?post=12123"},{"taxonomy":"product_tag","embeddable":true,"href":"https:\/\/wpclub.pro\/en\/wp-json\/wp\/v2\/product_tag?post=12123"}],"curies":[{"name":"wp","href":"https:\/\/api.w.org\/{rel}","templated":true}]}}