{"id":12131,"date":"2026-05-05T11:29:29","date_gmt":"2026-05-05T15:29:29","guid":{"rendered":"https:\/\/wpclub.pro\/producto\/mainwp-google-analytics-extension\/"},"modified":"2026-05-05T11:30:59","modified_gmt":"2026-05-05T15:30:59","slug":"mainwp-google-analytics-extension","status":"publish","type":"product","link":"https:\/\/wpclub.pro\/en\/item\/mainwp-google-analytics-extension\/","title":{"rendered":"MainWP Google Analytics Extension 6.0.2"},"content":{"rendered":"<div data-elementor-type=\"product-post\" data-elementor-id=\"12131\" class=\"elementor elementor-12131\" data-elementor-post-type=\"product\">\n\t\t\t\t<div class=\"wd-negative-gap elementor-element elementor-element-343cd50f e-flex e-con-boxed e-con e-parent\" data-id=\"343cd50f\" data-element_type=\"container\" data-e-type=\"container\">\n\t\t\t\t\t<div class=\"e-con-inner\">\n\t\t\t\t<div class=\"elementor-element elementor-element-2382b49 color-scheme-inherit text-left elementor-widget elementor-widget-text-editor\" data-id=\"2382b49\" data-element_type=\"widget\" data-e-type=\"widget\" data-widget_type=\"text-editor.default\">\n\t\t\t\t<div class=\"elementor-widget-container\">\n\t\t\t\t\t\t\t\t\t<h2>MainWP Google Analytics Extension<\/h2><p>MainWP Google Analytics Extension le brinda la posibilidad de ver sus datos de Google Analytics para sus sitios secundarios en su Panel de control de MainWP. MainWP Google Analytics Extension agrega un widget a su tablero principal desde donde puede monitorear los datos de Google Analytics.<\/p><h3><strong>\u00bfPor qu\u00e9 deber\u00eda importarle?<\/strong><\/h3><p>MainWP Google Analytics Extension le brinda la posibilidad de ver sus datos de Google Analytics para sus sitios secundarios en su Panel de control de MainWP. Agrega un widget a la p\u00e1gina de descripci\u00f3n general donde puede monitorear los datos de Google Analytics.<\/p><p>Este widget proporciona el n\u00famero de visitantes en sitios web con un desglose porcentual de esa fuente de tr\u00e1fico.\u00a0Le mostrar\u00e1 r\u00e1pida y f\u00e1cilmente informaci\u00f3n sobre sus incrementos en el tr\u00e1fico, particularmente de fuentes sociales y de referencia.\u00a0Cuando vea un aumento en el n\u00famero de usuarios activos, este widget le permitir\u00e1 comprender de d\u00f3nde vienen los visitantes.<\/p><h3><strong>Utilice esta extensi\u00f3n para ver:<\/strong><\/h3><ul><li>Visitas<\/li><li>P\u00e1ginas \/ Visita<\/li><li>Porcentaje de rebote<\/li><li>Tiempo promedio en el sitio<\/li><li>Visitas nuevas<\/li><\/ul><h3><strong>Aumente sus ventas<\/strong><\/h3><p>Al conocer mejor a sus visitantes, podr\u00e1 mejorar su negocio.<\/p><h3><strong>Realice un seguimiento de las estad\u00edsticas desde un solo lugar<\/strong><\/h3><p>Controle todas las estad\u00edsticas desde un Panel de control central para todos sus sitios.<\/p><h3><strong>Conozca a su audiencia<\/strong><\/h3><p>Esta extensi\u00f3n le ayudar\u00e1 a analizar el tr\u00e1fico de visitantes y conocer sus necesidades.<\/p><h3><strong>Siga el camino de sus clientes<\/strong><\/h3><p>Descubra de d\u00f3nde vienen sus visitantes. Puede ser tan importante como qui\u00e9nes son.<\/p><p>\u00a1Obtenga ahora MainWP Google Analytics Extension!<\/p>\t\t\t\t\t\t\t\t<\/div>\n\t\t\t\t<\/div>\n\t\t\t\t\t<\/div>\n\t\t\t\t<\/div>\n\t\t\t\t<\/div>","protected":false},"excerpt":{"rendered":"<p>MainWP Google Analytics Extension MainWP Google Analytics Extension le brinda la posibilidad de ver sus datos de Google Analytics para<\/p>","protected":false},"featured_media":119137,"comment_status":"closed","ping_status":"closed","template":"","meta":{"_acf_changed":false},"product_brand":[],"product_cat":[67],"product_tag":[195],"class_list":{"0":"post-12131","1":"product","2":"type-product","3":"status-publish","4":"has-post-thumbnail","6":"product_cat-wordpress-plugins","7":"product_tag-plugins-para-multisitio","8":"pa_autores-mainwp","10":"first","11":"instock","12":"sale","13":"downloadable","14":"virtual","15":"sold-individually","16":"purchasable","17":"product-type-simple"},"acf":[],"_links":{"self":[{"href":"https:\/\/wpclub.pro\/en\/wp-json\/wp\/v2\/product\/12131","targetHints":{"allow":["GET"]}}],"collection":[{"href":"https:\/\/wpclub.pro\/en\/wp-json\/wp\/v2\/product"}],"about":[{"href":"https:\/\/wpclub.pro\/en\/wp-json\/wp\/v2\/types\/product"}],"replies":[{"embeddable":true,"href":"https:\/\/wpclub.pro\/en\/wp-json\/wp\/v2\/comments?post=12131"}],"version-history":[{"count":0,"href":"https:\/\/wpclub.pro\/en\/wp-json\/wp\/v2\/product\/12131\/revisions"}],"wp:featuredmedia":[{"embeddable":true,"href":"https:\/\/wpclub.pro\/en\/wp-json\/wp\/v2\/media\/119137"}],"wp:attachment":[{"href":"https:\/\/wpclub.pro\/en\/wp-json\/wp\/v2\/media?parent=12131"}],"wp:term":[{"taxonomy":"product_brand","embeddable":true,"href":"https:\/\/wpclub.pro\/en\/wp-json\/wp\/v2\/product_brand?post=12131"},{"taxonomy":"product_cat","embeddable":true,"href":"https:\/\/wpclub.pro\/en\/wp-json\/wp\/v2\/product_cat?post=12131"},{"taxonomy":"product_tag","embeddable":true,"href":"https:\/\/wpclub.pro\/en\/wp-json\/wp\/v2\/product_tag?post=12131"}],"curies":[{"name":"wp","href":"https:\/\/api.w.org\/{rel}","templated":true}]}}