{"id":12133,"date":"2026-05-04T14:33:45","date_gmt":"2026-05-04T18:33:45","guid":{"rendered":"https:\/\/wpclub.pro\/producto\/mainwp-comments-extension\/"},"modified":"2026-05-04T14:36:19","modified_gmt":"2026-05-04T18:36:19","slug":"mainwp-comments-extension","status":"publish","type":"product","link":"https:\/\/wpclub.pro\/en\/item\/mainwp-comments-extension\/","title":{"rendered":"MainWP Comments Extension 6.0"},"content":{"rendered":"<div data-elementor-type=\"product-post\" data-elementor-id=\"12133\" class=\"elementor elementor-12133\" data-elementor-post-type=\"product\">\n\t\t\t\t<div class=\"wd-negative-gap elementor-element elementor-element-5f141343 e-flex e-con-boxed e-con e-parent\" data-id=\"5f141343\" data-element_type=\"container\" data-e-type=\"container\">\n\t\t\t\t\t<div class=\"e-con-inner\">\n\t\t\t\t<div class=\"elementor-element elementor-element-2cd07eae color-scheme-inherit text-left elementor-widget elementor-widget-text-editor\" data-id=\"2cd07eae\" data-element_type=\"widget\" data-e-type=\"widget\" data-widget_type=\"text-editor.default\">\n\t\t\t\t<div class=\"elementor-widget-container\">\n\t\t\t\t\t\t\t\t\t<h2>MainWP Comments Extension<\/h2><p><strong>Administre todos los comentarios en sus sitios desde una ubicaci\u00f3n central<\/strong><br \/>Olv\u00eddese de iniciar sesi\u00f3n en todos sus sitios para moderar los comentarios. MainWP Comments Extension\u00a0le permite:<\/p><ul><li>Aprobar<\/li><li>Desaprobar<\/li><li>Marcar como correo no deseado<\/li><li>Des-spam<\/li><li>Editar<\/li><li>Borrar<\/li><\/ul><p>Con MainWP Comments Extension, comente todos sus sitios secundarios desde un solo lugar. Al usar acciones masivas, ahorrar\u00e1 tiempo para tareas m\u00e1s cr\u00edticas o, si lo prefiere, a\u00fan puede moderar sus comentarios uno por uno.<\/p><p><strong>El widget de comentarios recientes<\/strong><br \/>Una gran adici\u00f3n a esta extensi\u00f3n es el widget de comentarios recientes.\u00a0Siempre podr\u00e1 realizar un seguimiento de los \u00faltimos comentarios Aprobados, Pendientes y Eliminados en sus sitios.\u00a0Tambi\u00e9n puede utilizar los enlaces proporcionados para moderar r\u00e1pidamente los comentarios m\u00e1s recientes.<\/p><p><strong>Acelere el proceso de moderaci\u00f3n en su red<\/strong><br \/>Evite iniciar sesi\u00f3n en cada uno de sus sitios por separado y administre todos los comentarios desde un panel central.<\/p><p><strong>Est\u00e9 atento a los \u00faltimos comentarios en sus sitios<\/strong><br \/>No se pierda m\u00e1s los comentarios. El widget de comentarios recientes le mostrar\u00e1 todos los comentarios recientes.<\/p><p><strong>Moderar comentarios en masa<\/strong><br \/>Nuestras acciones en masa le permiten administrar todos los comentarios seleccionados en todos los sitios seleccionados al mismo tiempo.<\/p><p><strong>B\u00fasqueda inteligente<\/strong><br \/>\u00bfNecesita encontrar un comentario espec\u00edfico?\u00a0No hay problema, puede restringir su b\u00fasqueda por rango de fechas y palabras clave.<\/p><p>Obtenga ahora MainWP Comments Extension.<\/p>\t\t\t\t\t\t\t\t<\/div>\n\t\t\t\t<\/div>\n\t\t\t\t\t<\/div>\n\t\t\t\t<\/div>\n\t\t\t\t<\/div>","protected":false},"excerpt":{"rendered":"<p>MainWP Comments Extension Administre todos los comentarios en sus sitios desde una ubicaci\u00f3n central Olv\u00eddese de iniciar sesi\u00f3n en todos<\/p>","protected":false},"featured_media":119604,"comment_status":"closed","ping_status":"closed","template":"","meta":{"_acf_changed":false},"product_brand":[],"product_cat":[67],"product_tag":[195],"class_list":{"0":"post-12133","1":"product","2":"type-product","3":"status-publish","4":"has-post-thumbnail","6":"product_cat-wordpress-plugins","7":"product_tag-plugins-para-multisitio","8":"pa_autores-mainwp","10":"first","11":"instock","12":"sale","13":"downloadable","14":"virtual","15":"sold-individually","16":"purchasable","17":"product-type-simple"},"acf":[],"_links":{"self":[{"href":"https:\/\/wpclub.pro\/en\/wp-json\/wp\/v2\/product\/12133","targetHints":{"allow":["GET"]}}],"collection":[{"href":"https:\/\/wpclub.pro\/en\/wp-json\/wp\/v2\/product"}],"about":[{"href":"https:\/\/wpclub.pro\/en\/wp-json\/wp\/v2\/types\/product"}],"replies":[{"embeddable":true,"href":"https:\/\/wpclub.pro\/en\/wp-json\/wp\/v2\/comments?post=12133"}],"version-history":[{"count":0,"href":"https:\/\/wpclub.pro\/en\/wp-json\/wp\/v2\/product\/12133\/revisions"}],"wp:featuredmedia":[{"embeddable":true,"href":"https:\/\/wpclub.pro\/en\/wp-json\/wp\/v2\/media\/119604"}],"wp:attachment":[{"href":"https:\/\/wpclub.pro\/en\/wp-json\/wp\/v2\/media?parent=12133"}],"wp:term":[{"taxonomy":"product_brand","embeddable":true,"href":"https:\/\/wpclub.pro\/en\/wp-json\/wp\/v2\/product_brand?post=12133"},{"taxonomy":"product_cat","embeddable":true,"href":"https:\/\/wpclub.pro\/en\/wp-json\/wp\/v2\/product_cat?post=12133"},{"taxonomy":"product_tag","embeddable":true,"href":"https:\/\/wpclub.pro\/en\/wp-json\/wp\/v2\/product_tag?post=12133"}],"curies":[{"name":"wp","href":"https:\/\/api.w.org\/{rel}","templated":true}]}}