{"id":12136,"date":"2026-03-06T10:31:49","date_gmt":"2026-03-06T13:31:49","guid":{"rendered":"https:\/\/wpclub.pro\/producto\/mainwp-favorites-extension\/"},"modified":"2026-03-06T10:32:19","modified_gmt":"2026-03-06T13:32:19","slug":"mainwp-favorites-extension","status":"publish","type":"product","link":"https:\/\/wpclub.pro\/en\/item\/mainwp-favorites-extension\/","title":{"rendered":"MainWP Favorites Extension 5.3.1"},"content":{"rendered":"<div data-elementor-type=\"product-post\" data-elementor-id=\"12136\" class=\"elementor elementor-12136\" data-elementor-post-type=\"product\">\n\t\t\t\t<div class=\"wd-negative-gap elementor-element elementor-element-7a92db9f e-flex e-con-boxed e-con e-parent\" data-id=\"7a92db9f\" data-element_type=\"container\" data-e-type=\"container\">\n\t\t\t\t\t<div class=\"e-con-inner\">\n\t\t\t\t<div class=\"elementor-element elementor-element-1ff2032a color-scheme-inherit text-left elementor-widget elementor-widget-text-editor\" data-id=\"1ff2032a\" data-element_type=\"widget\" data-e-type=\"widget\" data-widget_type=\"text-editor.default\">\n\t\t\t\t<div class=\"elementor-widget-container\">\n\t\t\t\t\t\t\t\t\t<h2>MainWP Favorites Extension<\/h2><p>MainWP Favorites Extension le permite almacenar complementos y temas de uso frecuente para una instalaci\u00f3n r\u00e1pida y f\u00e1cil en un sitio. Adem\u00e1s, dado que esos favoritos se almacenan localmente en su Panel de control y NO usa la API de favoritos de WordPress.org, su privacidad se mantiene.<\/p><h3><strong>Mantenga sus complementos y temas favoritos bien organizados y siempre disponibles con MainWP Favorites Extension.<\/strong><\/h3><p>\u00a1No m\u00e1s b\u00fasquedas o tratando de recordar el nombre de todos los complementos y temas que usa regularmente!<\/p><p>MainWP Favorites Extension incluso le permite agrupar sus complementos y temas seg\u00fan los criterios que desee.<\/p><h3><strong>Con MainWP Favorites Extension, puede:<\/strong><\/h3><ul><li>Almacene sus temas favoritos<\/li><li>Almacene sus complementos favoritos<\/li><li>Organice sus temas favoritos en grupos<\/li><li>Organice sus complementos favoritos en grupos<\/li><li>Instale complementos individuales r\u00e1pidamente<\/li><li>Instale temas individuales r\u00e1pidamente<\/li><li>Instale r\u00e1pidamente grupos de complementos<\/li><li>Instalar grupos de temas r\u00e1pidamente<\/li><\/ul><h3><strong>Acelere el proceso de instalaci\u00f3n <\/strong><\/h3><p>Tenga siempre las \u00faltimas versiones de sus complementos y temas favoritos listas para instalar en los sitios de sus hijos.<\/p><h3><strong>Mantenga sus complementos y temas preparados<\/strong><\/h3><p>Almacene los temas y complementos favoritos en su servidor local. Olv\u00eddate de buscarlos de nuevo.<\/p><h3><strong>Instale un grupo completo a la vez<\/strong><\/h3><p>Organice el tema y los complementos en grupos e inst\u00e1lelos a la vez, no uno por uno.<\/p><h3><strong>Proceso de configuraci\u00f3n r\u00e1pida<\/strong><\/h3><p>Agregue complementos y temas a favoritos en cualquier momento mientras los instala en un ni\u00f1o o c\u00e1rguelos manualmente.<\/p><p>Obtenga ahora MainWP Favorites Extension.<\/p>\t\t\t\t\t\t\t\t<\/div>\n\t\t\t\t<\/div>\n\t\t\t\t\t<\/div>\n\t\t\t\t<\/div>\n\t\t\t\t<\/div>","protected":false},"excerpt":{"rendered":"<p>MainWP Favorites Extension MainWP Favorites Extension le permite almacenar complementos y temas de uso frecuente para una instalaci\u00f3n r\u00e1pida y<\/p>","protected":false},"featured_media":117966,"comment_status":"closed","ping_status":"closed","template":"","meta":{"_acf_changed":false},"product_brand":[],"product_cat":[67],"product_tag":[195],"class_list":{"0":"post-12136","1":"product","2":"type-product","3":"status-publish","4":"has-post-thumbnail","6":"product_cat-wordpress-plugins","7":"product_tag-plugins-para-multisitio","8":"pa_autores-mainwp","10":"first","11":"instock","12":"sale","13":"downloadable","14":"virtual","15":"sold-individually","16":"purchasable","17":"product-type-simple"},"acf":[],"_links":{"self":[{"href":"https:\/\/wpclub.pro\/en\/wp-json\/wp\/v2\/product\/12136","targetHints":{"allow":["GET"]}}],"collection":[{"href":"https:\/\/wpclub.pro\/en\/wp-json\/wp\/v2\/product"}],"about":[{"href":"https:\/\/wpclub.pro\/en\/wp-json\/wp\/v2\/types\/product"}],"replies":[{"embeddable":true,"href":"https:\/\/wpclub.pro\/en\/wp-json\/wp\/v2\/comments?post=12136"}],"version-history":[{"count":0,"href":"https:\/\/wpclub.pro\/en\/wp-json\/wp\/v2\/product\/12136\/revisions"}],"wp:featuredmedia":[{"embeddable":true,"href":"https:\/\/wpclub.pro\/en\/wp-json\/wp\/v2\/media\/117966"}],"wp:attachment":[{"href":"https:\/\/wpclub.pro\/en\/wp-json\/wp\/v2\/media?parent=12136"}],"wp:term":[{"taxonomy":"product_brand","embeddable":true,"href":"https:\/\/wpclub.pro\/en\/wp-json\/wp\/v2\/product_brand?post=12136"},{"taxonomy":"product_cat","embeddable":true,"href":"https:\/\/wpclub.pro\/en\/wp-json\/wp\/v2\/product_cat?post=12136"},{"taxonomy":"product_tag","embeddable":true,"href":"https:\/\/wpclub.pro\/en\/wp-json\/wp\/v2\/product_tag?post=12136"}],"curies":[{"name":"wp","href":"https:\/\/api.w.org\/{rel}","templated":true}]}}