{"id":12138,"date":"2026-03-20T11:13:02","date_gmt":"2026-03-20T14:13:02","guid":{"rendered":"https:\/\/wpclub.pro\/producto\/mainwp-maintenance-extension\/"},"modified":"2026-03-20T11:17:12","modified_gmt":"2026-03-20T14:17:12","slug":"mainwp-maintenance-extension","status":"publish","type":"product","link":"https:\/\/wpclub.pro\/en\/item\/mainwp-maintenance-extension\/","title":{"rendered":"MainWP Maintenance Extension 5.1.1"},"content":{"rendered":"<div data-elementor-type=\"product-post\" data-elementor-id=\"12138\" class=\"elementor elementor-12138\" data-elementor-post-type=\"product\">\n\t\t\t\t<div class=\"wd-negative-gap elementor-element elementor-element-5b152d1e e-flex e-con-boxed e-con e-parent\" data-id=\"5b152d1e\" data-element_type=\"container\" data-e-type=\"container\">\n\t\t\t\t\t<div class=\"e-con-inner\">\n\t\t\t\t<div class=\"elementor-element elementor-element-4440d5ee color-scheme-inherit text-left elementor-widget elementor-widget-text-editor\" data-id=\"4440d5ee\" data-element_type=\"widget\" data-e-type=\"widget\" data-widget_type=\"text-editor.default\">\n\t\t\t\t<div class=\"elementor-widget-container\">\n\t\t\t\t\t\t\t\t\t<h2>MainWP Maintenance Extension<\/h2><p>MainWP Maintenance Extension es una extensi\u00f3n de MainWP que le permite limpiar las bases de datos de sus sitios secundarios.\u00a0Con solo unos pocos clics, puede eliminar f\u00e1cilmente todas las revisiones de publicaciones, borradores autom\u00e1ticos, publicaciones en la papelera, comentarios de spam y eliminar todo el contenido no deseado de varias bases de datos a la vez.<\/p><p><strong>\u00bfQu\u00e9 opciones de mantenimiento son compatibles?<\/strong><\/p><ul><li>Eliminar todas las revisiones de publicaciones<\/li><li>Eliminar todas las publicaciones de borradores autom\u00e1ticos<\/li><li>Eliminar publicaciones de la papelera<\/li><li>Eliminar comentarios de spam<\/li><li>Eliminar comentarios pendientes<\/li><li>Eliminar comentarios de la papelera<\/li><li>Eliminar etiquetas con 0 publicaciones asociadas<\/li><li>Eliminar categor\u00edas con 0 publicaciones asociadas<\/li><li>Optimizar las tablas de la base de datos<\/li><\/ul><p><strong>Borre todo el contenido no deseado y optimice las tablas de su base de datos.<\/strong><br \/>MainWP Maintenance Extension es una extensi\u00f3n de MainWP que le permite limpiar las bases de datos de sus sitios secundarios.\u00a0Con solo unos pocos clics, puede eliminar r\u00e1pidamente todas las revisiones de publicaciones, borradores autom\u00e1ticos, publicaciones en la papelera, comentarios no deseados y eliminar todo el contenido no deseado de varias bases de datos a la vez.<\/p><p>Eso no es todo; Nuestro sistema de programaci\u00f3n intuitivo le permitir\u00e1 programar m\u00faltiples tareas y limpiar sus sitios con regularidad. MainWP Maintenance Extension realizar\u00e1 autom\u00e1ticamente el mantenimiento seg\u00fan sus instrucciones.<\/p><p>Otra gran caracter\u00edstica que proporciona MainWP Maintenance Extension es la optimizaci\u00f3n de la base de datos; Con solo hacer clic en un bot\u00f3n, puede optimizar r\u00e1pidamente todas las bases de datos de su sitio secundario para reducir el espacio de almacenamiento y aumentar la eficiencia de E \/ S.<\/p><p><strong>\u00bfPor qu\u00e9 deber\u00eda utilizar MainWP Maintenance Extension?<\/strong><br \/>WordPress agrega o modifica la base de datos de su sitio con pr\u00e1cticamente todo lo que hace.\u00a0Muchos de estos cambios no necesitan ser guardados, inflar\u00e1n su base de datos y ralentizar\u00e1n su sitio web.<\/p><p>Google, otros motores de b\u00fasqueda y sus usuarios est\u00e1n obsesionados con la velocidad del sitio, y es un factor esencial de sus algoritmos de clasificaci\u00f3n de b\u00fasqueda.\u00a0La extensi\u00f3n de mantenimiento de MainWP le permite automatizar esta limpieza r\u00e1pida y f\u00e1cilmente en todos sus sitios secundarios.<\/p><p><strong>Alertas 404 por correo electr\u00f3nico<\/strong><br \/>No es necesario buscar manualmente los errores 404;\u00a0esta extensi\u00f3n le permite monitorear los sitios de sus hijos en busca de errores 404.\u00a0Le enviar\u00e1 un correo electr\u00f3nico tan pronto como alguien acceda a una p\u00e1gina que no existe en su sitio secundario.<\/p><p><strong>Acelere su sitio<\/strong><br \/>Disminuya el tiempo de carga de su sitio web optimizando una base de datos y eliminando todo el contenido irrelevante con regularidad.<\/p><p><strong>Ahorre espacio de almacenamiento<\/strong><br \/>MySQL es una base de datos excelente, pero no se limpia sola.\u00a0Esta extensi\u00f3n le permitir\u00e1 evitar el desperdicio de espacio en su base de datos.<\/p><p><strong>Mejor rango de b\u00fasqueda <\/strong><\/p><p>A todos los motores de b\u00fasqueda les encantan los sitios web r\u00e1pidos.\u00a0El uso de esta extensi\u00f3n puede ayudar a acelerar su sitio, posiblemente contribuyendo a aumentar su clasificaci\u00f3n.<\/p><p><strong>Mayor eficiencia<\/strong><br \/>Si su sitio es lento, puede perder visitantes.\u00a0Los visitantes son tr\u00e1fico, el tr\u00e1fico afecta la reputaci\u00f3n y potencialmente pueden generar ingresos.<\/p><p>Obtenga ahora MainWP Maintenance Extension!<\/p>\t\t\t\t\t\t\t\t<\/div>\n\t\t\t\t<\/div>\n\t\t\t\t\t<\/div>\n\t\t\t\t<\/div>\n\t\t\t\t<\/div>","protected":false},"excerpt":{"rendered":"<p>MainWP Maintenance Extension MainWP Maintenance Extension es una extensi\u00f3n de MainWP que le permite limpiar las bases de datos de<\/p>","protected":false},"featured_media":120420,"comment_status":"closed","ping_status":"closed","template":"","meta":{"_acf_changed":false},"product_brand":[],"product_cat":[67],"product_tag":[153],"class_list":{"0":"post-12138","1":"product","2":"type-product","3":"status-publish","4":"has-post-thumbnail","6":"product_cat-wordpress-plugins","7":"product_tag-utilidades","8":"pa_autores-mainwp","10":"first","11":"instock","12":"sale","13":"downloadable","14":"virtual","15":"sold-individually","16":"purchasable","17":"product-type-simple"},"acf":[],"_links":{"self":[{"href":"https:\/\/wpclub.pro\/en\/wp-json\/wp\/v2\/product\/12138","targetHints":{"allow":["GET"]}}],"collection":[{"href":"https:\/\/wpclub.pro\/en\/wp-json\/wp\/v2\/product"}],"about":[{"href":"https:\/\/wpclub.pro\/en\/wp-json\/wp\/v2\/types\/product"}],"replies":[{"embeddable":true,"href":"https:\/\/wpclub.pro\/en\/wp-json\/wp\/v2\/comments?post=12138"}],"version-history":[{"count":0,"href":"https:\/\/wpclub.pro\/en\/wp-json\/wp\/v2\/product\/12138\/revisions"}],"wp:featuredmedia":[{"embeddable":true,"href":"https:\/\/wpclub.pro\/en\/wp-json\/wp\/v2\/media\/120420"}],"wp:attachment":[{"href":"https:\/\/wpclub.pro\/en\/wp-json\/wp\/v2\/media?parent=12138"}],"wp:term":[{"taxonomy":"product_brand","embeddable":true,"href":"https:\/\/wpclub.pro\/en\/wp-json\/wp\/v2\/product_brand?post=12138"},{"taxonomy":"product_cat","embeddable":true,"href":"https:\/\/wpclub.pro\/en\/wp-json\/wp\/v2\/product_cat?post=12138"},{"taxonomy":"product_tag","embeddable":true,"href":"https:\/\/wpclub.pro\/en\/wp-json\/wp\/v2\/product_tag?post=12138"}],"curies":[{"name":"wp","href":"https:\/\/api.w.org\/{rel}","templated":true}]}}