{"id":12144,"date":"2025-04-30T15:37:29","date_gmt":"2025-04-30T19:37:29","guid":{"rendered":"https:\/\/wpclub.pro\/producto\/mainwp-boilerplate-extension\/"},"modified":"2025-04-30T15:39:43","modified_gmt":"2025-04-30T19:39:43","slug":"mainwp-boilerplate-extension","status":"publish","type":"product","link":"https:\/\/wpclub.pro\/en\/item\/mainwp-boilerplate-extension\/","title":{"rendered":"MainWP Boilerplate Extension 5.0.3"},"content":{"rendered":"<div data-elementor-type=\"product-post\" data-elementor-id=\"12144\" class=\"elementor elementor-12144\" data-elementor-post-type=\"product\">\n\t\t\t\t<div class=\"wd-negative-gap elementor-element elementor-element-72936752 e-flex e-con-boxed e-con e-parent\" data-id=\"72936752\" data-element_type=\"container\" data-e-type=\"container\">\n\t\t\t\t\t<div class=\"e-con-inner\">\n\t\t\t\t<div class=\"elementor-element elementor-element-3fd89c7f color-scheme-inherit text-left elementor-widget elementor-widget-text-editor\" data-id=\"3fd89c7f\" data-element_type=\"widget\" data-e-type=\"widget\" data-widget_type=\"text-editor.default\">\n\t\t\t\t<div class=\"elementor-widget-container\">\n\t\t\t\t\t\t\t\t\t<h2>MainWP Boilerplate Extension<\/h2><p>MainWP Boilerplate Extension es la soluci\u00f3n perfecta para las p\u00e1ginas que se repiten con frecuencia, como su \u00abPol\u00edtica de privacidad\u00bb, \u00abAcerca de nosotros\u00bb, \u00abCondiciones de uso\u00bb, \u00abPol\u00edtica de soporte\u00bb o cualquier otra p\u00e1gina con texto est\u00e1ndar que deba distribuirse en su la red.<\/p><h3><strong>\u00bfQu\u00e9 es MainWP Boilerplate Extension?<\/strong><\/h3><p>MainWP Boilerplate Extension le brinda la capacidad de crear r\u00e1pidamente, editar y eliminar p\u00e1ginas o publicaciones repetitivas en su red de sitios secundarios.<\/p><p>Con los marcadores de posici\u00f3n disponibles (tokens), puede personalizar estas p\u00e1ginas para cada sitio.<\/p><h3><strong>\u00bfC\u00f3mo funciona la extensi\u00f3n repetitiva?<\/strong><\/h3><p>Despu\u00e9s de instalar MainWP Boilerplate Extension, puede crear marcadores de posici\u00f3n personalizados (Tokens) que necesitar\u00e1 en sus p\u00e1ginas y publicaciones de uso com\u00fan. Para cada uno de sus sitios secundarios, agregue valores para los tokens. Cuando finalice la configuraci\u00f3n, puede crear una p\u00e1gina con estos marcadores de posici\u00f3n y publicarla en todos los sitios deseados. En cada sitio secundario, los marcadores de posici\u00f3n se reemplazar\u00e1n con los valores personalizados para el sitio.<\/p><p>Todas sus p\u00e1ginas y publicaciones est\u00e1ndar se guardar\u00e1n y ser\u00e1n completamente editables.\u00a0Con solo unos pocos clics, podr\u00e1 modificar una p\u00e1gina en todos sus sitios a la vez.<\/p><p>Utilice la extensi\u00f3n est\u00e1ndar de MainWP para:<\/p><ul><li>Crear, editar y eliminar p\u00e1ginas de uso com\u00fan<\/li><li>Crear, editar y eliminar publicaciones de uso com\u00fan<\/li><\/ul><p>\u00a1Obtenga ahora MainWP Boilerplate<\/p>\t\t\t\t\t\t\t\t<\/div>\n\t\t\t\t<\/div>\n\t\t\t\t\t<\/div>\n\t\t\t\t<\/div>\n\t\t\t\t<\/div>","protected":false},"excerpt":{"rendered":"<p>MainWP Boilerplate Extension MainWP Boilerplate Extension es la soluci\u00f3n perfecta para las p\u00e1ginas que se repiten con frecuencia, como su<\/p>","protected":false},"featured_media":76152,"comment_status":"closed","ping_status":"closed","template":"","meta":{"_acf_changed":false},"product_brand":[],"product_cat":[67],"product_tag":[153],"class_list":{"0":"post-12144","1":"product","2":"type-product","3":"status-publish","4":"has-post-thumbnail","6":"product_cat-wordpress-plugins","7":"product_tag-utilidades","8":"pa_autores-mainwp","10":"first","11":"instock","12":"sale","13":"downloadable","14":"virtual","15":"sold-individually","16":"purchasable","17":"product-type-simple"},"acf":[],"_links":{"self":[{"href":"https:\/\/wpclub.pro\/en\/wp-json\/wp\/v2\/product\/12144","targetHints":{"allow":["GET"]}}],"collection":[{"href":"https:\/\/wpclub.pro\/en\/wp-json\/wp\/v2\/product"}],"about":[{"href":"https:\/\/wpclub.pro\/en\/wp-json\/wp\/v2\/types\/product"}],"replies":[{"embeddable":true,"href":"https:\/\/wpclub.pro\/en\/wp-json\/wp\/v2\/comments?post=12144"}],"version-history":[{"count":0,"href":"https:\/\/wpclub.pro\/en\/wp-json\/wp\/v2\/product\/12144\/revisions"}],"wp:featuredmedia":[{"embeddable":true,"href":"https:\/\/wpclub.pro\/en\/wp-json\/wp\/v2\/media\/76152"}],"wp:attachment":[{"href":"https:\/\/wpclub.pro\/en\/wp-json\/wp\/v2\/media?parent=12144"}],"wp:term":[{"taxonomy":"product_brand","embeddable":true,"href":"https:\/\/wpclub.pro\/en\/wp-json\/wp\/v2\/product_brand?post=12144"},{"taxonomy":"product_cat","embeddable":true,"href":"https:\/\/wpclub.pro\/en\/wp-json\/wp\/v2\/product_cat?post=12144"},{"taxonomy":"product_tag","embeddable":true,"href":"https:\/\/wpclub.pro\/en\/wp-json\/wp\/v2\/product_tag?post=12144"}],"curies":[{"name":"wp","href":"https:\/\/api.w.org\/{rel}","templated":true}]}}