{"id":12151,"date":"2025-03-13T12:06:44","date_gmt":"2025-03-13T15:06:44","guid":{"rendered":"https:\/\/wpclub.pro\/producto\/mainwp-file-uploader-extension\/"},"modified":"2025-03-13T12:09:00","modified_gmt":"2025-03-13T15:09:00","slug":"mainwp-file-uploader-extension","status":"publish","type":"product","link":"https:\/\/wpclub.pro\/en\/item\/mainwp-file-uploader-extension\/","title":{"rendered":"MainWP File Uploader Extension 5.0.2"},"content":{"rendered":"<div data-elementor-type=\"product-post\" data-elementor-id=\"12151\" class=\"elementor elementor-12151\" data-elementor-post-type=\"product\">\n\t\t\t\t<div class=\"wd-negative-gap elementor-element elementor-element-5e9eaa67 e-flex e-con-boxed e-con e-parent\" data-id=\"5e9eaa67\" data-element_type=\"container\" data-e-type=\"container\">\n\t\t\t\t\t<div class=\"e-con-inner\">\n\t\t\t\t<div class=\"elementor-element elementor-element-44ca57c5 color-scheme-inherit text-left elementor-widget elementor-widget-text-editor\" data-id=\"44ca57c5\" data-element_type=\"widget\" data-e-type=\"widget\" data-widget_type=\"text-editor.default\">\n\t\t\t\t<div class=\"elementor-widget-container\">\n\t\t\t\t\t\t\t\t\t<h2>MainWP File Uploader Extension<\/h2>\n<h3><strong>La forma m\u00e1s r\u00e1pida de cargar archivos en sus sitios de WordPress<\/strong><\/h3>\n<p>MainWP File Uploader Extension es una forma sencilla de cargar archivos en sus sitios secundarios desde una ubicaci\u00f3n centralizada. MainWP File Uploader le brinda la capacidad de cargar varios archivos en todos sus sitios secundarios simult\u00e1neamente.<\/p>\n<p>Hay varias formas de cargar archivos en sus servidores, pero MainWP File Uploader Extension es la \u00fanica forma que no requiere iniciar sesi\u00f3n en el cPanel o FTP de cada sitio individualmente. Con solo unos pocos clics, puede cargar un archivo en cualquiera de sus sitios (consulte los tipos de archivos admitidos a continuaci\u00f3n).<\/p>\n<h3><strong>Con MainWP File Uploader Extension<\/strong><\/h3>\n<ul>\n<li>Subir archivos a varios sitios a la vez<\/li>\n<li>Sube varios archivos a varios sitios web a la vez<\/li>\n<li>Usar carpetas existentes o crear nuevas<\/li>\n<li>sobrescribir archivos existentes<\/li>\n<\/ul>\n<h3><strong>Tipos de archivos admitidos<\/strong><\/h3>\n<ul>\n<li>.php<\/li>\n<li>.css<\/li>\n<li>.xml<\/li>\n<li>.js<\/li>\n<li>.TXT<\/li>\n<li>.C\u00f3digo Postal<\/li>\n<li>.rar<\/li>\n<li>.ico<\/li>\n<li>.html<\/li>\n<li>.correos<\/li>\n<li>.mes<\/li>\n<li>.jpg<\/li>\n<li>.jpeg<\/li>\n<li>.png<\/li>\n<li>.bmp<\/li>\n<li>.gif<\/li>\n<li>.pdf<\/li>\n<li>.doc, .docx<\/li>\n<li>.ppt, .pptx, .pps, .ppsx<\/li>\n<li>.odt<\/li>\n<li>.xls, .xlsx<\/li>\n<li>.mp3<\/li>\n<li>.m4a<\/li>\n<li>.ogg<\/li>\n<li>.wav<\/li>\n<li>.mp4, .m4v<\/li>\n<li>.mov<\/li>\n<li>.wmv<\/li>\n<li>.avi<\/li>\n<li>mpg<\/li>\n<li>.ogv<\/li>\n<li>.3gp<\/li>\n<li>.3g2<\/li>\n<\/ul>\n<h3><strong>Save time<\/strong><\/h3>\n<p>Cargue varios archivos en varios sitios a la vez.<\/p>\n<h3><strong>Acelere su flujo de trabajo<\/strong><\/h3>\n<p>Env\u00ede archivos repetitivos a todos los sitios desde una \u00fanica ubicaci\u00f3n centralizada.<\/p>\n<h3><strong>Acelere el proceso de clonaci\u00f3n o restauraci\u00f3n<\/strong><\/h3>\n<p>Env\u00ede r\u00e1pidamente sus archivos de copia de seguridad a sus sitios secundarios.<\/p>\n<p>Obtenga ahora MainWP File Uploader Extension.<\/p>\t\t\t\t\t\t\t\t<\/div>\n\t\t\t\t<\/div>\n\t\t\t\t\t<\/div>\n\t\t\t\t<\/div>\n\t\t\t\t<\/div>","protected":false},"excerpt":{"rendered":"<p>MainWP File Uploader Extension La forma m\u00e1s r\u00e1pida de cargar archivos en sus sitios de WordPress MainWP File Uploader Extension<\/p>","protected":false},"featured_media":71691,"comment_status":"closed","ping_status":"closed","template":"","meta":{"_acf_changed":false},"product_brand":[],"product_cat":[67],"product_tag":[195],"class_list":{"0":"post-12151","1":"product","2":"type-product","3":"status-publish","4":"has-post-thumbnail","6":"product_cat-wordpress-plugins","7":"product_tag-plugins-para-multisitio","8":"pa_autores-mainwp","10":"first","11":"instock","12":"sale","13":"downloadable","14":"virtual","15":"sold-individually","16":"purchasable","17":"product-type-simple"},"acf":[],"_links":{"self":[{"href":"https:\/\/wpclub.pro\/en\/wp-json\/wp\/v2\/product\/12151","targetHints":{"allow":["GET"]}}],"collection":[{"href":"https:\/\/wpclub.pro\/en\/wp-json\/wp\/v2\/product"}],"about":[{"href":"https:\/\/wpclub.pro\/en\/wp-json\/wp\/v2\/types\/product"}],"replies":[{"embeddable":true,"href":"https:\/\/wpclub.pro\/en\/wp-json\/wp\/v2\/comments?post=12151"}],"version-history":[{"count":0,"href":"https:\/\/wpclub.pro\/en\/wp-json\/wp\/v2\/product\/12151\/revisions"}],"wp:featuredmedia":[{"embeddable":true,"href":"https:\/\/wpclub.pro\/en\/wp-json\/wp\/v2\/media\/71691"}],"wp:attachment":[{"href":"https:\/\/wpclub.pro\/en\/wp-json\/wp\/v2\/media?parent=12151"}],"wp:term":[{"taxonomy":"product_brand","embeddable":true,"href":"https:\/\/wpclub.pro\/en\/wp-json\/wp\/v2\/product_brand?post=12151"},{"taxonomy":"product_cat","embeddable":true,"href":"https:\/\/wpclub.pro\/en\/wp-json\/wp\/v2\/product_cat?post=12151"},{"taxonomy":"product_tag","embeddable":true,"href":"https:\/\/wpclub.pro\/en\/wp-json\/wp\/v2\/product_tag?post=12151"}],"curies":[{"name":"wp","href":"https:\/\/api.w.org\/{rel}","templated":true}]}}