{"id":12156,"date":"2025-02-14T09:59:24","date_gmt":"2025-02-14T12:59:24","guid":{"rendered":"https:\/\/wpclub.pro\/producto\/mainwp-url-extractor-extension\/"},"modified":"2025-02-14T10:04:00","modified_gmt":"2025-02-14T13:04:00","slug":"mainwp-url-extractor-extension","status":"publish","type":"product","link":"https:\/\/wpclub.pro\/en\/item\/mainwp-url-extractor-extension\/","title":{"rendered":"MainWP URL Extractor Extension 5.0.1"},"content":{"rendered":"<div data-elementor-type=\"product-post\" data-elementor-id=\"12156\" class=\"elementor elementor-12156\" data-elementor-post-type=\"product\">\n\t\t\t\t<div class=\"wd-negative-gap elementor-element elementor-element-77eec0cf e-flex e-con-boxed e-con e-parent\" data-id=\"77eec0cf\" data-element_type=\"container\" data-e-type=\"container\">\n\t\t\t\t\t<div class=\"e-con-inner\">\n\t\t\t\t<div class=\"elementor-element elementor-element-4afe5925 color-scheme-inherit text-left elementor-widget elementor-widget-text-editor\" data-id=\"4afe5925\" data-element_type=\"widget\" data-e-type=\"widget\" data-widget_type=\"text-editor.default\">\n\t\t\t\t<div class=\"elementor-widget-container\">\n\t\t\t\t\t\t\t\t\t<h2>MainWP URL Extractor Extension<\/h2><p>MainWP URL Extractor Extension le permite extraer URL mediante tokens personalizados como (T\u00edtulo, Estado, Autor, URL del sitio web y Nombre del sitio web) de cualquier publicaci\u00f3n o p\u00e1gina en sus sitios secundarios y exportarlos como archivo CSV o TXT. Esto suele ser \u00fatil tanto para los informes de clientes como para el software de indexaci\u00f3n.<\/p><p>Use este poderoso complemento para extraer URL mediante tokens personalizados como (T\u00edtulo, Estado, Autor, URL del sitio web y Nombre del sitio web) de cualquier publicaci\u00f3n o p\u00e1gina en sus sitios secundarios y exp\u00f3rtelos como archivo CSV o TXT.\u00a0Suele ser \u00fatil tanto para los informes de clientes como para el software de indexaci\u00f3n.<\/p><p>Las opciones de b\u00fasqueda proporcionadas le permitir\u00e1n refinar su b\u00fasqueda por:<\/p><ul><li>Tipo de mensaje<\/li><li>Estado de la publicaci\u00f3n<\/li><li>Tipo de p\u00e1gina<\/li><li>Estado de la p\u00e1gina<\/li><li>Palabras clave<\/li><li>Rango de datos<\/li><li>Sitio secundario<\/li><\/ul><p>Puede personalizar f\u00e1cilmente su salida.\u00a0Combinando los tokens proporcionados y los caracteres personalizados, cree cualquier estructura de salida que necesite.<\/p><h3><strong>Re\u00fana r\u00e1pidamente todas las URL de sus publicaciones y p\u00e1ginas<\/strong><\/h3><p>Puede tener todos los enlaces de las publicaciones de su sitio secundario y las p\u00e1ginas del sitio secundario enumeradas en un archivo en solo unos segundos.<\/p><h3><strong>Personalizar salida<\/strong><\/h3><p>Personaliza la salida seg\u00fan tus necesidades.\u00a0Los tokens, separadores y caracteres personalizados disponibles le brindan una gama completa de opciones para informes de clientes u otras herramientas de indexaci\u00f3n.<\/p><h3><strong>Easy to use<\/strong><\/h3><p>MainWP URL Extractor Extension es potente y f\u00e1cil de usar. Con solo unos pocos clics, puede exportar r\u00e1pidamente cientos o incluso miles de enlaces.<\/p><p>\u00a1Obtenga ahora MainWP URL Extractor Extension!<\/p>\t\t\t\t\t\t\t\t<\/div>\n\t\t\t\t<\/div>\n\t\t\t\t\t<\/div>\n\t\t\t\t<\/div>\n\t\t\t\t<\/div>","protected":false},"excerpt":{"rendered":"<p>MainWP URL Extractor Extension MainWP URL Extractor Extension le permite extraer URL mediante tokens personalizados como (T\u00edtulo, Estado, Autor, URL<\/p>","protected":false},"featured_media":68175,"comment_status":"closed","ping_status":"closed","template":"","meta":{"_acf_changed":false},"product_brand":[],"product_cat":[67],"product_tag":[153],"class_list":{"0":"post-12156","1":"product","2":"type-product","3":"status-publish","4":"has-post-thumbnail","6":"product_cat-wordpress-plugins","7":"product_tag-utilidades","8":"pa_autores-mainwp","10":"first","11":"instock","12":"sale","13":"downloadable","14":"virtual","15":"sold-individually","16":"purchasable","17":"product-type-simple"},"acf":[],"_links":{"self":[{"href":"https:\/\/wpclub.pro\/en\/wp-json\/wp\/v2\/product\/12156","targetHints":{"allow":["GET"]}}],"collection":[{"href":"https:\/\/wpclub.pro\/en\/wp-json\/wp\/v2\/product"}],"about":[{"href":"https:\/\/wpclub.pro\/en\/wp-json\/wp\/v2\/types\/product"}],"replies":[{"embeddable":true,"href":"https:\/\/wpclub.pro\/en\/wp-json\/wp\/v2\/comments?post=12156"}],"version-history":[{"count":0,"href":"https:\/\/wpclub.pro\/en\/wp-json\/wp\/v2\/product\/12156\/revisions"}],"wp:featuredmedia":[{"embeddable":true,"href":"https:\/\/wpclub.pro\/en\/wp-json\/wp\/v2\/media\/68175"}],"wp:attachment":[{"href":"https:\/\/wpclub.pro\/en\/wp-json\/wp\/v2\/media?parent=12156"}],"wp:term":[{"taxonomy":"product_brand","embeddable":true,"href":"https:\/\/wpclub.pro\/en\/wp-json\/wp\/v2\/product_brand?post=12156"},{"taxonomy":"product_cat","embeddable":true,"href":"https:\/\/wpclub.pro\/en\/wp-json\/wp\/v2\/product_cat?post=12156"},{"taxonomy":"product_tag","embeddable":true,"href":"https:\/\/wpclub.pro\/en\/wp-json\/wp\/v2\/product_tag?post=12156"}],"curies":[{"name":"wp","href":"https:\/\/api.w.org\/{rel}","templated":true}]}}