{"id":12173,"date":"2024-05-31T09:01:05","date_gmt":"2024-05-31T13:01:05","guid":{"rendered":"https:\/\/wpclub.pro\/producto\/custom-post-types-extension\/"},"modified":"2024-10-03T12:39:05","modified_gmt":"2024-10-03T15:39:05","slug":"mainwp-custom-post-types-extension","status":"publish","type":"product","link":"https:\/\/wpclub.pro\/en\/item\/mainwp-custom-post-types-extension\/","title":{"rendered":"MainWP Custom Post Types Extension 5.0.2"},"content":{"rendered":"<p>] css=\u00bb.vc_custom_1629733467375{margin-right: 15px !important;padding-top: 30px !important;padding-right: 30px !important;padding-bottom: 30px !important;padding-left: 30px !important;background-color: #f4f4f4 !important;border-radius: 5px !important;}\u00bb width=\u00bb1\/1&#8243; mobile_bg_img_hidden=\u00bbno\u00bb tablet_bg_img_hidden=\u00bbno\u00bb woodmart_parallax=\u00bb0&#8243; woodmart_sticky_column=\u00bbfalse\u00bb parallax_scroll=\u00bbno\u00bb mobile_reset_margin=\u00bbno\u00bb tablet_reset_margin=\u00bbno\u00bb]_text woodmart_inline=\u00bbno\u00bb text_larger=\u00bbno\u00bb]<\/p>\n<h2>MainWP Custom Post Types Extension<\/h2>\n<h3><span data-preserver-spaces=\"true\">\u00bfQu\u00e9 es MainWP Custom Post Types Extension?<\/span><\/h3>\n<p><span data-preserver-spaces=\"true\">MainWP Custom Post Types Extension no es m\u00e1s que una publicaci\u00f3n predeterminada, pero tienen diferentes conjuntos de par\u00e1metros definidos dentro de su c\u00f3digo. Probablemente, haya podido ver Productos, Testimonios, Caracter\u00edsticas, Proyectos o elementos similares en sus Sitios de WordPress y pens\u00f3 que ser\u00eda genial si pudiera administrarlos desde su Tablero de MainWP.<\/span><\/p>\n<h3><span data-preserver-spaces=\"true\">\u00bfPor qu\u00e9 necesita MainWP Custom Post Types Extension?<\/span><\/h3>\n<p><span data-preserver-spaces=\"true\">Con este complemento, podr\u00e1 administrar casi cualquier tipo de publicaci\u00f3n personalizada en sus sitios secundarios, incluidos los productos de WooCommerce. Con esta extensi\u00f3n, puedes f\u00e1cilmente:<\/span><\/p>\n<ul>\n<li><span data-preserver-spaces=\"true\">Publique un nuevo tipo de publicaci\u00f3n personalizada en sus sitios secundarios<\/span><\/li>\n<li><span data-preserver-spaces=\"true\">Cancele la publicaci\u00f3n de tipos de publicaciones personalizadas en sus sitios secundarios<\/span><\/li>\n<li><span data-preserver-spaces=\"true\">Edite tipos de publicaciones personalizadas en sus sitios secundarios<\/span><\/li>\n<li><span data-preserver-spaces=\"true\">Eliminar tipos de publicaciones personalizadas en sus sitios secundarios<\/span><\/li>\n<\/ul>\n<p>Obt\u00e9n ahora MainWP Custom Post Types Extension.[\/vc_column_text][\/vc_column][\/vc_row] css=\u00bb.vc_custom_1629733150529{margin-top: 30px !important;}\u00bb mobile_bg_img_hidden=\u00bbno\u00bb tablet_bg_img_hidden=\u00bbno\u00bb woodmart_parallax=\u00bb0&#8243; woodmart_gradient_switch=\u00bbno\u00bb row_reverse_mobile=\u00bb0&#8243; row_reverse_tablet=\u00bb0&#8243; woodmart_disable_overflow=\u00bb0&#8243;] css=\u00bb.vc_custom_1629733167411{background-color: #f4f4f4 !important;border-radius: 5px !important;}\u00bb mobile_bg_img_hidden=\u00bbno\u00bb tablet_bg_img_hidden=\u00bbno\u00bb woodmart_parallax=\u00bb0&#8243; woodmart_sticky_column=\u00bbfalse\u00bb parallax_scroll=\u00bbno\u00bb mobile_reset_margin=\u00bbno\u00bb tablet_reset_margin=\u00bbno\u00bb]_text woodmart_inline=\u00bbno\u00bb text_larger=\u00bbno\u00bb]<\/p>\n<p style=\"text-align: center;\">Los productos publicados en el sitio son distribuimos bajo licenciamiento <a href=\"https:\/\/www.gnu.org\/licenses\/licenses.es.html\" target=\"_blank\" rel=\"noopener\" data-schema-attribute=\"\"><strong>GPL \/ GNU<\/strong><\/a>. Recuerda siempre revisar nuestros <strong><a href=\"https:\/\/wpclub.pro\/terminos-de-uso\/\" target=\"_blank\" rel=\"noopener\" data-schema-attribute=\"\">T\u00e9rminos de Uso<\/a><\/strong> y <strong><a href=\"https:\/\/wpclub.pro\/politica-de-privacidad\/\" target=\"_blank\" rel=\"noopener\" data-schema-attribute=\"\">Pol\u00edtica de Privacidad<\/a><\/strong>.<\/p>\n<p>[\/vc_column_text][\/vc_column][\/vc_row]<\/p>\n","protected":false},"excerpt":{"rendered":"<p>] css=\u00bb.vc_custom_1629733467375{margin-right: 15px !important;padding-top: 30px !important;padding-right: 30px !important;padding-bottom: 30px !important;padding-left: 30px !important;background-color: #f4f4f4 !important;border-radius: 5px !important;}\u00bb width=\u00bb1\/1&#8243; mobile_bg_img_hidden=\u00bbno\u00bb tablet_bg_img_hidden=\u00bbno\u00bb woodmart_parallax=\u00bb0&#8243;<\/p>","protected":false},"featured_media":12174,"comment_status":"closed","ping_status":"closed","template":"","meta":{"_acf_changed":false},"product_brand":[],"product_cat":[67],"product_tag":[195],"class_list":{"0":"post-12173","1":"product","2":"type-product","3":"status-publish","4":"has-post-thumbnail","6":"product_cat-wordpress-plugins","7":"product_tag-plugins-para-multisitio","8":"pa_autores-mainwp","10":"first","11":"instock","12":"sale","13":"downloadable","14":"virtual","15":"sold-individually","16":"purchasable","17":"product-type-simple"},"acf":[],"_links":{"self":[{"href":"https:\/\/wpclub.pro\/en\/wp-json\/wp\/v2\/product\/12173","targetHints":{"allow":["GET"]}}],"collection":[{"href":"https:\/\/wpclub.pro\/en\/wp-json\/wp\/v2\/product"}],"about":[{"href":"https:\/\/wpclub.pro\/en\/wp-json\/wp\/v2\/types\/product"}],"replies":[{"embeddable":true,"href":"https:\/\/wpclub.pro\/en\/wp-json\/wp\/v2\/comments?post=12173"}],"version-history":[{"count":0,"href":"https:\/\/wpclub.pro\/en\/wp-json\/wp\/v2\/product\/12173\/revisions"}],"wp:featuredmedia":[{"embeddable":true,"href":"https:\/\/wpclub.pro\/en\/wp-json\/wp\/v2\/media\/12174"}],"wp:attachment":[{"href":"https:\/\/wpclub.pro\/en\/wp-json\/wp\/v2\/media?parent=12173"}],"wp:term":[{"taxonomy":"product_brand","embeddable":true,"href":"https:\/\/wpclub.pro\/en\/wp-json\/wp\/v2\/product_brand?post=12173"},{"taxonomy":"product_cat","embeddable":true,"href":"https:\/\/wpclub.pro\/en\/wp-json\/wp\/v2\/product_cat?post=12173"},{"taxonomy":"product_tag","embeddable":true,"href":"https:\/\/wpclub.pro\/en\/wp-json\/wp\/v2\/product_tag?post=12173"}],"curies":[{"name":"wp","href":"https:\/\/api.w.org\/{rel}","templated":true}]}}