{"id":12179,"date":"2026-04-10T11:06:28","date_gmt":"2026-04-10T15:06:28","guid":{"rendered":"https:\/\/wpclub.pro\/producto\/mainwp-team-control-extension\/"},"modified":"2026-04-10T11:08:46","modified_gmt":"2026-04-10T15:08:46","slug":"mainwp-team-control-extension","status":"publish","type":"product","link":"https:\/\/wpclub.pro\/en\/item\/mainwp-team-control-extension\/","title":{"rendered":"MainWP Team Control Extension 5.0.3"},"content":{"rendered":"<h2><strong>MainWP Team Control Extension<\/strong><\/h2>\n<h4><strong>Incorpore a su equipo<\/strong><\/h4>\n<p>La Extensi\u00f3n MainWP Team Control le permite crear su Equipo y organizar las tareas de administraci\u00f3n de WordPress entre los miembros de su equipo. Con unos pocos clics, puede crear sus roles personalizados y establecer privilegios personalizados para los roles creados.<\/p>\n<p>Esta poderosa herramienta le permitir\u00e1 asignar privilegios de acceso a sitios secundarios espec\u00edficos, funciones del panel y extensiones de MainWP.<\/p>\n<h4><strong>Limitar permisos<\/strong><\/h4>\n<p>Cree administradores, gerentes, autores, editores, etc., y otorgue acceso a sitios web, funciones y extensiones espec\u00edficos.<\/p>\n<h4>Usuarios ilimitados<\/h4>\n<p>Cree una cantidad ilimitada de usuarios en su panel para administrar sus sitios secundarios.<\/p>\n<h4><strong>F\u00e1cil de usar<\/strong><\/h4>\n<p>Team Control es intuitiva y f\u00e1cil de usar, lo que le permite asignar r\u00e1pidamente roles espec\u00edficos a su equipo.<\/p>\n<p>&nbsp;<\/p>\n<p>Adquiera ahora MainWP Team Control Extension.<\/p>","protected":false},"excerpt":{"rendered":"<p>MainWP Team Control Extension Incorpore a su equipo La Extensi\u00f3n MainWP Team Control le permite crear su Equipo y organizar<\/p>","protected":false},"featured_media":121881,"comment_status":"closed","ping_status":"closed","template":"","meta":{"_acf_changed":false},"product_brand":[],"product_cat":[67],"product_tag":[195,153],"class_list":{"0":"post-12179","1":"product","2":"type-product","3":"status-publish","4":"has-post-thumbnail","6":"product_cat-wordpress-plugins","7":"product_tag-plugins-para-multisitio","8":"product_tag-utilidades","9":"pa_autores-mainwp","11":"first","12":"instock","13":"sale","14":"downloadable","15":"virtual","16":"sold-individually","17":"purchasable","18":"product-type-simple"},"acf":[],"_links":{"self":[{"href":"https:\/\/wpclub.pro\/en\/wp-json\/wp\/v2\/product\/12179","targetHints":{"allow":["GET"]}}],"collection":[{"href":"https:\/\/wpclub.pro\/en\/wp-json\/wp\/v2\/product"}],"about":[{"href":"https:\/\/wpclub.pro\/en\/wp-json\/wp\/v2\/types\/product"}],"replies":[{"embeddable":true,"href":"https:\/\/wpclub.pro\/en\/wp-json\/wp\/v2\/comments?post=12179"}],"version-history":[{"count":0,"href":"https:\/\/wpclub.pro\/en\/wp-json\/wp\/v2\/product\/12179\/revisions"}],"wp:featuredmedia":[{"embeddable":true,"href":"https:\/\/wpclub.pro\/en\/wp-json\/wp\/v2\/media\/121881"}],"wp:attachment":[{"href":"https:\/\/wpclub.pro\/en\/wp-json\/wp\/v2\/media?parent=12179"}],"wp:term":[{"taxonomy":"product_brand","embeddable":true,"href":"https:\/\/wpclub.pro\/en\/wp-json\/wp\/v2\/product_brand?post=12179"},{"taxonomy":"product_cat","embeddable":true,"href":"https:\/\/wpclub.pro\/en\/wp-json\/wp\/v2\/product_cat?post=12179"},{"taxonomy":"product_tag","embeddable":true,"href":"https:\/\/wpclub.pro\/en\/wp-json\/wp\/v2\/product_tag?post=12179"}],"curies":[{"name":"wp","href":"https:\/\/api.w.org\/{rel}","templated":true}]}}