{"id":12188,"date":"2026-04-08T11:37:12","date_gmt":"2026-04-08T15:37:12","guid":{"rendered":"https:\/\/wpclub.pro\/producto\/mainwp-clone-extension\/"},"modified":"2026-04-08T11:40:50","modified_gmt":"2026-04-08T15:40:50","slug":"mainwp-clone-extension","status":"publish","type":"product","link":"https:\/\/wpclub.pro\/en\/item\/mainwp-clone-extension\/","title":{"rendered":"MainWP Clone Extension 5.0.1"},"content":{"rendered":"<div data-elementor-type=\"product-post\" data-elementor-id=\"12188\" class=\"elementor elementor-12188\" data-elementor-post-type=\"product\">\n\t\t\t\t<div class=\"wd-negative-gap elementor-element elementor-element-21c5fc75 e-flex e-con-boxed e-con e-parent\" data-id=\"21c5fc75\" data-element_type=\"container\" data-e-type=\"container\">\n\t\t\t\t\t<div class=\"e-con-inner\">\n\t\t\t\t<div class=\"elementor-element elementor-element-240bd49c color-scheme-inherit text-left elementor-widget elementor-widget-text-editor\" data-id=\"240bd49c\" data-element_type=\"widget\" data-e-type=\"widget\" data-widget_type=\"text-editor.default\">\n\t\t\t\t<div class=\"elementor-widget-container\">\n\t\t\t\t\t\t\t\t\t<h2>MainWP Clone Extension<\/h2><p>MainWP Clone Extension le brinda la \u00fanica herramienta necesaria para clonar f\u00e1cilmente sus sitios de WordPress y replicar sus estrategias exitosas en otros nichos. Es mucho m\u00e1s que una herramienta de clonaci\u00f3n, pero estamos seguros de que es el proceso de clonaci\u00f3n m\u00e1s r\u00e1pido, f\u00e1cil y f\u00e1cil de usar del mercado.<\/p><h3><strong>MainWP Clone Extension m\u00e1s f\u00e1cil<\/strong><\/h3><p>Le brinda la \u00fanica herramienta necesaria para clonar f\u00e1cilmente sus sitios de WordPress y replicar sus estrategias exitosas en otros nichos. MainWP Clone es mucho m\u00e1s que una herramienta de clonaci\u00f3n, pero estamos seguros de que es el proceso de clonaci\u00f3n m\u00e1s r\u00e1pido, f\u00e1cil y f\u00e1cil de usar en el mercado hoy en d\u00eda, tan simple que un ni\u00f1o podr\u00eda usarlo.<\/p><p>Con MainWP Clone Extension, crear\u00e1 una copia exacta de la configuraci\u00f3n del sitio, temas, configuraciones de temas, complementos, configuraciones de complementos, publicaciones, p\u00e1ginas, im\u00e1genes, videos&#8230; pr\u00e1cticamente todo en su sitio.<\/p><p>\u00a1No se necesitan conocimientos t\u00e9cnicos!<\/p><h3><strong>Haz crecer tu red de blogs<\/strong><\/h3><p>Clona tus sitios m\u00e1s exitosos equipados con tus temas y complementos favoritos. Haga crecer su red con facilidad.<\/p><h3><strong>Haga crecer su negocio de afiliados Clone<\/strong><\/h3><p>R\u00e1pidamente sus sitios de plantilla con enlaces de afiliados preestablecidos y explote las ventas de su red de afiliados.<\/p><h3><strong>Ahorre su dinero<\/strong><\/h3><p>Ya no tendr\u00e1 que pagar por costosos servicios de migraci\u00f3n de sitios; Migre sus sitios con facilidad.<\/p><p>\u00a1Consiga ahora MainWP Clone Extension.<\/p>\t\t\t\t\t\t\t\t<\/div>\n\t\t\t\t<\/div>\n\t\t\t\t\t<\/div>\n\t\t\t\t<\/div>\n\t\t\t\t<\/div>","protected":false},"excerpt":{"rendered":"<p>MainWP Clone Extension MainWP Clone Extension le brinda la \u00fanica herramienta necesaria para clonar f\u00e1cilmente sus sitios de WordPress y<\/p>","protected":false},"featured_media":121682,"comment_status":"closed","ping_status":"closed","template":"","meta":{"_acf_changed":false},"product_brand":[],"product_cat":[67],"product_tag":[195],"class_list":{"0":"post-12188","1":"product","2":"type-product","3":"status-publish","4":"has-post-thumbnail","6":"product_cat-wordpress-plugins","7":"product_tag-plugins-para-multisitio","8":"pa_autores-mainwp","10":"first","11":"instock","12":"sale","13":"downloadable","14":"virtual","15":"sold-individually","16":"purchasable","17":"product-type-simple"},"acf":[],"_links":{"self":[{"href":"https:\/\/wpclub.pro\/en\/wp-json\/wp\/v2\/product\/12188","targetHints":{"allow":["GET"]}}],"collection":[{"href":"https:\/\/wpclub.pro\/en\/wp-json\/wp\/v2\/product"}],"about":[{"href":"https:\/\/wpclub.pro\/en\/wp-json\/wp\/v2\/types\/product"}],"replies":[{"embeddable":true,"href":"https:\/\/wpclub.pro\/en\/wp-json\/wp\/v2\/comments?post=12188"}],"version-history":[{"count":0,"href":"https:\/\/wpclub.pro\/en\/wp-json\/wp\/v2\/product\/12188\/revisions"}],"wp:featuredmedia":[{"embeddable":true,"href":"https:\/\/wpclub.pro\/en\/wp-json\/wp\/v2\/media\/121682"}],"wp:attachment":[{"href":"https:\/\/wpclub.pro\/en\/wp-json\/wp\/v2\/media?parent=12188"}],"wp:term":[{"taxonomy":"product_brand","embeddable":true,"href":"https:\/\/wpclub.pro\/en\/wp-json\/wp\/v2\/product_brand?post=12188"},{"taxonomy":"product_cat","embeddable":true,"href":"https:\/\/wpclub.pro\/en\/wp-json\/wp\/v2\/product_cat?post=12188"},{"taxonomy":"product_tag","embeddable":true,"href":"https:\/\/wpclub.pro\/en\/wp-json\/wp\/v2\/product_tag?post=12188"}],"curies":[{"name":"wp","href":"https:\/\/api.w.org\/{rel}","templated":true}]}}