{"id":12191,"date":"2026-03-04T10:29:49","date_gmt":"2026-03-04T13:29:49","guid":{"rendered":"https:\/\/wpclub.pro\/producto\/mainwp-branding-extension\/"},"modified":"2026-03-04T10:30:44","modified_gmt":"2026-03-04T13:30:44","slug":"mainwp-branding-extension","status":"publish","type":"product","link":"https:\/\/wpclub.pro\/en\/item\/mainwp-branding-extension\/","title":{"rendered":"MainWP Branding Extension 5.0.3"},"content":{"rendered":"<div data-elementor-type=\"product-post\" data-elementor-id=\"12191\" class=\"elementor elementor-12191\" data-elementor-post-type=\"product\">\n\t\t\t\t<div class=\"wd-negative-gap elementor-element elementor-element-4653305e e-flex e-con-boxed e-con e-parent\" data-id=\"4653305e\" data-element_type=\"container\" data-e-type=\"container\">\n\t\t\t\t\t<div class=\"e-con-inner\">\n\t\t\t\t<div class=\"elementor-element elementor-element-43e51515 color-scheme-inherit text-left elementor-widget elementor-widget-text-editor\" data-id=\"43e51515\" data-element_type=\"widget\" data-e-type=\"widget\" data-widget_type=\"text-editor.default\">\n\t\t\t\t<div class=\"elementor-widget-container\">\n\t\t\t\t\t\t\t\t\t<h2>MainWP Branding Extension<\/h2><p>MainWP Branding Extension le permite cambiar f\u00e1cilmente la marca del complemento MainWP Child, eliminar y deshabilitar funciones en sitios secundarios y ofrecer una opci\u00f3n de contacto de soporte en el sitio para sus clientes.<\/p><h3><strong>Promocione su marca<\/strong><\/h3><p>Si est\u00e1 administrando sitios web en nombre de sus clientes y desea promocionar su marca y no usar MainWP, \u00a1esta es la extensi\u00f3n para usted! Con MainWP Branding Extension, puede cambiar f\u00e1cilmente la marca del complemento MainWP Child, eliminar y deshabilitar funciones en el ni\u00f1o y ofrecer una opci\u00f3n de contacto de soporte en el sitio para sus clientes. \u00bfEst\u00e1 ejecutando varias marcas o desea personalizar lo que cada uno de sus clientes ve para brindar una sensaci\u00f3n m\u00e1s personal? Eso es genial; con MainWP Branding Extension (etiqueta blanca), puede personalizar cada opci\u00f3n para cada uno de sus clientes individualmente.<\/p><h3><strong>Opciones de MainWP Branding Extension:<\/strong><\/h3><p><span data-preserver-spaces=\"true\">La secci\u00f3n White Label le permite modificar c\u00f3mo aparece el complemento en el sitio de su cliente.\u00a0Puede mostrar f\u00e1cilmente el nombre de su empresa, junto con su explicaci\u00f3n de lo que hace el complemento en lugar de los cr\u00e9ditos est\u00e1ndar de MainWP y la informaci\u00f3n del autor.\u00a0\u00a1Incluso puede seleccionar no permitir que el complemento MainWP Child se muestre a sus clientes!<\/span><\/p><ul><li>Nombre del complemento<\/li><li>Descripci\u00f3n del complemento<\/li><li>URL del complemento<\/li><li>Autor del complemento<\/li><li>URL del autor<\/li><\/ul><h3><strong>Eliminar o deshabilitar funciones<\/strong><\/h3><p><span data-preserver-spaces=\"true\">MainWP Branding Extension le permite restringir la capacidad de sus clientes para editar y eliminar complementos y temas y crear un lugar m\u00e1s seguro para que trabajen.\u00a0Puede utilizar esto como una forma de evitar cambios no deseados por parte de clientes con menos experiencia.\u00a0Eso no es todo;\u00a0Tambi\u00e9n puede evitar que los usuarios accedan a las secciones Configuraci\u00f3n de administrador de WP y Herramientas de WordPress.<\/span><\/p><p><strong><span data-preserver-spaces=\"true\">Eliminar:<\/span><\/strong><\/p><ul><li><span data-preserver-spaces=\"true\">Men\u00fa de complementos<\/span><\/li><li><span data-preserver-spaces=\"true\">Men\u00fa de apariencia<\/span><\/li><li><span data-preserver-spaces=\"true\">Eliminar men\u00fa de enlaces permanentes<\/span><\/li><li><span data-preserver-spaces=\"true\">Men\u00fa de configuraci\u00f3n<\/span><\/li><li><span data-preserver-spaces=\"true\">Men\u00fa de herramientas<\/span><\/li><li><span data-preserver-spaces=\"true\">P\u00e1gina de configuraci\u00f3n de MainWP<\/span><\/li><li><span data-preserver-spaces=\"true\">P\u00e1gina de restauraci\u00f3n de MainWP<\/span><\/li><\/ul><h3><strong>Opciones de MainWP Branding Extension<\/strong><\/h3><p><span data-preserver-spaces=\"true\">MainWP Branding Extension le permite etiquetar f\u00e1cilmente toda el \u00e1rea de administraci\u00f3n de WordPress, desde la barra de administraci\u00f3n hasta el tablero, y mucho m\u00e1s.<\/span><\/p><p><span data-preserver-spaces=\"true\">Esta extensi\u00f3n hace que sea r\u00e1pido y f\u00e1cil hacer todo, desde reemplazar el logotipo de WordPress con el logotipo de su empresa hasta personalizar completamente el \u00e1rea de administraci\u00f3n, los \u00edconos de p\u00e1gina, el panel de control y m\u00e1s.<\/span><\/p><h3><strong>Aqu\u00ed hay algunas cosas que puede hacer con nuestra extensi\u00f3n:<\/strong><\/h3><ul><li><span data-preserver-spaces=\"true\">Cambiar el logotipo de la pantalla de inicio de sesi\u00f3n<\/span><\/li><li><span data-preserver-spaces=\"true\">Cambiar el favicon<\/span><\/li><li><span data-preserver-spaces=\"true\">Habilitar \/ deshabilitar los widgets del panel de WordPress<\/span><\/li><li><span data-preserver-spaces=\"true\">Agregar \/ cambiar el contenido del pie de p\u00e1gina global<\/span><\/li><li><span data-preserver-spaces=\"true\">Agregar \/ cambiar el contenido del pie de p\u00e1gina del administrador<\/span><\/li><li><span data-preserver-spaces=\"true\">Cambiar el generador de sitios<\/span><\/li><li><span data-preserver-spaces=\"true\">Aplicar un CSS de pantalla de inicio de sesi\u00f3n personalizado<\/span><\/li><li><span data-preserver-spaces=\"true\">Aplicar un CSS WP-Admin personalizado<\/span><\/li><li><span data-preserver-spaces=\"true\">Reemplace cualquier texto en sus sitios secundarios.<\/span><\/li><\/ul><h3><strong>Brindar soporte de primera clase<\/strong><\/h3><p><span data-preserver-spaces=\"true\">Si sus clientes necesitan ayuda, esta secci\u00f3n les brindar\u00e1 la forma m\u00e1s r\u00e1pida de comunicarse con usted.\u00a0Si hay algo que necesiten preguntarle, o si sus clientes necesitan ayuda, pueden usar este formulario de contacto directamente desde la interfaz de WP Admin.\u00a0Luego, el formulario de contacto se enviar\u00e1 por correo electr\u00f3nico con la solicitud de su cliente y le proporcionar\u00e1 la p\u00e1gina en la que estaban cuando se comunicaron con usted, lo que puede ayudarlo a determinar o incluso replicar el problema que est\u00e1n experimentando.<\/span><\/p><h3><strong>Controla la imagen de tu marca<\/strong><\/h3><p><span data-preserver-spaces=\"true\">Muestre el nombre de su empresa, junto con una descripci\u00f3n de lo que hace su empresa.<\/span><\/p><h3><strong>Ocultar su conexi\u00f3n remota<\/strong><\/h3><p><span data-preserver-spaces=\"true\">Oculte completamente eMainWP Branding Extension si no desea que sus clientes sepan que usted controla sus sitios de forma remota.<\/span><\/p><h3><strong>Mantente en contacto con los clientes<\/strong><\/h3><p><span data-preserver-spaces=\"true\">Sus clientes est\u00e1n a solo unos clics de comunicarse con usted directamente a trav\u00e9s de su formulario de soporte por correo electr\u00f3nico.<\/span><\/p><h3><strong>Eliminar o deshabilitar funciones<\/strong><\/h3><p><span data-preserver-spaces=\"true\">Deshabilite todos los cambios de complementos y temas para el sitio web de su cliente activando la opci\u00f3n de su sitio de tablero.<\/span><\/p><p>\u00a1Obtenga ahora MainWP Branding Extension!<\/p>\t\t\t\t\t\t\t\t<\/div>\n\t\t\t\t<\/div>\n\t\t\t\t\t<\/div>\n\t\t\t\t<\/div>\n\t\t\t\t<\/div>","protected":false},"excerpt":{"rendered":"<p>MainWP Branding Extension MainWP Branding Extension le permite cambiar f\u00e1cilmente la marca del complemento MainWP Child, eliminar y deshabilitar funciones<\/p>","protected":false},"featured_media":116788,"comment_status":"closed","ping_status":"closed","template":"","meta":{"_acf_changed":false},"product_brand":[],"product_cat":[67],"product_tag":[153],"class_list":{"0":"post-12191","1":"product","2":"type-product","3":"status-publish","4":"has-post-thumbnail","6":"product_cat-wordpress-plugins","7":"product_tag-utilidades","8":"pa_autores-mainwp","10":"first","11":"instock","12":"sale","13":"downloadable","14":"virtual","15":"sold-individually","16":"purchasable","17":"product-type-simple"},"acf":[],"_links":{"self":[{"href":"https:\/\/wpclub.pro\/en\/wp-json\/wp\/v2\/product\/12191","targetHints":{"allow":["GET"]}}],"collection":[{"href":"https:\/\/wpclub.pro\/en\/wp-json\/wp\/v2\/product"}],"about":[{"href":"https:\/\/wpclub.pro\/en\/wp-json\/wp\/v2\/types\/product"}],"replies":[{"embeddable":true,"href":"https:\/\/wpclub.pro\/en\/wp-json\/wp\/v2\/comments?post=12191"}],"version-history":[{"count":0,"href":"https:\/\/wpclub.pro\/en\/wp-json\/wp\/v2\/product\/12191\/revisions"}],"wp:featuredmedia":[{"embeddable":true,"href":"https:\/\/wpclub.pro\/en\/wp-json\/wp\/v2\/media\/116788"}],"wp:attachment":[{"href":"https:\/\/wpclub.pro\/en\/wp-json\/wp\/v2\/media?parent=12191"}],"wp:term":[{"taxonomy":"product_brand","embeddable":true,"href":"https:\/\/wpclub.pro\/en\/wp-json\/wp\/v2\/product_brand?post=12191"},{"taxonomy":"product_cat","embeddable":true,"href":"https:\/\/wpclub.pro\/en\/wp-json\/wp\/v2\/product_cat?post=12191"},{"taxonomy":"product_tag","embeddable":true,"href":"https:\/\/wpclub.pro\/en\/wp-json\/wp\/v2\/product_tag?post=12191"}],"curies":[{"name":"wp","href":"https:\/\/api.w.org\/{rel}","templated":true}]}}