{"id":12199,"date":"2026-05-15T11:00:18","date_gmt":"2026-05-15T15:00:18","guid":{"rendered":"https:\/\/wpclub.pro\/producto\/mainwp-pro-reports-extension\/"},"modified":"2026-05-15T11:01:37","modified_gmt":"2026-05-15T15:01:37","slug":"mainwp-pro-reports-extension","status":"publish","type":"product","link":"https:\/\/wpclub.pro\/en\/item\/mainwp-pro-reports-extension\/","title":{"rendered":"MainWP Pro Reports Extension 5.1.3"},"content":{"rendered":"<div data-elementor-type=\"wp-post\" data-elementor-id=\"12199\" class=\"elementor elementor-12199\">\n\t\t\t\t<div class=\"wd-negative-gap elementor-element elementor-element-1ec044a7 e-flex e-con-boxed e-con e-parent\" data-id=\"1ec044a7\" data-element_type=\"container\" data-e-type=\"container\">\n\t\t\t\t\t<div class=\"e-con-inner\">\n\t\t\t\t<div class=\"elementor-element elementor-element-7615bc71 color-scheme-inherit text-left elementor-widget elementor-widget-text-editor\" data-id=\"7615bc71\" data-element_type=\"widget\" data-e-type=\"widget\" data-widget_type=\"text-editor.default\">\n\t\t\t\t<div class=\"elementor-widget-container\">\n\t\t\t\t\t\t\t\t\t<h2>MainWP Pro Reports Extension<\/h2><h3>Informes profesionales para sus clientes<\/h3><p>MainWP Pro Reports Extension combina el poder del complemento gratuito MainWP Child Reports con un motor de informes totalmente personalizable que le permite crear el tipo de informe que est\u00e1 orgulloso de enviar a sus clientes.<\/p><p>El complemento MainWP Child Reports rastrear\u00e1 y monitorear\u00e1 cada cambio realizado en su sitio secundario, y luego MainWP Pro Reports Extension recopilar\u00e1 esa informaci\u00f3n y la convertir\u00e1 en un informe PDF que puede mostrar a sus clientes.<\/p><p>Tambi\u00e9n consideramos que es posible que no desee que sus clientes vean que el complemento registra todo, por lo que la Extensi\u00f3n le brinda la opci\u00f3n de ocultar las pantallas del complemento MainWP Child y al mismo tiempo permitirle recopilar los datos.<\/p><h3>MainWP Pro Reports Extension ya est\u00e1 aqu\u00ed<\/h3><h3><strong>Dise\u00f1e sus informes<\/strong><\/h3><p>MainWP Pro Reports Extension utiliza plantillas PHP que le permiten dise\u00f1ar y crear informes profesionales con la informaci\u00f3n que desea mostrar a sus clientes.<\/p><p>Puede mostrar tanta o poca informaci\u00f3n en el informe como desee.\u00a0Puede hacer sus informes tan detallados o esenciales como desee.\u00a0Puede agregar su texto e im\u00e1genes a cada informe para personalizarlo para cada cliente.<\/p><p>Incluso puede cambiar el dise\u00f1o del informe para cada cliente y luego guardar ese dise\u00f1o para uso futuro. MainWP Pro Reports Extension tambi\u00e9n le brinda la posibilidad de agregar contenido personalizado, incluida informaci\u00f3n de contacto, im\u00e1genes, texto adicional o cualquier otro contenido que desee incluir en su informe.<\/p><p>Una vez que su informe est\u00e9 listo, puede enviarlo por correo electr\u00f3nico directamente a su cliente desde su Tablero de MainWP.<\/p><ul><li>Genere informes profesionales en segundos<\/li><li>Plantillas profesionales prefabricadas para comenzar<\/li><li>Env\u00ede informes en PDF autom\u00e1ticamente adjuntos al correo electr\u00f3nico<\/li><li>Incluir\/excluir r\u00e1pidamente cierto contenido de los informes<\/li><li>Sistema de plantillas altamente personalizable<\/li><li>Establecer una marca personalizada para los informes<\/li><li>Se puede ejecutar simult\u00e1neamente con la extensi\u00f3n de informes de clientes original<\/li><\/ul><p>\u00a1Obtenga ahora MainWP Pro Reports Extension!<\/p>\t\t\t\t\t\t\t\t<\/div>\n\t\t\t\t<\/div>\n\t\t\t\t\t<\/div>\n\t\t\t\t<\/div>\n\t\t\t\t<\/div>","protected":false},"excerpt":{"rendered":"<p>MainWP Pro Reports Extension Informes profesionales para sus clientes MainWP Pro Reports Extension combina el poder del complemento gratuito MainWP<\/p>","protected":false},"featured_media":120875,"comment_status":"closed","ping_status":"closed","template":"","meta":{"_acf_changed":false},"product_brand":[],"product_cat":[67],"product_tag":[198],"class_list":{"0":"post-12199","1":"product","2":"type-product","3":"status-publish","4":"has-post-thumbnail","6":"product_cat-wordpress-plugins","7":"product_tag-plugins-para-analisis-y-reportes","8":"pa_autores-mainwp","10":"first","11":"instock","12":"sale","13":"downloadable","14":"virtual","15":"sold-individually","16":"purchasable","17":"product-type-simple"},"acf":[],"_links":{"self":[{"href":"https:\/\/wpclub.pro\/en\/wp-json\/wp\/v2\/product\/12199","targetHints":{"allow":["GET"]}}],"collection":[{"href":"https:\/\/wpclub.pro\/en\/wp-json\/wp\/v2\/product"}],"about":[{"href":"https:\/\/wpclub.pro\/en\/wp-json\/wp\/v2\/types\/product"}],"replies":[{"embeddable":true,"href":"https:\/\/wpclub.pro\/en\/wp-json\/wp\/v2\/comments?post=12199"}],"version-history":[{"count":1,"href":"https:\/\/wpclub.pro\/en\/wp-json\/wp\/v2\/product\/12199\/revisions"}],"predecessor-version":[{"id":126752,"href":"https:\/\/wpclub.pro\/en\/wp-json\/wp\/v2\/product\/12199\/revisions\/126752"}],"wp:featuredmedia":[{"embeddable":true,"href":"https:\/\/wpclub.pro\/en\/wp-json\/wp\/v2\/media\/120875"}],"wp:attachment":[{"href":"https:\/\/wpclub.pro\/en\/wp-json\/wp\/v2\/media?parent=12199"}],"wp:term":[{"taxonomy":"product_brand","embeddable":true,"href":"https:\/\/wpclub.pro\/en\/wp-json\/wp\/v2\/product_brand?post=12199"},{"taxonomy":"product_cat","embeddable":true,"href":"https:\/\/wpclub.pro\/en\/wp-json\/wp\/v2\/product_cat?post=12199"},{"taxonomy":"product_tag","embeddable":true,"href":"https:\/\/wpclub.pro\/en\/wp-json\/wp\/v2\/product_tag?post=12199"}],"curies":[{"name":"wp","href":"https:\/\/api.w.org\/{rel}","templated":true}]}}