{"id":12432,"date":"2026-05-04T15:17:33","date_gmt":"2026-05-04T19:17:33","guid":{"rendered":"https:\/\/wpclub.pro\/producto\/thrive-themes-apprentice-plugin\/"},"modified":"2026-05-04T15:18:27","modified_gmt":"2026-05-04T19:18:27","slug":"thrive-themes-apprentice","status":"publish","type":"product","link":"https:\/\/wpclub.pro\/en\/item\/thrive-themes-apprentice\/","title":{"rendered":"Thrive Themes Apprentice Plugin 10.9"},"content":{"rendered":"<div data-elementor-type=\"product-post\" data-elementor-id=\"12432\" class=\"elementor elementor-12432\" data-elementor-post-type=\"product\">\n\t\t\t\t<div class=\"wd-negative-gap elementor-element elementor-element-212d7fdf e-flex e-con-boxed e-con e-parent\" data-id=\"212d7fdf\" data-element_type=\"container\" data-e-type=\"container\">\n\t\t\t\t\t<div class=\"e-con-inner\">\n\t\t\t\t<div class=\"elementor-element elementor-element-5060f409 color-scheme-inherit text-left elementor-widget elementor-widget-text-editor\" data-id=\"5060f409\" data-element_type=\"widget\" data-e-type=\"widget\" data-widget_type=\"text-editor.default\">\n\t\t\t\t<div class=\"elementor-widget-container\">\n\t\t\t\t\t\t\t\t\t<h2>Thrive Themes Apprentice<\/h2>\r\nCree cursos en l\u00ednea que puede vender con el complemento LMS m\u00e1s personalizable para WordPress. Thrive Apprentice Plugin le ofrece la soluci\u00f3n de creaci\u00f3n de cursos de WordPress m\u00e1s flexible del mercado, junto con un completo kit de herramientas de creaci\u00f3n de negocios en l\u00ednea.\r\n<ul>\r\n \t<li>Creado para emprendedores individuales: creado para personas como usted que construyen un negocio en l\u00ednea exitoso vendiendo su conocimiento y experiencia.<\/li>\r\n \t<li>Se adapta a un presupuesto ajustado: asequible para cualquiera que trabaje duro para crear un negocio en l\u00ednea con un presupuesto limitado.<\/li>\r\n \t<li>Hace que la creaci\u00f3n de cursos sea divertida: Thrive Themes Apprentice Plugin elimina los obst\u00e1culos t\u00e9cnicos para ti, \u00a1para que puedas disfrutar construyendo tus cursos!<\/li>\r\n<\/ul>\r\n<h3>El complemento Thrive Themes Apprentice ya est\u00e1 aqu\u00ed<\/h3>\r\n<ul>\r\n \t<li>WordPress es incre\u00edble porque le permite crear una plataforma de cursos en l\u00ednea con el 100% de propiedad y control.<\/li>\r\n \t<li>Thrive Themes Apprentice Plugin fue creado para salvaguardar esta ventaja total de propiedad al no retener el contenido del curso como reh\u00e9n.<\/li>\r\n \t<li>Debido a que est\u00e1 creando cursos en su propio sitio web de WordPress con Thrive Apprentice, USTED es due\u00f1o de su contenido. Per\u00edodo.<\/li>\r\n<\/ul>\r\nObtenga Today Thrive Themes Apprentice Plugin\t\t\t\t\t\t\t\t<\/div>\n\t\t\t\t<\/div>\n\t\t\t\t\t<\/div>\n\t\t\t\t<\/div>\n\t\t\t\t<\/div>","protected":false},"excerpt":{"rendered":"<p>Thrive Themes Apprentice Cree cursos en l\u00ednea que puede vender con el complemento LMS m\u00e1s personalizable para WordPress. Thrive Apprentice<\/p>","protected":false},"featured_media":118556,"comment_status":"closed","ping_status":"closed","template":"","meta":{"_acf_changed":false},"product_brand":[],"product_cat":[67],"product_tag":[486],"class_list":{"0":"post-12432","1":"product","2":"type-product","3":"status-publish","4":"has-post-thumbnail","6":"product_cat-wordpress-plugins","7":"product_tag-temas-para-educacion-y-formacion","8":"pa_autores-thrive-themes","10":"first","11":"instock","12":"sale","13":"downloadable","14":"virtual","15":"sold-individually","16":"purchasable","17":"product-type-simple"},"acf":[],"_links":{"self":[{"href":"https:\/\/wpclub.pro\/en\/wp-json\/wp\/v2\/product\/12432","targetHints":{"allow":["GET"]}}],"collection":[{"href":"https:\/\/wpclub.pro\/en\/wp-json\/wp\/v2\/product"}],"about":[{"href":"https:\/\/wpclub.pro\/en\/wp-json\/wp\/v2\/types\/product"}],"replies":[{"embeddable":true,"href":"https:\/\/wpclub.pro\/en\/wp-json\/wp\/v2\/comments?post=12432"}],"version-history":[{"count":0,"href":"https:\/\/wpclub.pro\/en\/wp-json\/wp\/v2\/product\/12432\/revisions"}],"wp:featuredmedia":[{"embeddable":true,"href":"https:\/\/wpclub.pro\/en\/wp-json\/wp\/v2\/media\/118556"}],"wp:attachment":[{"href":"https:\/\/wpclub.pro\/en\/wp-json\/wp\/v2\/media?parent=12432"}],"wp:term":[{"taxonomy":"product_brand","embeddable":true,"href":"https:\/\/wpclub.pro\/en\/wp-json\/wp\/v2\/product_brand?post=12432"},{"taxonomy":"product_cat","embeddable":true,"href":"https:\/\/wpclub.pro\/en\/wp-json\/wp\/v2\/product_cat?post=12432"},{"taxonomy":"product_tag","embeddable":true,"href":"https:\/\/wpclub.pro\/en\/wp-json\/wp\/v2\/product_tag?post=12432"}],"curies":[{"name":"wp","href":"https:\/\/api.w.org\/{rel}","templated":true}]}}