{"id":12438,"date":"2026-05-14T12:35:31","date_gmt":"2026-05-14T16:35:31","guid":{"rendered":"https:\/\/wpclub.pro\/producto\/thrive-themes-leads-plugin\/"},"modified":"2026-05-14T12:36:46","modified_gmt":"2026-05-14T16:36:46","slug":"thrive-themes-leads-plugin","status":"publish","type":"product","link":"https:\/\/wpclub.pro\/en\/item\/thrive-themes-leads-plugin\/","title":{"rendered":"Thrive Themes Leads Plugin 10.9.1"},"content":{"rendered":"<div data-elementor-type=\"product-post\" data-elementor-id=\"12438\" class=\"elementor elementor-12438\" data-elementor-post-type=\"product\">\n\t\t\t\t<div class=\"wd-negative-gap elementor-element elementor-element-666d3616 e-flex e-con-boxed e-con e-parent\" data-id=\"666d3616\" data-element_type=\"container\" data-e-type=\"container\">\n\t\t\t\t\t<div class=\"e-con-inner\">\n\t\t\t\t<div class=\"elementor-element elementor-element-546af941 color-scheme-inherit text-left elementor-widget elementor-widget-text-editor\" data-id=\"546af941\" data-element_type=\"widget\" data-e-type=\"widget\" data-widget_type=\"text-editor.default\">\n\t\t\t\t<div class=\"elementor-widget-container\">\n\t\t\t\t\t\t\t\t\t<h2>Thrive Themes Leads Plugin<\/h2>\n<p>Thrive Leads Plugin es un plugin de generaci\u00f3n de leads para WordPress. Esa oraci\u00f3n no est\u00e1 mal, pero apenas toca la superficie de lo que trata este complemento. En primer lugar, Thrive Leads Plugin es la soluci\u00f3n de creaci\u00f3n de listas creada por un equipo de personas obsesionadas con la optimizaci\u00f3n de conversiones.<\/p>\n<p>El uso del complemento Thrive Leads es como tener su propio experto en conversi\u00f3n y creaci\u00f3n de listas, integrado directamente en una potente pieza de software.<\/p>\n<h3>El complemento Thrive Themes Leads ya est\u00e1 aqu\u00ed<\/h3>\n<p>Este no es su complemento de creaci\u00f3n de listas de la vieja escuela. Hemos adoptado las t\u00e1cticas de conversi\u00f3n m\u00e1s avanzadas utilizadas por empresas inteligentes y hackers de crecimiento y, por primera vez, esas t\u00e1cticas son f\u00e1ciles de usar en su propio sitio.<\/p>\n<p>Finalmente, puede experimentar un crecimiento explosivo de la lista y los incre\u00edbles beneficios comerciales que conlleva.<\/p>\n<h3>Algunas caracter\u00edsticas del complemento Thrive Themes Leads:<\/h3>\n<ul>\n<li>Dise\u00f1o e implementaci\u00f3n: el complemento Thrive Themes Leads combina todos los tipos de formularios de suscripci\u00f3n que necesita en un solo complemento y le brinda un editor simple de arrastrar y soltar para crear el dise\u00f1o perfecto en todo momento.<\/li>\n<li>Orientaci\u00f3n avanzada: obtenga un impulso de conversi\u00f3n masivo mostrando ofertas relevantes y altamente espec\u00edficas a sus visitantes en funci\u00f3n de publicaciones, categor\u00edas, etiquetas y m\u00e1s. Cree listas rentables y hiper-segmentadas.<\/li>\n<li>Motor de prueba A \/ B: Thrive Themes Leads Plugin viene con una funci\u00f3n de prueba A \/ B muy avanzada pero muy f\u00e1cil de usar. Aumente f\u00e1cilmente sus conversiones y use el complemento para aumentar autom\u00e1ticamente su tasa de conversi\u00f3n.<\/li>\n<li>Informes e informaci\u00f3n procesables: Thrive Themes Leads Plugin le brinda una descripci\u00f3n general simple de las m\u00e9tricas m\u00e1s importantes.<\/li>\n<li>Vea exactamente c\u00f3mo se est\u00e1n desempe\u00f1ando sus formularios de suscripci\u00f3n a lo largo del tiempo y de d\u00f3nde proviene su tr\u00e1fico m\u00e1s valioso.<\/li>\n<li>Y m\u00e1s..<\/li>\n<\/ul>\t\t\t\t\t\t\t\t<\/div>\n\t\t\t\t<\/div>\n\t\t\t\t\t<\/div>\n\t\t\t\t<\/div>\n\t\t\t\t<\/div>","protected":false},"excerpt":{"rendered":"<p>Thrive Themes Leads Plugin Thrive Leads Plugin es un plugin de generaci\u00f3n de leads para WordPress. Esa oraci\u00f3n no est\u00e1<\/p>","protected":false},"featured_media":59171,"comment_status":"closed","ping_status":"closed","template":"","meta":{"_acf_changed":false},"product_brand":[],"product_cat":[67],"product_tag":[418],"class_list":{"0":"post-12438","1":"product","2":"type-product","3":"status-publish","4":"has-post-thumbnail","6":"product_cat-wordpress-plugins","7":"product_tag-plugins-para-marketing-digital","8":"pa_autores-thrive-themes","10":"first","11":"instock","12":"sale","13":"downloadable","14":"virtual","15":"sold-individually","16":"purchasable","17":"product-type-simple"},"acf":[],"_links":{"self":[{"href":"https:\/\/wpclub.pro\/en\/wp-json\/wp\/v2\/product\/12438","targetHints":{"allow":["GET"]}}],"collection":[{"href":"https:\/\/wpclub.pro\/en\/wp-json\/wp\/v2\/product"}],"about":[{"href":"https:\/\/wpclub.pro\/en\/wp-json\/wp\/v2\/types\/product"}],"replies":[{"embeddable":true,"href":"https:\/\/wpclub.pro\/en\/wp-json\/wp\/v2\/comments?post=12438"}],"version-history":[{"count":1,"href":"https:\/\/wpclub.pro\/en\/wp-json\/wp\/v2\/product\/12438\/revisions"}],"predecessor-version":[{"id":126712,"href":"https:\/\/wpclub.pro\/en\/wp-json\/wp\/v2\/product\/12438\/revisions\/126712"}],"wp:featuredmedia":[{"embeddable":true,"href":"https:\/\/wpclub.pro\/en\/wp-json\/wp\/v2\/media\/59171"}],"wp:attachment":[{"href":"https:\/\/wpclub.pro\/en\/wp-json\/wp\/v2\/media?parent=12438"}],"wp:term":[{"taxonomy":"product_brand","embeddable":true,"href":"https:\/\/wpclub.pro\/en\/wp-json\/wp\/v2\/product_brand?post=12438"},{"taxonomy":"product_cat","embeddable":true,"href":"https:\/\/wpclub.pro\/en\/wp-json\/wp\/v2\/product_cat?post=12438"},{"taxonomy":"product_tag","embeddable":true,"href":"https:\/\/wpclub.pro\/en\/wp-json\/wp\/v2\/product_tag?post=12438"}],"curies":[{"name":"wp","href":"https:\/\/api.w.org\/{rel}","templated":true}]}}