{"id":12450,"date":"2026-05-14T12:37:17","date_gmt":"2026-05-14T16:37:17","guid":{"rendered":"https:\/\/wpclub.pro\/producto\/thrive-themes-comments-wordpress-plugin\/"},"modified":"2026-05-14T12:38:55","modified_gmt":"2026-05-14T16:38:55","slug":"thrive-themes-comments-wordpress-plugin","status":"publish","type":"product","link":"https:\/\/wpclub.pro\/en\/item\/thrive-themes-comments-wordpress-plugin\/","title":{"rendered":"Thrive Themes Comments Plugin 10.9.1"},"content":{"rendered":"<div data-elementor-type=\"product-post\" data-elementor-id=\"12450\" class=\"elementor elementor-12450\" data-elementor-post-type=\"product\">\n\t\t\t\t<div class=\"wd-negative-gap elementor-element elementor-element-47872263 e-flex e-con-boxed e-con e-parent\" data-id=\"47872263\" data-element_type=\"container\" data-e-type=\"container\">\n\t\t\t\t\t<div class=\"e-con-inner\">\n\t\t\t\t<div class=\"elementor-element elementor-element-65bc6e4e color-scheme-inherit text-left elementor-widget elementor-widget-text-editor\" data-id=\"65bc6e4e\" data-element_type=\"widget\" data-e-type=\"widget\" data-widget_type=\"text-editor.default\">\n\t\t\t\t<div class=\"elementor-widget-container\">\n\t\t\t\t\t\t\t\t\t<h2>Thrive Themes Comments WordPress Plugin<\/h2><p>Con el complemento de WordPress Thrive Themes Comments (disponible exclusivamente para los clientes de Thrive Suite), puede mostrar f\u00e1cilmente contenido altamente relevante en sus \u00e1reas de widgets. En lugar de una oferta gen\u00e9rica que apenas llama la atenci\u00f3n, puede mostrar a sus visitantes el tipo de cosas que les hacen decir \u00ab\u00a1esto es exactamente lo que he estado buscando!\u00bb<\/p><h3>Y para usted, eso significa m\u00e1s clics, menos rebotes y mayores tasas de conversi\u00f3n.<\/h3><p>Thrive Themes Comments WordPress Plugin reconoce el simple hecho de que los visitantes de su sitio web le dicen mucho sobre s\u00ed mismos simplemente por las publicaciones y las p\u00e1ginas que est\u00e1n viendo. Con el complemento de WordPress Thrive Themes Comments, ahora puede determinar con precisi\u00f3n d\u00f3nde se debe mostrar el contenido de su widget a los visitantes, en funci\u00f3n de categor\u00edas, etiquetas, tipos de publicaciones e incluso para incluir y excluir reglas para p\u00e1ginas espec\u00edficas.<\/p><h3>C\u00f3mo puede mejorar su sitio con Thrive Themes Comentarios Plugin de WordPress<\/h3><p>Thrive Themes Comments WordPress Plugin es un complemento de WordPress que se integra perfectamente con las opciones de widgets predeterminadas en WordPress. Para cualquier widget que agregue a cualquier \u00e1rea de widgets, ver\u00e1 aparecer este nuevo enlace, una vez que haya instalado el complemento.<\/p><p>En una interfaz intuitiva, puede determinar exactamente d\u00f3nde debe mostrarse su widget.<\/p><p>Obtenga hoy Thrive Themes Comentarios Plugin de WordPress.<\/p>\t\t\t\t\t\t\t\t<\/div>\n\t\t\t\t<\/div>\n\t\t\t\t\t<\/div>\n\t\t\t\t<\/div>\n\t\t\t\t<\/div>","protected":false},"excerpt":{"rendered":"<p>Thrive Themes Comments WordPress Plugin Con el complemento de WordPress Thrive Themes Comments (disponible exclusivamente para los clientes de Thrive<\/p>","protected":false},"featured_media":59162,"comment_status":"closed","ping_status":"closed","template":"","meta":{"_acf_changed":false},"product_brand":[],"product_cat":[67],"product_tag":[418],"class_list":{"0":"post-12450","1":"product","2":"type-product","3":"status-publish","4":"has-post-thumbnail","6":"product_cat-wordpress-plugins","7":"product_tag-plugins-para-marketing-digital","8":"pa_autores-thrive-themes","10":"first","11":"instock","12":"sale","13":"downloadable","14":"virtual","15":"sold-individually","16":"purchasable","17":"product-type-simple"},"acf":[],"_links":{"self":[{"href":"https:\/\/wpclub.pro\/en\/wp-json\/wp\/v2\/product\/12450","targetHints":{"allow":["GET"]}}],"collection":[{"href":"https:\/\/wpclub.pro\/en\/wp-json\/wp\/v2\/product"}],"about":[{"href":"https:\/\/wpclub.pro\/en\/wp-json\/wp\/v2\/types\/product"}],"replies":[{"embeddable":true,"href":"https:\/\/wpclub.pro\/en\/wp-json\/wp\/v2\/comments?post=12450"}],"version-history":[{"count":1,"href":"https:\/\/wpclub.pro\/en\/wp-json\/wp\/v2\/product\/12450\/revisions"}],"predecessor-version":[{"id":126715,"href":"https:\/\/wpclub.pro\/en\/wp-json\/wp\/v2\/product\/12450\/revisions\/126715"}],"wp:featuredmedia":[{"embeddable":true,"href":"https:\/\/wpclub.pro\/en\/wp-json\/wp\/v2\/media\/59162"}],"wp:attachment":[{"href":"https:\/\/wpclub.pro\/en\/wp-json\/wp\/v2\/media?parent=12450"}],"wp:term":[{"taxonomy":"product_brand","embeddable":true,"href":"https:\/\/wpclub.pro\/en\/wp-json\/wp\/v2\/product_brand?post=12450"},{"taxonomy":"product_cat","embeddable":true,"href":"https:\/\/wpclub.pro\/en\/wp-json\/wp\/v2\/product_cat?post=12450"},{"taxonomy":"product_tag","embeddable":true,"href":"https:\/\/wpclub.pro\/en\/wp-json\/wp\/v2\/product_tag?post=12450"}],"curies":[{"name":"wp","href":"https:\/\/api.w.org\/{rel}","templated":true}]}}