{"id":12453,"date":"2026-05-14T12:38:57","date_gmt":"2026-05-14T16:38:57","guid":{"rendered":"https:\/\/wpclub.pro\/producto\/thrive-themes-optimize-plugin\/"},"modified":"2026-05-14T12:39:49","modified_gmt":"2026-05-14T16:39:49","slug":"thrive-themes-optimize-plugin","status":"publish","type":"product","link":"https:\/\/wpclub.pro\/en\/item\/thrive-themes-optimize-plugin\/","title":{"rendered":"Thrive Themes Optimize Plugin 10.9.1"},"content":{"rendered":"<div data-elementor-type=\"product-post\" data-elementor-id=\"12453\" class=\"elementor elementor-12453\" data-elementor-post-type=\"product\">\n\t\t\t\t<div class=\"wd-negative-gap elementor-element elementor-element-6a91e1a0 e-flex e-con-boxed e-con e-parent\" data-id=\"6a91e1a0\" data-element_type=\"container\" data-e-type=\"container\">\n\t\t\t\t\t<div class=\"e-con-inner\">\n\t\t\t\t<div class=\"elementor-element elementor-element-68af2ddb color-scheme-inherit text-left elementor-widget elementor-widget-text-editor\" data-id=\"68af2ddb\" data-element_type=\"widget\" data-e-type=\"widget\" data-widget_type=\"text-editor.default\">\n\t\t\t\t<div class=\"elementor-widget-container\">\n\t\t\t\t\t\t\t\t\t<h2>Thrive Themes Optimize Plugin<\/h2>\n<p>Thrive Optimize es el complemento de pruebas A \/ B para WordPress que se define tanto por lo que no hace como por lo que hace.<\/p>\n<p>Thrive Optimize es un complemento de prueba A \/ B simple para Thrive Architect (disponible exclusivamente para los clientes de Thrive Suite) que le brinda el poder de ejecutar pruebas divididas r\u00e1pidas y altamente efectivas para sus p\u00e1ginas de destino, directamente en su sitio web de WordPress.<\/p>\n<h3>El complemento Thrive Themes Optimize est\u00e1 aqu\u00ed<\/h3>\n<p>Algunas funciones del complemento Thrive Optimize:<\/p>\n<ul>\n<li>Pruebas A \/ B r\u00e1pidas: cree f\u00e1cilmente pruebas A \/ B para sus p\u00e1ginas de destino creadas por Thrive Architect.<\/li>\n<li>Pruebas ilimitadas: con Thrive Themes Optimize Plugin, ejecute tantas pruebas como desee, simult\u00e1neamente o en secuencia.<\/li>\n<li>Variaciones de prueba ilimitadas: ejecute pruebas con 2, 3, 4 o tantas variaciones competitivas como desee.<\/li>\n<li>Distribuci\u00f3n de tr\u00e1fico personalizada: distribuya uniformemente el tr\u00e1fico entre sus variaciones de prueba o establezca su propia proporci\u00f3n.<\/li>\n<li>Informes detallados: con Thrive Optimize Plugin, vea todos los detalles sobre el rendimiento de sus pruebas, la importancia estad\u00edstica y m\u00e1s.<\/li>\n<li>Funci\u00f3n de ganador autom\u00e1tico: Deje que Thrive Optimize procese los n\u00fameros y elija la variaci\u00f3n ganadora por usted, en el piloto autom\u00e1tico \u00abconfig\u00farelo y olv\u00eddese\u00bb.<\/li>\n<li>Edici\u00f3n 100% visual: Thrive Optimize es un complemento de Thrive Architect, el editor de interfaz visual m\u00e1s avanzado para WordPress.<\/li>\n<\/ul>\n<p>Obtenga el complemento Thrive Themes Optimize hoy.<\/p>\t\t\t\t\t\t\t\t<\/div>\n\t\t\t\t<\/div>\n\t\t\t\t\t<\/div>\n\t\t\t\t<\/div>\n\t\t\t\t<\/div>","protected":false},"excerpt":{"rendered":"<p>Thrive Themes Optimize Plugin Thrive Optimize es el complemento de pruebas A \/ B para WordPress que se define tanto<\/p>","protected":false},"featured_media":59179,"comment_status":"closed","ping_status":"closed","template":"","meta":{"_acf_changed":false},"product_brand":[],"product_cat":[67],"product_tag":[418],"class_list":{"0":"post-12453","1":"product","2":"type-product","3":"status-publish","4":"has-post-thumbnail","6":"product_cat-wordpress-plugins","7":"product_tag-plugins-para-marketing-digital","8":"pa_autores-thrive-themes","10":"first","11":"instock","12":"sale","13":"downloadable","14":"virtual","15":"sold-individually","16":"purchasable","17":"product-type-simple"},"acf":[],"_links":{"self":[{"href":"https:\/\/wpclub.pro\/en\/wp-json\/wp\/v2\/product\/12453","targetHints":{"allow":["GET"]}}],"collection":[{"href":"https:\/\/wpclub.pro\/en\/wp-json\/wp\/v2\/product"}],"about":[{"href":"https:\/\/wpclub.pro\/en\/wp-json\/wp\/v2\/types\/product"}],"replies":[{"embeddable":true,"href":"https:\/\/wpclub.pro\/en\/wp-json\/wp\/v2\/comments?post=12453"}],"version-history":[{"count":1,"href":"https:\/\/wpclub.pro\/en\/wp-json\/wp\/v2\/product\/12453\/revisions"}],"predecessor-version":[{"id":126716,"href":"https:\/\/wpclub.pro\/en\/wp-json\/wp\/v2\/product\/12453\/revisions\/126716"}],"wp:featuredmedia":[{"embeddable":true,"href":"https:\/\/wpclub.pro\/en\/wp-json\/wp\/v2\/media\/59179"}],"wp:attachment":[{"href":"https:\/\/wpclub.pro\/en\/wp-json\/wp\/v2\/media?parent=12453"}],"wp:term":[{"taxonomy":"product_brand","embeddable":true,"href":"https:\/\/wpclub.pro\/en\/wp-json\/wp\/v2\/product_brand?post=12453"},{"taxonomy":"product_cat","embeddable":true,"href":"https:\/\/wpclub.pro\/en\/wp-json\/wp\/v2\/product_cat?post=12453"},{"taxonomy":"product_tag","embeddable":true,"href":"https:\/\/wpclub.pro\/en\/wp-json\/wp\/v2\/product_tag?post=12453"}],"curies":[{"name":"wp","href":"https:\/\/api.w.org\/{rel}","templated":true}]}}