{"id":12513,"date":"2024-02-27T11:39:40","date_gmt":"2024-02-27T14:39:40","guid":{"rendered":"https:\/\/wpclub.pro\/producto\/ultimate-member-profile-completeness\/"},"modified":"2024-10-03T12:48:53","modified_gmt":"2024-10-03T15:48:53","slug":"ultimate-member-profile-completeness","status":"publish","type":"product","link":"https:\/\/wpclub.pro\/en\/item\/ultimate-member-profile-completeness\/","title":{"rendered":"Ultimate Member Profile Completeness Addon 2.2.9"},"content":{"rendered":"<p>] css=\u00bb.vc_custom_1629733467375{margin-right: 15px !important;padding-top: 30px !important;padding-right: 30px !important;padding-bottom: 30px !important;padding-left: 30px !important;background-color: #f4f4f4 !important;border-radius: 5px !important;}\u00bb width=\u00bb1\/1&#8243; mobile_bg_img_hidden=\u00bbno\u00bb tablet_bg_img_hidden=\u00bbno\u00bb woodmart_parallax=\u00bb0&#8243; woodmart_sticky_column=\u00bbfalse\u00bb parallax_scroll=\u00bbno\u00bb mobile_reset_margin=\u00bbno\u00bb tablet_reset_margin=\u00bbno\u00bb]_text woodmart_inline=\u00bbno\u00bb text_larger=\u00bbno\u00bb]<\/p>\n<div class=\"fl-col-group fl-node-m9dhyw4u3e7k fl-col-group-nested\" data-node=\"m9dhyw4u3e7k\">\n<div class=\"fl-col fl-node-nzd7mrtkaqju\" data-node=\"nzd7mrtkaqju\">\n<div class=\"fl-col-content fl-node-content\">\n<div class=\"fl-module fl-module-heading fl-node-l21yuifoeq40\" data-node=\"l21yuifoeq40\">\n<div class=\"fl-module-content fl-node-content\">\n<h2 class=\"fl-heading\">Ultimate Member Profile Completeness<\/h2>\n<p>&nbsp;<\/p>\n<\/div>\n<\/div>\n<div class=\"fl-module fl-module-rich-text fl-node-czti0bp7yw24\" data-node=\"czti0bp7yw24\">\n<div class=\"fl-module-content fl-node-content\">\n<div class=\"fl-rich-text\">\n<p>Con la extensi\u00f3n Ultimate Member Profile Completeness, puede alentar u obligar a los usuarios a completar sus perfiles. Esta es una de las mejores maneras de garantizar que las personas participen en su sitio y garantiza que no tenga un sitio lleno de perfiles de usuario vac\u00edos.<\/p>\n<\/div>\n<\/div>\n<\/div>\n<\/div>\n<\/div>\n<\/div>\n<div class=\"fl-module fl-module-fl-post-content fl-node-vo2wmce49nsk\" data-node=\"vo2wmce49nsk\">\n<div class=\"fl-module-content fl-node-content\">\n<h3><strong>Caracter\u00edsticas clave de Ultimate Member Profile Completeness<br \/>\n<\/strong><\/h3>\n<ul>\n<li>Muestra los campos de perfil que un usuario a\u00fan tiene que completar y la barra de progreso a trav\u00e9s de los widgets de la barra lateral<\/li>\n<li>Los usuarios pueden completar los campos del perfil a trav\u00e9s de una ventana emergente en cualquier lugar del sitio o pueden ir al perfil para completar los campos.<\/li>\n<li>Obligue a los usuarios a completar su perfil redirigi\u00e9ndolos a su p\u00e1gina de edici\u00f3n de perfil hasta que hayan completado su perfil<\/li>\n<li>Mostrar solo los usuarios en el directorio de miembros que hayan completado su perfil (puede establecer qu\u00e9 l\u00edmite porcentual se aplica)<\/li>\n<li>Decida qu\u00e9 campos se incluir\u00e1n para completar el perfil<\/li>\n<li>Establezca qu\u00e9 % cada campo contribuye a la finalizaci\u00f3n (por ejemplo, el g\u00e9nero vale el 5 %, el pa\u00eds vale el 10 %)<\/li>\n<li>Los widgets desaparecen una vez que un usuario completa su perfil<\/li>\n<li>Decida para qu\u00e9 roles de usuario activar la completitud del perfil<\/li>\n<li>Establecer campos \u00fanicos para cada rol<\/li>\n<li>Muestre la barra de progreso del perfil en cualquier lugar del sitio usando c\u00f3digos cortos<\/li>\n<li>Restringir a los usuarios para que no comenten las publicaciones hasta que hayan completado su perfil<\/li>\n<li>Restrinja a los usuarios de crear temas y responder en los foros de bbPress hasta que hayan completado su perfil<\/li>\n<li>Impedir que los usuarios vean otros perfiles de usuario hasta que hayan completado su perfil<\/li>\n<li>Decida qu\u00e9 nivel de finalizaci\u00f3n del perfil se requiere hasta que un usuario ya no est\u00e9 restringido<\/li>\n<\/ul>\n<\/div>\n<\/div>\n<p>&nbsp;<\/p>\n<p>Adquiera ahora Ultimate Member Profile Completeness.<\/p>\n<p>[\/vc_column_text][\/vc_column][\/vc_row] css=\u00bb.vc_custom_1629733150529{margin-top: 30px !important;}\u00bb mobile_bg_img_hidden=\u00bbno\u00bb tablet_bg_img_hidden=\u00bbno\u00bb woodmart_parallax=\u00bb0&#8243; woodmart_gradient_switch=\u00bbno\u00bb row_reverse_mobile=\u00bb0&#8243; row_reverse_tablet=\u00bb0&#8243; woodmart_disable_overflow=\u00bb0&#8243;] css=\u00bb.vc_custom_1629733167411{background-color: #f4f4f4 !important;border-radius: 5px !important;}\u00bb mobile_bg_img_hidden=\u00bbno\u00bb tablet_bg_img_hidden=\u00bbno\u00bb woodmart_parallax=\u00bb0&#8243; woodmart_sticky_column=\u00bbfalse\u00bb parallax_scroll=\u00bbno\u00bb mobile_reset_margin=\u00bbno\u00bb tablet_reset_margin=\u00bbno\u00bb]_text woodmart_inline=\u00bbno\u00bb text_larger=\u00bbno\u00bb]<\/p>\n<p>Los productos publicados en el sitio son distribuimos bajo licenciamiento <a href=\"https:\/\/www.gnu.org\/licenses\/licenses.es.html\" target=\"_blank\" rel=\"noopener\" data-schema-attribute=\"\"><strong>GPL \/ GNU<\/strong><\/a>. Recuerda siempre revisar nuestros <strong><a href=\"https:\/\/wpclub.pro\/terminos-de-uso\/\" target=\"_blank\" rel=\"noopener\" data-schema-attribute=\"\">T\u00e9rminos de Uso<\/a><\/strong> y <strong><a href=\"https:\/\/wpclub.pro\/politica-de-privacidad\/\" target=\"_blank\" rel=\"noopener\" data-schema-attribute=\"\">Pol\u00edtica de Privacidad<\/a><\/strong>.<\/p>\n<p>[\/vc_column_text][\/vc_column][\/vc_row]<\/p>\n","protected":false},"excerpt":{"rendered":"<p>] css=\u00bb.vc_custom_1629733467375{margin-right: 15px !important;padding-top: 30px !important;padding-right: 30px !important;padding-bottom: 30px !important;padding-left: 30px !important;background-color: #f4f4f4 !important;border-radius: 5px !important;}\u00bb width=\u00bb1\/1&#8243; mobile_bg_img_hidden=\u00bbno\u00bb tablet_bg_img_hidden=\u00bbno\u00bb woodmart_parallax=\u00bb0&#8243;<\/p>","protected":false},"featured_media":32995,"comment_status":"closed","ping_status":"closed","template":"","meta":{"_acf_changed":false},"product_brand":[],"product_cat":[67],"product_tag":[128],"class_list":{"0":"post-12513","1":"product","2":"type-product","3":"status-publish","4":"has-post-thumbnail","6":"product_cat-wordpress-plugins","7":"product_tag-plugins-para-membresias-y-suscripciones","8":"pa_autores-ultimate-member","10":"first","11":"instock","12":"sale","13":"downloadable","14":"virtual","15":"sold-individually","16":"purchasable","17":"product-type-simple"},"acf":[],"_links":{"self":[{"href":"https:\/\/wpclub.pro\/en\/wp-json\/wp\/v2\/product\/12513","targetHints":{"allow":["GET"]}}],"collection":[{"href":"https:\/\/wpclub.pro\/en\/wp-json\/wp\/v2\/product"}],"about":[{"href":"https:\/\/wpclub.pro\/en\/wp-json\/wp\/v2\/types\/product"}],"replies":[{"embeddable":true,"href":"https:\/\/wpclub.pro\/en\/wp-json\/wp\/v2\/comments?post=12513"}],"version-history":[{"count":0,"href":"https:\/\/wpclub.pro\/en\/wp-json\/wp\/v2\/product\/12513\/revisions"}],"wp:featuredmedia":[{"embeddable":true,"href":"https:\/\/wpclub.pro\/en\/wp-json\/wp\/v2\/media\/32995"}],"wp:attachment":[{"href":"https:\/\/wpclub.pro\/en\/wp-json\/wp\/v2\/media?parent=12513"}],"wp:term":[{"taxonomy":"product_brand","embeddable":true,"href":"https:\/\/wpclub.pro\/en\/wp-json\/wp\/v2\/product_brand?post=12513"},{"taxonomy":"product_cat","embeddable":true,"href":"https:\/\/wpclub.pro\/en\/wp-json\/wp\/v2\/product_cat?post=12513"},{"taxonomy":"product_tag","embeddable":true,"href":"https:\/\/wpclub.pro\/en\/wp-json\/wp\/v2\/product_tag?post=12513"}],"curies":[{"name":"wp","href":"https:\/\/api.w.org\/{rel}","templated":true}]}}