{"id":12519,"date":"2024-10-09T15:26:40","date_gmt":"2024-10-09T18:26:40","guid":{"rendered":"https:\/\/wpclub.pro\/producto\/ultimate-member-private-messages\/"},"modified":"2024-10-09T15:28:30","modified_gmt":"2024-10-09T18:28:30","slug":"ultimate-member-private-messages","status":"publish","type":"product","link":"https:\/\/wpclub.pro\/en\/item\/ultimate-member-private-messages\/","title":{"rendered":"Ultimate Member Private Messages 2.4.1"},"content":{"rendered":"<p>] css=\u00bb.vc_custom_1629733467375{margin-right: 15px !important;padding-top: 30px !important;padding-right: 30px !important;padding-bottom: 30px !important;padding-left: 30px !important;background-color: #f4f4f4 !important;border-radius: 5px !important;}\u00bb width=\u00bb1\/1&#8243; mobile_bg_img_hidden=\u00bbno\u00bb tablet_bg_img_hidden=\u00bbno\u00bb woodmart_parallax=\u00bb0&#8243; woodmart_sticky_column=\u00bbfalse\u00bb parallax_scroll=\u00bbno\u00bb mobile_reset_margin=\u00bbno\u00bb tablet_reset_margin=\u00bbno\u00bb]_text woodmart_inline=\u00bbno\u00bb text_larger=\u00bbno\u00bb]<\/p>\n<h2>Ultimate Member Private Messages<\/h2>\n<p>Agregue un sistema de mensajer\u00eda privado a su sitio y permita que los usuarios se env\u00eden mensajes privados entre s\u00ed.\u00a0Perfecto para sitios web donde los usuarios necesitan interactuar uno a uno.<\/p>\n<h3>Caracter\u00edsticas principales de Ultimate Member Private Messages:<\/h3>\n<ul>\n<li>Permite a los usuarios enviar mensajes privados a otros usuarios.<\/li>\n<li>Con Ultimate Member Private Messages agrega un bot\u00f3n de mensaje a los perfiles de usuario que permite a los usuarios enviar un mensaje privado a ese usuario a trav\u00e9s de mensajes modales<\/li>\n<li>Agrega una pesta\u00f1a de mensajes a cada perfil de usuario para que los usuarios puedan ver todas las conversaciones y leer \/ enviar mensajes privados desde el perfil<\/li>\n<li>Actualizaci\u00f3n autom\u00e1tica de mensajes privados<\/li>\n<li>Posibilidad de agregar emoticonos a cada mensaje privado f\u00e1cilmente<\/li>\n<li>Opci\u00f3n para establecer un n\u00famero m\u00e1ximo de caracteres permitidos en cada respuesta de conversaci\u00f3n<\/li>\n<li>Con Ultimate Member Private Messages agrega una opci\u00f3n a la p\u00e1gina de la cuenta de usuario para que los usuarios decidan si desean recibir mensajes privados o no<\/li>\n<li>Env\u00eda una notificaci\u00f3n por correo electr\u00f3nico a los usuarios cuando alguien inicia una nueva conversaci\u00f3n con ellos.<\/li>\n<li>Agrega una opci\u00f3n a la p\u00e1gina de la cuenta de usuario para que los usuarios puedan activar \/ desactivar la recepci\u00f3n de una notificaci\u00f3n por correo electr\u00f3nico para nuevas conversaciones<\/li>\n<li>Controlar qu\u00e9 roles de usuario pueden usar mensajes privados<\/li>\n<li>Controle qu\u00e9 roles de usuario pueden enviar o recibir mensajes privados<\/li>\n<\/ul>\n<p>Obtenga ahora Ultimate Member Private Messages.[\/vc_column_text][\/vc_column][\/vc_row] css=\u00bb.vc_custom_1629733150529{margin-top: 30px !important;}\u00bb mobile_bg_img_hidden=\u00bbno\u00bb tablet_bg_img_hidden=\u00bbno\u00bb woodmart_parallax=\u00bb0&#8243; woodmart_gradient_switch=\u00bbno\u00bb row_reverse_mobile=\u00bb0&#8243; row_reverse_tablet=\u00bb0&#8243; woodmart_disable_overflow=\u00bb0&#8243;] css=\u00bb.vc_custom_1629733167411{background-color: #f4f4f4 !important;border-radius: 5px !important;}\u00bb mobile_bg_img_hidden=\u00bbno\u00bb tablet_bg_img_hidden=\u00bbno\u00bb woodmart_parallax=\u00bb0&#8243; woodmart_sticky_column=\u00bbfalse\u00bb parallax_scroll=\u00bbno\u00bb mobile_reset_margin=\u00bbno\u00bb tablet_reset_margin=\u00bbno\u00bb]_text woodmart_inline=\u00bbno\u00bb text_larger=\u00bbno\u00bb]<\/p>\n<p style=\"text-align: center;\">Los productos publicados en el sitio son distribuimos bajo licenciamiento <a href=\"https:\/\/www.gnu.org\/licenses\/licenses.es.html\" target=\"_blank\" rel=\"noopener\" data-schema-attribute=\"\"><strong>GPL \/ GNU<\/strong><\/a>. Recuerda siempre revisar nuestros <strong><a href=\"https:\/\/wpclub.pro\/terminos-de-uso\/\" target=\"_blank\" rel=\"noopener\" data-schema-attribute=\"\">T\u00e9rminos de Uso<\/a><\/strong> y <strong><a href=\"https:\/\/wpclub.pro\/politica-de-privacidad\/\" target=\"_blank\" rel=\"noopener\" data-schema-attribute=\"\">Pol\u00edtica de Privacidad<\/a><\/strong>.<\/p>\n<p>[\/vc_column_text][\/vc_column][\/vc_row]<\/p>\n","protected":false},"excerpt":{"rendered":"<p>] css=\u00bb.vc_custom_1629733467375{margin-right: 15px !important;padding-top: 30px !important;padding-right: 30px !important;padding-bottom: 30px !important;padding-left: 30px !important;background-color: #f4f4f4 !important;border-radius: 5px !important;}\u00bb width=\u00bb1\/1&#8243; mobile_bg_img_hidden=\u00bbno\u00bb tablet_bg_img_hidden=\u00bbno\u00bb woodmart_parallax=\u00bb0&#8243;<\/p>","protected":false},"featured_media":33290,"comment_status":"closed","ping_status":"closed","template":"","meta":{"_acf_changed":false},"product_brand":[],"product_cat":[67],"product_tag":[128],"class_list":{"0":"post-12519","1":"product","2":"type-product","3":"status-publish","4":"has-post-thumbnail","6":"product_cat-wordpress-plugins","7":"product_tag-plugins-para-membresias-y-suscripciones","8":"pa_autores-ultimate-member","10":"first","11":"instock","12":"sale","13":"downloadable","14":"virtual","15":"sold-individually","16":"purchasable","17":"product-type-simple"},"acf":[],"_links":{"self":[{"href":"https:\/\/wpclub.pro\/en\/wp-json\/wp\/v2\/product\/12519","targetHints":{"allow":["GET"]}}],"collection":[{"href":"https:\/\/wpclub.pro\/en\/wp-json\/wp\/v2\/product"}],"about":[{"href":"https:\/\/wpclub.pro\/en\/wp-json\/wp\/v2\/types\/product"}],"replies":[{"embeddable":true,"href":"https:\/\/wpclub.pro\/en\/wp-json\/wp\/v2\/comments?post=12519"}],"version-history":[{"count":0,"href":"https:\/\/wpclub.pro\/en\/wp-json\/wp\/v2\/product\/12519\/revisions"}],"wp:featuredmedia":[{"embeddable":true,"href":"https:\/\/wpclub.pro\/en\/wp-json\/wp\/v2\/media\/33290"}],"wp:attachment":[{"href":"https:\/\/wpclub.pro\/en\/wp-json\/wp\/v2\/media?parent=12519"}],"wp:term":[{"taxonomy":"product_brand","embeddable":true,"href":"https:\/\/wpclub.pro\/en\/wp-json\/wp\/v2\/product_brand?post=12519"},{"taxonomy":"product_cat","embeddable":true,"href":"https:\/\/wpclub.pro\/en\/wp-json\/wp\/v2\/product_cat?post=12519"},{"taxonomy":"product_tag","embeddable":true,"href":"https:\/\/wpclub.pro\/en\/wp-json\/wp\/v2\/product_tag?post=12519"}],"curies":[{"name":"wp","href":"https:\/\/api.w.org\/{rel}","templated":true}]}}