{"id":12568,"date":"2025-10-08T11:53:57","date_gmt":"2025-10-08T14:53:57","guid":{"rendered":"https:\/\/wpclub.pro\/producto\/ultimate-member-user-locations\/"},"modified":"2025-10-08T11:55:42","modified_gmt":"2025-10-08T14:55:42","slug":"ultimate-member-user-locations","status":"publish","type":"product","link":"https:\/\/wpclub.pro\/en\/item\/ultimate-member-user-locations\/","title":{"rendered":"Ultimate Member User Locations 1.1.4"},"content":{"rendered":"<div data-elementor-type=\"product-post\" data-elementor-id=\"12568\" class=\"elementor elementor-12568\" data-elementor-post-type=\"product\">\n\t\t\t\t<div class=\"wd-negative-gap elementor-element elementor-element-43c67eaf e-flex e-con-boxed e-con e-parent\" data-id=\"43c67eaf\" data-element_type=\"container\" data-e-type=\"container\">\n\t\t\t\t\t<div class=\"e-con-inner\">\n\t\t\t\t<div class=\"elementor-element elementor-element-2f461cb8 color-scheme-inherit text-left elementor-widget elementor-widget-text-editor\" data-id=\"2f461cb8\" data-element_type=\"widget\" data-e-type=\"widget\" data-widget_type=\"text-editor.default\">\n\t\t\t\t<div class=\"elementor-widget-container\">\n\t\t\t\t\t\t\t\t\t<h2><strong>Ultimate Member User Locations<\/strong><\/h2><p>Usando la API de Google Maps, muestre a los usuarios en un mapa en la p\u00e1gina del directorio de miembros y permita que los usuarios agreguen su ubicaci\u00f3n a trav\u00e9s de su perfil<\/p><h4><strong>importante<\/strong><\/h4><p>La extensi\u00f3n Ultimate Member User Locations est\u00e1 integrada con Google Maps Platform.\u00a0La extensi\u00f3n requiere crear una aplicaci\u00f3n dentro de la plataforma y activar la API.\u00a0Google Maps Platform es un servicio pago que viene con $200 de uso gratuito cada mes.<\/p><p><strong>Key features<br \/><\/strong><\/p><ul><li>Agregue el campo de ubicaci\u00f3n del usuario a los formularios de registro y perfil para permitir que los usuarios agreguen su ubicaci\u00f3n.<\/li><li>Capacidad para detectar autom\u00e1ticamente la ubicaci\u00f3n del usuario (requiere que los usuarios hagan clic en el icono de alfiler en el campo de ubicaci\u00f3n y otorguen permiso para compartir la ubicaci\u00f3n)<\/li><li>Agrega un campo de b\u00fasqueda de ubicaci\u00f3n de usuario al directorio de miembros para permitir que las personas busquen usuarios por ubicaci\u00f3n<\/li><li>Agrega un mapa al directorio de miembros<\/li><li>Agrupaci\u00f3n de usuarios para usuarios muy pr\u00f3ximos en el mapa del directorio de miembros<\/li><li>Los avatares de los usuarios aparecen en el mapa para mostrar la ubicaci\u00f3n de los usuarios<\/li><li>Cuando se hace clic en el avatar, aparecer\u00e1 una peque\u00f1a tarjeta de perfil en el mapa que muestra el avatar, el nombre para mostrar y la informaci\u00f3n que elija en la configuraci\u00f3n del directorio de miembros.<\/li><li>Permita que las personas encuentren usuarios arrastrando el mapa<\/li><\/ul><p>Adquiera ahora Ultimate Member User Locations.<\/p>\t\t\t\t\t\t\t\t<\/div>\n\t\t\t\t<\/div>\n\t\t\t\t\t<\/div>\n\t\t\t\t<\/div>\n\t\t\t\t<\/div>","protected":false},"excerpt":{"rendered":"<p>Ultimate Member User Locations Usando la API de Google Maps, muestre a los usuarios en un mapa en la p\u00e1gina<\/p>","protected":false},"featured_media":97659,"comment_status":"closed","ping_status":"closed","template":"","meta":{"_acf_changed":false},"product_brand":[],"product_cat":[67],"product_tag":[128],"class_list":{"0":"post-12568","1":"product","2":"type-product","3":"status-publish","4":"has-post-thumbnail","6":"product_cat-wordpress-plugins","7":"product_tag-plugins-para-membresias-y-suscripciones","8":"pa_autores-ultimate-member","10":"first","11":"instock","12":"sale","13":"downloadable","14":"virtual","15":"sold-individually","16":"purchasable","17":"product-type-simple"},"acf":[],"_links":{"self":[{"href":"https:\/\/wpclub.pro\/en\/wp-json\/wp\/v2\/product\/12568","targetHints":{"allow":["GET"]}}],"collection":[{"href":"https:\/\/wpclub.pro\/en\/wp-json\/wp\/v2\/product"}],"about":[{"href":"https:\/\/wpclub.pro\/en\/wp-json\/wp\/v2\/types\/product"}],"replies":[{"embeddable":true,"href":"https:\/\/wpclub.pro\/en\/wp-json\/wp\/v2\/comments?post=12568"}],"version-history":[{"count":0,"href":"https:\/\/wpclub.pro\/en\/wp-json\/wp\/v2\/product\/12568\/revisions"}],"wp:featuredmedia":[{"embeddable":true,"href":"https:\/\/wpclub.pro\/en\/wp-json\/wp\/v2\/media\/97659"}],"wp:attachment":[{"href":"https:\/\/wpclub.pro\/en\/wp-json\/wp\/v2\/media?parent=12568"}],"wp:term":[{"taxonomy":"product_brand","embeddable":true,"href":"https:\/\/wpclub.pro\/en\/wp-json\/wp\/v2\/product_brand?post=12568"},{"taxonomy":"product_cat","embeddable":true,"href":"https:\/\/wpclub.pro\/en\/wp-json\/wp\/v2\/product_cat?post=12568"},{"taxonomy":"product_tag","embeddable":true,"href":"https:\/\/wpclub.pro\/en\/wp-json\/wp\/v2\/product_tag?post=12568"}],"curies":[{"name":"wp","href":"https:\/\/api.w.org\/{rel}","templated":true}]}}