{"id":13154,"date":"2026-05-14T12:34:34","date_gmt":"2026-05-14T16:34:34","guid":{"rendered":"https:\/\/wpclub.pro\/?post_type=product&#038;p=13154"},"modified":"2026-05-14T12:36:03","modified_gmt":"2026-05-14T16:36:03","slug":"thrive-themes-ultimatum-plugin","status":"publish","type":"product","link":"https:\/\/wpclub.pro\/en\/item\/thrive-themes-ultimatum-plugin\/","title":{"rendered":"Thrive Themes Ultimatum Plugin 10.9.1"},"content":{"rendered":"<div data-elementor-type=\"product-post\" data-elementor-id=\"13154\" class=\"elementor elementor-13154\" data-elementor-post-type=\"product\">\n\t\t\t\t<div class=\"wd-negative-gap elementor-element elementor-element-2d39964 e-flex e-con-boxed e-con e-parent\" data-id=\"2d39964\" data-element_type=\"container\" data-e-type=\"container\">\n\t\t\t\t\t<div class=\"e-con-inner\">\n\t\t\t\t<div class=\"elementor-element elementor-element-7e469bc4 color-scheme-inherit text-left elementor-widget elementor-widget-text-editor\" data-id=\"7e469bc4\" data-element_type=\"widget\" data-e-type=\"widget\" data-widget_type=\"text-editor.default\">\n\t\t\t\t<div class=\"elementor-widget-container\">\n\t\t\t\t\t\t\t\t\t<h2>Thrive Themes Ultimatum Plugin<\/h2><p>The ultimate scarcity marketing tool for WordPress is here. Thrive Ultimatum lets you leverage every aspect of scarcity marketing.<\/p><ul><li>Easy fixed-date campaigns: Run a limited-time offer, sale, or promotion. Create a professional-looking campaign in just a few clicks!<\/li><li>Automatically run recurring campaigns: Let Thrive Ultimatum automatically start, stop, and manage your scarcity campaigns, on any schedule.<\/li><li>The Ultimate Evergreen System: Create continuous &quot;perennial&quot; scarcity campaigns that give your business a permanent conversion boost!<\/li><\/ul><h3>Thrive Themes Ultimatum plugin lock: create an undying scarcity 100% authentic<\/h3><p>Imagine having a sales funnel that runs a highly optimized, time-limited offer for each individual prospect who enters.<\/p><p>That&#039;s exactly what the unending campaign in the Thrive Themes Ultimatum Plugin does. Each new prospect has their own countdown and time limit, and each prospect experiences their limited-time campaign just like a regular campaign with a fixed end date.<\/p><h3>Thrive Themes Ultimatum Plugin is here<\/h3><p>With the Thrive Themes Ultimatum Plugin, you can manage and run an unlimited number of campaigns and even mix different campaign types. Different visitors to your site could see different special offers, depending on where they are in your sales funnel, what interests they&#039;ve shown, or which part of your site they visit.<\/p><p>And more\u2026<\/p><p>Get Today Thrive Themes Ultimatum Plugin.<\/p>\t\t\t\t\t\t\t\t<\/div>\n\t\t\t\t<\/div>\n\t\t\t\t\t<\/div>\n\t\t\t\t<\/div>\n\t\t\t\t<\/div>","protected":false},"excerpt":{"rendered":"<p>Thrive Themes Ultimatum Plugin La \u00faltima herramienta de marketing de escasez para WordPress est\u00e1 aqu\u00ed. Thrive Ultimatum le permite aprovechar<\/p>","protected":false},"featured_media":59199,"comment_status":"closed","ping_status":"closed","template":"","meta":{"_acf_changed":false},"product_brand":[],"product_cat":[67],"product_tag":[418],"class_list":{"0":"post-13154","1":"product","2":"type-product","3":"status-publish","4":"has-post-thumbnail","6":"product_cat-wordpress-plugins","7":"product_tag-plugins-para-marketing-digital","8":"pa_autores-thrive-themes","10":"first","11":"instock","12":"sale","13":"downloadable","14":"virtual","15":"sold-individually","16":"purchasable","17":"product-type-simple"},"acf":[],"_links":{"self":[{"href":"https:\/\/wpclub.pro\/en\/wp-json\/wp\/v2\/product\/13154","targetHints":{"allow":["GET"]}}],"collection":[{"href":"https:\/\/wpclub.pro\/en\/wp-json\/wp\/v2\/product"}],"about":[{"href":"https:\/\/wpclub.pro\/en\/wp-json\/wp\/v2\/types\/product"}],"replies":[{"embeddable":true,"href":"https:\/\/wpclub.pro\/en\/wp-json\/wp\/v2\/comments?post=13154"}],"version-history":[{"count":1,"href":"https:\/\/wpclub.pro\/en\/wp-json\/wp\/v2\/product\/13154\/revisions"}],"predecessor-version":[{"id":126711,"href":"https:\/\/wpclub.pro\/en\/wp-json\/wp\/v2\/product\/13154\/revisions\/126711"}],"wp:featuredmedia":[{"embeddable":true,"href":"https:\/\/wpclub.pro\/en\/wp-json\/wp\/v2\/media\/59199"}],"wp:attachment":[{"href":"https:\/\/wpclub.pro\/en\/wp-json\/wp\/v2\/media?parent=13154"}],"wp:term":[{"taxonomy":"product_brand","embeddable":true,"href":"https:\/\/wpclub.pro\/en\/wp-json\/wp\/v2\/product_brand?post=13154"},{"taxonomy":"product_cat","embeddable":true,"href":"https:\/\/wpclub.pro\/en\/wp-json\/wp\/v2\/product_cat?post=13154"},{"taxonomy":"product_tag","embeddable":true,"href":"https:\/\/wpclub.pro\/en\/wp-json\/wp\/v2\/product_tag?post=13154"}],"curies":[{"name":"wp","href":"https:\/\/api.w.org\/{rel}","templated":true}]}}