{"id":13763,"date":"2026-04-22T14:50:47","date_gmt":"2026-04-22T18:50:47","guid":{"rendered":"https:\/\/wpclub.pro\/?post_type=product&#038;p=13763"},"modified":"2026-04-22T14:51:27","modified_gmt":"2026-04-22T18:51:27","slug":"custom-facebook-feed-pro","status":"publish","type":"product","link":"https:\/\/wpclub.pro\/en\/item\/custom-facebook-feed-pro\/","title":{"rendered":"Custom Facebook Feed Pro 4.7.7"},"content":{"rendered":"<div data-elementor-type=\"product-post\" data-elementor-id=\"13763\" class=\"elementor elementor-13763\" data-elementor-post-type=\"product\">\n\t\t\t\t<div class=\"wd-negative-gap elementor-element elementor-element-1a871271 e-flex e-con-boxed e-con e-parent\" data-id=\"1a871271\" data-element_type=\"container\" data-e-type=\"container\">\n\t\t\t\t\t<div class=\"e-con-inner\">\n\t\t\t\t<div class=\"elementor-element elementor-element-71c9daee color-scheme-inherit text-left elementor-widget elementor-widget-text-editor\" data-id=\"71c9daee\" data-element_type=\"widget\" data-e-type=\"widget\" data-widget_type=\"text-editor.default\">\n\t\t\t\t<div class=\"elementor-widget-container\">\n\t\t\t\t\t\t\t\t\t<h2>Custom Facebook Feed Pro<\/h2><p>Integre sin problemas el contenido de Facebook en su sitio web con el complemento Custom Facebook Feed Pro<\/p><h3><strong>Muestre autom\u00e1ticamente sus actualizaciones de Facebook en su sitio web de WordPress con Custom Facebook Feed Pro<\/strong><\/h3><ul><li><strong>Ahorre tiempo<\/strong><br \/>\u00bfNo tiene tiempo para escribir un blog? Ahorre tiempo utilizando el complemento Custom Facebook Feed Pro para generar contenido din\u00e1mico para su sitio web. Publique una actualizaci\u00f3n en su p\u00e1gina de Facebook y se enviar\u00e1 autom\u00e1ticamente a su sitio web.<\/li><li><strong>Increase social commitment<br \/><\/strong>Aumente el compromiso entre usted y sus usuarios, clientes o fans. Obtenga m\u00e1s Me gusta mostrando su contenido y comentarios de Facebook directamente en su sitio.<\/li><li><strong>Add dynamic SEO content to your site<\/strong><br \/>Todo ese contenido de Facebook de calidad, rico en palabras clave, proveniente de publicaciones y comentarios, est\u00e1 integrado directamente en su sitio web.<\/li><\/ul><h3>\u00bfPor qu\u00e9 el complemento Custom Facebook Feed Pro es el m\u00e1s adecuado para usted?<\/h3><p>Hemos tenido la misi\u00f3n de crear un complemento de Facebook maravillosamente simple pero profundamente personalizable para WordPress que permita a cualquier persona, sin importar qu\u00e9 tan experto en tecnolog\u00eda o dise\u00f1o, agregue sin problemas su contenido de Facebook en su sitio web en minutos con Custom Facebook Feed Pro.<\/p><ul><li><strong>Super easy to set up<\/strong><br \/>Una vez que se instala Custom Facebook Feed Pro, \u00a1puedes tener todo configurado en 60 segundos! Simplemente conecte el complemento en la p\u00e1gina de Configuraci\u00f3n y estar\u00e1 listo para las carreras. Luego, agregue el c\u00f3digo corto a cualquier p\u00e1gina, publicaci\u00f3n o widget de WordPress en su sitio. Es realmente as\u00ed de simple.<\/li><li><strong>Showcase your content your way<\/strong><br \/>Adapte sus feeds para mostrar cualquier tipo de contenido que desee. Integre sus fotos, videos, eventos y m\u00e1s de Facebook en su sitio web para que coincida completamente con la apariencia del sitio. No m\u00e1s iframes no personalizables.<\/li><li><strong>Almacenamiento en cach\u00e9 de publicaciones para tiempos de carga ultrarr\u00e1pidos y confiabilidad<\/strong><br \/>El sistema de almacenamiento en cach\u00e9 de publicaciones de Custom Facebook Feed Pro almacena en cach\u00e9 de manera inteligente diferentes partes de su feed para minimizar las solicitudes de Facebook y ayudar a que su contenido se cargue a la velocidad del rayo. problema con Facebook su feed no se apagar\u00e1.<\/li><li><strong>Facebook oEmbeds<\/strong><br \/>WordPress elimin\u00f3 el soporte de Facebook oEmbed debido a cambios en la API, pero el complemento Custom Facebook Feed lo vuelve a agregar. Alimente todos sus oEmbeds de Facebook existentes y futuros en su sitio de WordPress.<\/li><li><strong>V\u00eddeo en HD, 360 y en directo<\/strong><br \/>Vea v\u00eddeos en HD en pantalla completa o cambie manualmente la resoluci\u00f3n seg\u00fan sea necesario. La compatibilidad con video 360o permite a los usuarios interactuar con el video directamente en su sitio. Transmita videos en vivo directamente en su feed en tiempo real.<\/li><li><strong>Controle qu\u00e9 partes de sus publicaciones se muestran<\/strong><br \/>Personalice verdaderamente sus publicaciones eligiendo qu\u00e9 partes de ellas mostrar u ocultar. Con Custom Facebook Feed Pro puedes crear un feed minimalista, hacer todo lo posible e incluirlo todo o reunirte en alg\u00fan punto intermedio.<\/li><li><strong>Siempre confiable<\/strong><br \/>Nuestro confiable sistema de almacenamiento en cach\u00e9 de respaldo significa que sus publicaciones siempre se mostrar\u00e1n incluso si hay un problema con Facebook, y nuestras alertas de administrador significan que se le notifica si necesita tomar medidas.<\/li><li><strong>No technical knowledge is required<\/strong><br \/>El complemento de WordPress Custom Facebook Feed Pro se ve muy bien en su sitio desde el primer momento. Est\u00e1 dise\u00f1ado para heredar las mismas fuentes, colores y otros estilos que usa su tema de WordPress, por lo que no requiere ning\u00fan trabajo para que se vea genial.<\/li><li><strong>Profundamente personalizable<\/strong><br \/>De forma predeterminada, el feed adoptar\u00e1 el estilo de su sitio web, \u00a1pero se puede personalizar completamente para que se vea como desee! Hemos agregado toneladas de opciones de personalizaci\u00f3n para que pueda ajustar exactamente c\u00f3mo se ve y c\u00f3mo se muestra su contenido de Facebook.<\/li><li><strong>GDPR compliance<\/strong><br \/>Custom Facebook Feed Pro Se integra autom\u00e1ticamente con muchos de los complementos de consentimiento de GDPR m\u00e1s populares y tiene una configuraci\u00f3n GDPR f\u00e1cil de 1 clic que mostrar\u00e1 una versi\u00f3n compatible con GDPR de su feed de Facebook sin solicitudes de terceros.<\/li><li><strong>Gutenberg Block<\/strong><br \/>Utilice nuestro bloque de Gutenberg para agregar, personalizar y obtener una vista previa de su feed de manera r\u00e1pida y conveniente directamente en el editor de p\u00e1ginas de Gutenberg.<\/li><li><strong>Facebook Feed Pro personalizado Admite comentarios y reacciones<\/strong><br \/>Muestra cualquier me gusta, acciones, comentarios y reacciones en un cuadro desplegable personalizable debajo de cada publicaci\u00f3n, que incluye respuestas a comentarios, archivos adjuntos de im\u00e1genes y pegatinas.<\/li><li><strong>Grupos de Facebook<\/strong><br \/>Muestra publicaciones, eventos, \u00e1lbumes o videos de un grupo de Facebook. Requiere que el administrador del grupo agregue nuestra aplicaci\u00f3n en la configuraci\u00f3n del grupo.<\/li><li><strong>Filtrado de publicaciones por palabra o hashtag<\/strong><br \/>Utilice nuestra configuraci\u00f3n de filtro para mostrar solo las publicaciones de su p\u00e1gina de Facebook que contengan palabras o hashtags espec\u00edficos, o haga lo contrario y oculte las publicaciones que las contengan.<\/li><li><strong>Responsive<\/strong><br \/>Te aseguraste de elegir un tema de WordPress responsive, as\u00ed que aseg\u00farate de que tu complemento de Facebook tambi\u00e9n responda para que coincida. El complemento de WordPress Custom Facebook Feed Pro se ha creado desde cero teniendo en cuenta los dispositivos m\u00f3viles, por lo que se ve muy bien en cualquier tama\u00f1o de pantalla y en cualquier dispositivo.<\/li><li><strong>Varias fuentes de Facebook <br \/><\/strong>Muestra todas las fuentes que desee, ya sea en la misma p\u00e1gina o en todo su sitio, y personalice cada una con nuestras poderosas opciones de c\u00f3digo abreviado. \u00bfQuieres mostrar fotos en un feed y eventos en otro? No hay problema con nuestro sencillo sistema de gesti\u00f3n de cuentas.<\/li><li><strong>Alertas de estado para sus feeds<\/strong><br \/>Integraci\u00f3n de verificaci\u00f3n de estado del sitio para asegurarse de saber cu\u00e1ndo hay problemas que impiden que sus feeds se actualicen en el sitio.<\/li><li><strong>Im\u00e1genes optimizadas<\/strong><br \/>El complemento Custom Facebook Feed Pro elige los tama\u00f1os de imagen \u00f3ptimos para mostrar en sus publicaciones. No m\u00e1s visualizaci\u00f3n de im\u00e1genes enormes que afecten negativamente la velocidad de su p\u00e1gina.<\/li><li><strong>Muestre publicaciones, fotos, videos, \u00e1lbumes y eventos<\/strong><br \/>Muestre estados, fotos, videos, eventos, enlaces, \u00e1lbumes y listas de reproducci\u00f3n de su p\u00e1gina de Facebook. Elija qu\u00e9 tipos de publicaciones se muestran. \u00bfSolo quieres mostrar fotos, videos o eventos? No hay problema.<\/li><li><strong>International language support<\/strong><br \/>Totalmente localizado y traducible: elija su configuraci\u00f3n regional de Facebook y traduzca manualmente cualquier cadena de texto a cualquier idioma.<\/li><\/ul><p>Obtenga ahora Facebook Feed Pro personalizado.<\/p>\t\t\t\t\t\t\t\t<\/div>\n\t\t\t\t<\/div>\n\t\t\t\t\t<\/div>\n\t\t\t\t<\/div>\n\t\t\t\t<\/div>","protected":false},"excerpt":{"rendered":"<p>Custom Facebook Feed Pro Integre sin problemas el contenido de Facebook en su sitio web con el complemento Custom Facebook<\/p>","protected":false},"featured_media":81755,"comment_status":"closed","ping_status":"closed","template":"","meta":{"_acf_changed":false},"product_brand":[],"product_cat":[67],"product_tag":[151],"class_list":{"0":"post-13763","1":"product","2":"type-product","3":"status-publish","4":"has-post-thumbnail","6":"product_cat-wordpress-plugins","7":"product_tag-plugins-para-comunidades-y-redes-sociales","8":"pa_autores-smash-balloon","10":"first","11":"instock","12":"sale","13":"downloadable","14":"virtual","15":"sold-individually","16":"purchasable","17":"product-type-simple"},"acf":[],"_links":{"self":[{"href":"https:\/\/wpclub.pro\/en\/wp-json\/wp\/v2\/product\/13763","targetHints":{"allow":["GET"]}}],"collection":[{"href":"https:\/\/wpclub.pro\/en\/wp-json\/wp\/v2\/product"}],"about":[{"href":"https:\/\/wpclub.pro\/en\/wp-json\/wp\/v2\/types\/product"}],"replies":[{"embeddable":true,"href":"https:\/\/wpclub.pro\/en\/wp-json\/wp\/v2\/comments?post=13763"}],"version-history":[{"count":0,"href":"https:\/\/wpclub.pro\/en\/wp-json\/wp\/v2\/product\/13763\/revisions"}],"wp:featuredmedia":[{"embeddable":true,"href":"https:\/\/wpclub.pro\/en\/wp-json\/wp\/v2\/media\/81755"}],"wp:attachment":[{"href":"https:\/\/wpclub.pro\/en\/wp-json\/wp\/v2\/media?parent=13763"}],"wp:term":[{"taxonomy":"product_brand","embeddable":true,"href":"https:\/\/wpclub.pro\/en\/wp-json\/wp\/v2\/product_brand?post=13763"},{"taxonomy":"product_cat","embeddable":true,"href":"https:\/\/wpclub.pro\/en\/wp-json\/wp\/v2\/product_cat?post=13763"},{"taxonomy":"product_tag","embeddable":true,"href":"https:\/\/wpclub.pro\/en\/wp-json\/wp\/v2\/product_tag?post=13763"}],"curies":[{"name":"wp","href":"https:\/\/api.w.org\/{rel}","templated":true}]}}