{"id":14209,"date":"2026-03-12T09:43:06","date_gmt":"2026-03-12T12:43:06","guid":{"rendered":"https:\/\/wpclub.pro\/?post_type=product&#038;p=14209"},"modified":"2026-03-12T09:45:32","modified_gmt":"2026-03-12T12:45:32","slug":"wordpress-download-manager-pro","status":"publish","type":"product","link":"https:\/\/wpclub.pro\/en\/item\/wordpress-download-manager-pro\/","title":{"rendered":"WordPress Download Manager Pro 7.3.1"},"content":{"rendered":"<div data-elementor-type=\"product-post\" data-elementor-id=\"14209\" class=\"elementor elementor-14209\" data-elementor-post-type=\"product\">\n\t\t\t\t<div class=\"wd-negative-gap elementor-element elementor-element-5ffbc2b6 e-flex e-con-boxed e-con e-parent\" data-id=\"5ffbc2b6\" data-element_type=\"container\" data-e-type=\"container\">\n\t\t\t\t\t<div class=\"e-con-inner\">\n\t\t\t\t<div class=\"elementor-element elementor-element-546248ec color-scheme-inherit text-left elementor-widget elementor-widget-text-editor\" data-id=\"546248ec\" data-element_type=\"widget\" data-e-type=\"widget\" data-widget_type=\"text-editor.default\">\n\t\t\t\t<div class=\"elementor-widget-container\">\n\t\t\t\t\t\t\t\t\t<h2>WordPress Download Manager Pro<\/h2>\n<p>WordPress Download Manager Pro est\u00e1 repleto de todas las funciones que necesitar\u00e1 para administrar sus archivos y documentos, proteger documentos con contrase\u00f1a, control de acceso a documentos seg\u00fan los roles y capacidades de los miembros, registro de acceso detallado, venta de productos digitales, licencias y muchas m\u00e1s funciones.<\/p>\n<p><span style=\"color: var(--wd-title-color); font-family: var(--wd-title-font); font-size: 22px; font-style: var(--wd-title-font-style); font-weight: var(--wd-title-font-weight); text-transform: var(--wd-title-transform);\">Caracter\u00edsticas de WordPress Download Manager Pro:<\/span><\/p>\n<ul>\n<li>Administrar documentos: WordPress Download Manager Pro cubre todas las funciones que necesitar\u00e1. Aqu\u00ed se encuentran algunas caracter\u00edsticas importantes destacadas.<\/li>\n<li>Comparte y promociona: mejora la apariencia en las redes sociales.&nbsp;Bloquea tu descarga usando diferentes opciones de redes sociales<\/li>\n<li>Venda productos digitales: convierta su sitio en una tienda o mercado digital con todas las funciones con solo unos pocos clics.<\/li>\n<li>Membres\u00eda y suscripciones: con Download Manager Pro y WP Pro Membership puede convertir su sitio en un sitio de membres\u00eda.<\/li>\n<\/ul>\n<h3>Gesti\u00f3n de activos digitales todo en uno<\/h3>\n<p>Download Manager Pro no es solo \u00abOtro complemento de WordPress\u00bb. Download Manager es el mejor complemento de administraci\u00f3n de archivos \/ documentos para administrar, rastrear, controlar las descargas de archivos y la soluci\u00f3n completa de comercio electr\u00f3nico para vender productos digitales desde su sitio de WordPress.<\/p>\n<p>Download Manager Pro est\u00e1 repleto de todas las funciones que necesitar\u00e1 para vender productos digitales y monitorear descargas de archivos, como variaciones de precios, licencias, protecci\u00f3n con contrase\u00f1a, visibilidad de descargas seg\u00fan los roles y capacidades de los miembros, registro de acceso detallado y muchas m\u00e1s funciones.<\/p>\n<p>Obtenga hoy WordPress Download Manager Pro.<\/p>\t\t\t\t\t\t\t\t<\/div>\n\t\t\t\t<\/div>\n\t\t\t\t\t<\/div>\n\t\t\t\t<\/div>\n\t\t\t\t<\/div>","protected":false},"excerpt":{"rendered":"<p>WordPress Download Manager Pro WordPress Download Manager Pro est\u00e1 repleto de todas las funciones que necesitar\u00e1 para administrar sus archivos<\/p>","protected":false},"featured_media":119981,"comment_status":"closed","ping_status":"closed","template":"","meta":{"_acf_changed":false},"product_brand":[],"product_cat":[67],"product_tag":[183],"class_list":{"0":"post-14209","1":"product","2":"type-product","3":"status-publish","4":"has-post-thumbnail","6":"product_cat-wordpress-plugins","7":"product_tag-plugins-para-descargas-y-mapas","8":"pa_autores-wp-download-manager","10":"first","11":"instock","12":"sale","13":"featured","14":"downloadable","15":"virtual","16":"sold-individually","17":"purchasable","18":"product-type-simple"},"acf":[],"_links":{"self":[{"href":"https:\/\/wpclub.pro\/en\/wp-json\/wp\/v2\/product\/14209","targetHints":{"allow":["GET"]}}],"collection":[{"href":"https:\/\/wpclub.pro\/en\/wp-json\/wp\/v2\/product"}],"about":[{"href":"https:\/\/wpclub.pro\/en\/wp-json\/wp\/v2\/types\/product"}],"replies":[{"embeddable":true,"href":"https:\/\/wpclub.pro\/en\/wp-json\/wp\/v2\/comments?post=14209"}],"version-history":[{"count":0,"href":"https:\/\/wpclub.pro\/en\/wp-json\/wp\/v2\/product\/14209\/revisions"}],"wp:featuredmedia":[{"embeddable":true,"href":"https:\/\/wpclub.pro\/en\/wp-json\/wp\/v2\/media\/119981"}],"wp:attachment":[{"href":"https:\/\/wpclub.pro\/en\/wp-json\/wp\/v2\/media?parent=14209"}],"wp:term":[{"taxonomy":"product_brand","embeddable":true,"href":"https:\/\/wpclub.pro\/en\/wp-json\/wp\/v2\/product_brand?post=14209"},{"taxonomy":"product_cat","embeddable":true,"href":"https:\/\/wpclub.pro\/en\/wp-json\/wp\/v2\/product_cat?post=14209"},{"taxonomy":"product_tag","embeddable":true,"href":"https:\/\/wpclub.pro\/en\/wp-json\/wp\/v2\/product_tag?post=14209"}],"curies":[{"name":"wp","href":"https:\/\/api.w.org\/{rel}","templated":true}]}}