{"id":14213,"date":"2024-09-04T10:45:44","date_gmt":"2024-09-04T14:45:44","guid":{"rendered":"https:\/\/wpclub.pro\/?post_type=product&#038;p=14213"},"modified":"2024-10-03T12:29:03","modified_gmt":"2024-10-03T15:29:03","slug":"buddypress-member-types-pro","status":"publish","type":"product","link":"https:\/\/wpclub.pro\/en\/item\/buddypress-member-types-pro\/","title":{"rendered":"BuddyPress Member Types Pro 1.5.6"},"content":{"rendered":"<p>] css=\u00bb.vc_custom_1629733467375{margin-right: 15px !important;padding-top: 30px !important;padding-right: 30px !important;padding-bottom: 30px !important;padding-left: 30px !important;background-color: #f4f4f4 !important;border-radius: 5px !important;}\u00bb width=\u00bb1\/1&#8243; mobile_bg_img_hidden=\u00bbno\u00bb tablet_bg_img_hidden=\u00bbno\u00bb woodmart_parallax=\u00bb0&#8243; woodmart_sticky_column=\u00bbfalse\u00bb parallax_scroll=\u00bbno\u00bb mobile_reset_margin=\u00bbno\u00bb tablet_reset_margin=\u00bbno\u00bb]_text woodmart_inline=\u00bbno\u00bb text_larger=\u00bbno\u00bb]<\/p>\n<h2>BuddyPress Member Types Pro<\/h2>\n<p>BuddyPress Member Types Pro es la soluci\u00f3n de tipo de miembro BuddyPress m\u00e1s completa para su sitio. Campo Tipo de miembro, asignaci\u00f3n autom\u00e1tica de roles, asignaci\u00f3n de membres\u00edas de WooCommerce y mucho m\u00e1s.<\/p>\n<h3>Particularidades de BuddyPress Member Types Pro<\/h3>\n<ul>\n<li><strong>Feature Rich: <\/strong>BuddyPress Member Types Pro es el complemento m\u00e1s completo con caracter\u00edsticas como campo de tipo de miembro \u00fanico o m\u00faltiple, roles autom\u00e1ticos y asignaciones de membres\u00eda.<\/li>\n<li><strong>F\u00e1cil de usar: <\/strong>Funciona maravillosamente fuera de la caja.\u00a0Cree y administre f\u00e1cilmente tipos de miembros, asociaciones de roles de manera r\u00e1pida y eficiente.<\/li>\n<li><strong>C\u00f3digo de alta calidad: <\/strong>BuddyPress Member Types Pro Viene con un c\u00f3digo excelente para un uso resistente a largo plazo.<\/li>\n<li><strong>Gran apoyo: <\/strong>Estamos aqu\u00ed para ayudar.\u00a0H\u00e1ganos saber en nuestros foros y lo atenderemos a la brevedad.<\/li>\n<li><strong>Cree y administre f\u00e1cilmente tipos de miembros: <\/strong>BuddyPress Member Types Pro tiene una interfaz simple e intuitiva.<\/li>\n<li>Acceda desde Panel de control-&gt; Usuarios-&gt; Tipos de miembros.<\/li>\n<li>Cree \/ edite \/ active \/ desactive \/ elimine f\u00e1cilmente tipos de miembros.<\/li>\n<li>Utilice c\u00f3digos cortos para incrustar sus listas de miembros.<\/li>\n<\/ul>\n<h3><strong>Con BuddyPress Member Types Pro Toma el control del directorio de tipos de miembros.<\/strong><\/h3>\n<ul>\n<li>Activar \/ desactivar directorio de tipo de miembro.<\/li>\n<li>Personaliza la barra de directorio de tipo de miembro.<\/li>\n<li>Controle la lista de pesta\u00f1as de tipo de miembro en el directorio.<\/li>\n<li>Incluir \/ excluir miembros pertenecientes a un tipo de miembro del directorio.<\/li>\n<li>Redireccionamiento de inicio de sesi\u00f3n condicional basado en el tipo de miembro y redireccionamiento despu\u00e9s de la activaci\u00f3n de la cuenta.<\/li>\n<li>Selecci\u00f3n de pesta\u00f1a de destino del perfil predeterminado basada en el tipo de miembro.<\/li>\n<\/ul>\n<h3><strong>Cuenta con campos de perfil de tipo de miembro \u00fanico y m\u00faltiple ricos y altamente personalizables.<\/strong><\/h3>\n<ul>\n<li><strong>Tipo de<\/strong> <strong>visualizaci\u00f3n de campo:<\/strong> Muestra las opciones de campo como radio o como cuadro de selecci\u00f3n.<\/li>\n<li><strong>Listado de <\/strong><strong>control:<\/strong> Controle qu\u00e9 tipos de miembros estar\u00e1n disponibles en la opci\u00f3n de campo de perfil. Mostrar todo o solo seleccionado.<\/li>\n<li><strong>Permitir \/ No permitir Cambiar el tipo de miembro: <\/strong>Puede permitir o restringir que los usuarios cambien su tipo de miembro despu\u00e9s del registro.<\/li>\n<li><strong>Campo<\/strong> <strong>condicional:<\/strong> Registro condicional y campos de perfil de edici\u00f3n. Controle qu\u00e9 campos son visibles para los usuarios que pertenecen a un tipo de miembro determinado.<\/li>\n<\/ul>\n<h3><strong>Configure la asignaci\u00f3n autom\u00e1tica de roles de WordPress seg\u00fan el tipo de miembro de BuddyPress.<\/strong><\/h3>\n<ul>\n<li>Asocie uno o m\u00e1s roles de WordPress a un tipo de miembro.<\/li>\n<li>Al cambiar el tipo de miembro, a los usuarios se les asignar\u00e1n los nuevos roles.<\/li>\n<li>Si el nuevo tipo de miembro no tiene ning\u00fan tipo de miembro asociado, los roles del usuario no cambiar\u00e1n.<\/li>\n<li>Si el usuario es superadministrador, su funci\u00f3n no se modifica.<\/li>\n<li>El cambio de rol no cambiar\u00e1 el tipo de miembro.<\/li>\n<\/ul>\n<h3><strong>Con BuddyPress Member Types Pro, agregue usuarios a BuddyPress Groups seg\u00fan su tipo de miembro.<\/strong><\/h3>\n<ul>\n<li>Asociar grupos de BuddyPress a tipos de miembros.<\/li>\n<li>Asignar grupos autom\u00e1ticamente al usuario en el registro seg\u00fan el tipo de miembro.<\/li>\n<li>Asignar autom\u00e1ticamente nuevos grupos al cambiar el tipo de miembro.<\/li>\n<li>Eliminar de un grupo no cambiar\u00e1 su tipo de miembro.<\/li>\n<\/ul>\n<h3><strong>\u00bfUtiliza las membres\u00edas de WooCommerce?\u00a0Int\u00e9grelo sin problemas con BuddyPress Member Types Pro.<\/strong><\/h3>\n<ul>\n<li>Planes de membres\u00eda asociada a tipos de miembros.<\/li>\n<li>Asigne autom\u00e1ticamente planes de membres\u00eda en el registro seg\u00fan el tipo de miembro.<\/li>\n<li>Asignar autom\u00e1ticamente nuevas membres\u00edas en el cambio de tipo de miembro.<br \/>\nEliminar membres\u00edas o cambiarlas no cambiar\u00e1 el tipo de miembro.<\/li>\n<\/ul>\n<h3><strong>\u00bfEst\u00e1 utilizando Paid Memberships Pro con BuddyPress?\u00a0Te tenemos cubierto.<\/strong><\/h3>\n<ul>\n<li>Asociar los niveles Pro Paid Memberships a BuddyPress Member Types Pro.<\/li>\n<li>Asigne autom\u00e1ticamente el nivel Paid Memberships Pro al usuario en el registro seg\u00fan el tipo de miembro.<\/li>\n<li>Asignar autom\u00e1ticamente nuevos niveles al cambiar el tipo de miembro.<br \/>\nEliminar de un nivel no cambiar\u00e1 su tipo de miembro.<\/li>\n<\/ul>\n<h3><strong>Tome el control de la visibilidad del contenido con BuddyPress Member Types Pro.<\/strong><\/h3>\n<ul>\n<li>Cuatro c\u00f3digos cortos para controlar la visibilidad seg\u00fan los tipos de miembros.<\/li>\n<li>Cada shortcode permite usar uno o m\u00e1s tipos de miembros como opciones.<\/li>\n<li>[bpmtp-show-if-member-type in = member_type1, member_type2] Alg\u00fan contenido [\/ bpmtp-show-if-member-type].<\/li>\n<li>[bpmtp-show-if-not-member-type in = member_type1, member_type2] Alg\u00fan contenido [\/ bpmtp-show-if-not-member-type].<\/li>\n<li>[bpmtp-hide-if-member-type in = member_type1, member_type2] Alg\u00fan contenido [\/ bpmtp-hide-if-member-type].<\/li>\n<li>[bpmtp-hide-if-not-member-type in = member_type1, member_type2] Alg\u00fan contenido [\/ bpmtp-hide-if-not-member-type].<\/li>\n<li>Los nombres de los c\u00f3digos abreviados se explican por s\u00ed mismos.\u00a0Puede especificar uno o m\u00e1s tipos de miembros como opci\u00f3n.<\/li>\n<\/ul>\n<p>Obtenga ahora BuddyPress Member Types Pro.[\/vc_column_text][\/vc_column][\/vc_row] css=\u00bb.vc_custom_1629733150529{margin-top: 30px !important;}\u00bb mobile_bg_img_hidden=\u00bbno\u00bb tablet_bg_img_hidden=\u00bbno\u00bb woodmart_parallax=\u00bb0&#8243; woodmart_gradient_switch=\u00bbno\u00bb row_reverse_mobile=\u00bb0&#8243; row_reverse_tablet=\u00bb0&#8243; woodmart_disable_overflow=\u00bb0&#8243;] css=\u00bb.vc_custom_1629733167411{background-color: #f4f4f4 !important;border-radius: 5px !important;}\u00bb mobile_bg_img_hidden=\u00bbno\u00bb tablet_bg_img_hidden=\u00bbno\u00bb woodmart_parallax=\u00bb0&#8243; woodmart_sticky_column=\u00bbfalse\u00bb parallax_scroll=\u00bbno\u00bb mobile_reset_margin=\u00bbno\u00bb tablet_reset_margin=\u00bbno\u00bb]_text woodmart_inline=\u00bbno\u00bb text_larger=\u00bbno\u00bb]<\/p>\n<p style=\"text-align: center;\">Los productos publicados en el sitio son distribuimos bajo licenciamiento <a href=\"https:\/\/www.gnu.org\/licenses\/licenses.es.html\" target=\"_blank\" rel=\"noopener\" data-schema-attribute=\"\"><strong>GPL \/ GNU<\/strong><\/a>. Recuerda siempre revisar nuestros <strong><a href=\"https:\/\/wpclub.pro\/terminos-de-uso\/\" target=\"_blank\" rel=\"noopener\" data-schema-attribute=\"\">T\u00e9rminos de Uso<\/a><\/strong> y <strong><a href=\"https:\/\/wpclub.pro\/politica-de-privacidad\/\" target=\"_blank\" rel=\"noopener\" data-schema-attribute=\"\">Pol\u00edtica de Privacidad<\/a><\/strong>.<\/p>\n<p>[\/vc_column_text][\/vc_column][\/vc_row]<\/p>\n","protected":false},"excerpt":{"rendered":"<p>] css=\u00bb.vc_custom_1629733467375{margin-right: 15px !important;padding-top: 30px !important;padding-right: 30px !important;padding-bottom: 30px !important;padding-left: 30px !important;background-color: #f4f4f4 !important;border-radius: 5px !important;}\u00bb width=\u00bb1\/1&#8243; mobile_bg_img_hidden=\u00bbno\u00bb tablet_bg_img_hidden=\u00bbno\u00bb woodmart_parallax=\u00bb0&#8243;<\/p>","protected":false},"featured_media":27108,"comment_status":"closed","ping_status":"closed","template":"","meta":{"_acf_changed":false},"product_brand":[],"product_cat":[67],"product_tag":[151],"class_list":{"0":"post-14213","1":"product","2":"type-product","3":"status-publish","4":"has-post-thumbnail","6":"product_cat-wordpress-plugins","7":"product_tag-plugins-para-comunidades-y-redes-sociales","8":"pa_autores-buddydev","10":"first","11":"instock","12":"sale","13":"downloadable","14":"virtual","15":"sold-individually","16":"purchasable","17":"product-type-simple"},"acf":[],"_links":{"self":[{"href":"https:\/\/wpclub.pro\/en\/wp-json\/wp\/v2\/product\/14213","targetHints":{"allow":["GET"]}}],"collection":[{"href":"https:\/\/wpclub.pro\/en\/wp-json\/wp\/v2\/product"}],"about":[{"href":"https:\/\/wpclub.pro\/en\/wp-json\/wp\/v2\/types\/product"}],"replies":[{"embeddable":true,"href":"https:\/\/wpclub.pro\/en\/wp-json\/wp\/v2\/comments?post=14213"}],"version-history":[{"count":0,"href":"https:\/\/wpclub.pro\/en\/wp-json\/wp\/v2\/product\/14213\/revisions"}],"wp:featuredmedia":[{"embeddable":true,"href":"https:\/\/wpclub.pro\/en\/wp-json\/wp\/v2\/media\/27108"}],"wp:attachment":[{"href":"https:\/\/wpclub.pro\/en\/wp-json\/wp\/v2\/media?parent=14213"}],"wp:term":[{"taxonomy":"product_brand","embeddable":true,"href":"https:\/\/wpclub.pro\/en\/wp-json\/wp\/v2\/product_brand?post=14213"},{"taxonomy":"product_cat","embeddable":true,"href":"https:\/\/wpclub.pro\/en\/wp-json\/wp\/v2\/product_cat?post=14213"},{"taxonomy":"product_tag","embeddable":true,"href":"https:\/\/wpclub.pro\/en\/wp-json\/wp\/v2\/product_tag?post=14213"}],"curies":[{"name":"wp","href":"https:\/\/api.w.org\/{rel}","templated":true}]}}