{"id":14249,"date":"2026-04-29T11:08:39","date_gmt":"2026-04-29T15:08:39","guid":{"rendered":"https:\/\/wpclub.pro\/?post_type=product&#038;p=14249"},"modified":"2026-04-29T11:09:42","modified_gmt":"2026-04-29T15:09:42","slug":"instagram-feed-pro","status":"publish","type":"product","link":"https:\/\/wpclub.pro\/en\/item\/instagram-feed-pro\/","title":{"rendered":"Instagram Feed Pro 6.10.2"},"content":{"rendered":"<div data-elementor-type=\"product-post\" data-elementor-id=\"14249\" class=\"elementor elementor-14249\" data-elementor-post-type=\"product\">\n\t\t\t\t<div class=\"wd-negative-gap elementor-element elementor-element-78a71a8a e-flex e-con-boxed e-con e-parent\" data-id=\"78a71a8a\" data-element_type=\"container\" data-e-type=\"container\">\n\t\t\t\t\t<div class=\"e-con-inner\">\n\t\t\t\t<div class=\"elementor-element elementor-element-3693d9be color-scheme-inherit text-left elementor-widget elementor-widget-text-editor\" data-id=\"3693d9be\" data-element_type=\"widget\" data-e-type=\"widget\" data-widget_type=\"text-editor.default\">\n\t\t\t\t<div class=\"elementor-widget-container\">\n\t\t\t\t\t\t\t\t\t<h2>Instagram Feed Pro<\/h2><p>Ahorre tiempo \u00bfNo tiene tiempo para actualizar sus fotos en su sitio? Ahorre tiempo y aumente la eficiencia publicando solo sus fotos en Instagram y mostr\u00e1ndolas autom\u00e1ticamente en su sitio web con Instagram Feed Pro.<\/p><h3><strong>Increase social commitment<\/strong><\/h3><p>Aumente el compromiso entre usted y sus seguidores de Instagram. Con Instagram Feed Pro aumente su n\u00famero de seguidores mostrando su contenido de Instagram directamente en su sitio.<\/p><h3><strong>Mantenga su sitio con un aspecto fresco<\/strong><\/h3><p>Con Instagram Feed Pro env\u00ede autom\u00e1ticamente su nuevo contenido de Instagram directamente a su sitio para mantenerlo actualizado y mantener a su audiencia comprometida.<\/p><h3><strong>\u00bfPor qu\u00e9 el complemento Instagram Feed Pro es el m\u00e1s adecuado para usted?<\/strong><\/h3><p>Hemos tenido la misi\u00f3n de crear un complemento de Instagram maravillosamente simple pero profundamente personalizable para WordPress que permita a cualquier persona, sin importar qu\u00e9 tan experto en tecnolog\u00eda o dise\u00f1o, agregue sin problemas su contenido de Instagram en su sitio web en minutos.<\/p><h3><strong>Super easy to set up<\/strong><\/h3><p>Una vez instalado, \u00a1puede mostrar su contenido de Instagram en 30 segundos!\u00a0No se necesitan pasos confusos ni una cuenta de desarrollador de Instagram.<\/p><h3><strong>Showcase your content your way <\/strong><\/h3><p>\u00a1Personalice sus feeds de Instagram para que se vean exactamente como usted desea, de modo que se mezclen perfectamente con su sitio o se muestren a sus visitantes!<\/p><h3><strong>Caching of posts for ultra-fast load times<\/strong><\/h3><p>Instagram Feed Pro almacena en cach\u00e9 los datos que recibe de Instagram para minimizar las solicitudes y disminuir los tiempos de carga. Tambi\u00e9n tiene un sistema de almacenamiento en cach\u00e9 de respaldo para que su feed a\u00fan se muestre incluso si hay un problema con el servicio API de Instagram, lo que garantiza que su feed no se caiga cuando m\u00e1s lo necesite.<\/p><h3><strong>Instagram Feed Pro en cumplimiento de GDPR <\/strong><\/h3><p>Se\u00a0integra autom\u00e1ticamente con muchos de los complementos de consentimiento de GDPR m\u00e1s populares, y tiene una configuraci\u00f3n GDPR f\u00e1cil de 1 clic que mostrar\u00e1 una versi\u00f3n compatible con GDPR de su feed de Instagram sin solicitudes de terceros.<\/p><h3><strong>Historias de Instagram<\/strong><\/h3><p>\u00bfTienes historias que contar?\u00a0Queremos ayudarte a compartirlos.\u00a0Muestre las historias de Instagram directamente en su sitio web en una caja de luz emergente para mantener a sus usuarios interesados \u200b\u200by en su sitio web durante m\u00e1s tiempo.\u00a0Simplemente haga clic en la imagen de avatar resaltada en el encabezado del feed.<\/p><h3><strong>IGTV<\/strong><\/h3><p>Muestra videos de IGTV en tu feed de Instagram o incluso elige mostrar un feed de solo tus publicaciones de IGTV.<\/p><h3><strong>Feeds de hashtag<\/strong><\/h3><p>Como socio aprobado de Instagram, nos enorgullece afirmar que Instagram Feed Pro es totalmente compatible con la versi\u00f3n m\u00e1s reciente de la API de Instagram y, por lo tanto, puede mostrar feeds de hashtag sin necesidad de raspar el sitio web de Instagram.<\/p><p><strong>Potente sistema de moderaci\u00f3n visual<\/strong><\/p><p>\u00bfNo desea que aparezcan fotos de ciertos usuarios o desea ocultar fotos espec\u00edficas en su feed?\u00a0No hay problema.\u00a0Nuestro sistema de moderaci\u00f3n visual f\u00e1cil de usar simplifica la moderaci\u00f3n de su feed.<\/p><h3><strong>Feeds etiquetados<\/strong><\/h3><p>Muestre las publicaciones en las que otros usuarios lo etiquetaron y aumente el compromiso de su audiencia con su cuenta de Instagram.<\/p><h3><strong>Gutenberg Block<\/strong><\/h3><p>Utilice nuestro bloque de Gutenberg para agregar, personalizar y obtener una vista previa de su feed de manera r\u00e1pida y conveniente directamente en el editor de p\u00e1ginas de Gutenberg.<\/p><h3><strong>Plantillas y ganchos f\u00e1ciles de usar para desarrolladores<\/strong><\/h3><p>Utilice nuestro sistema de plantillas para personalizar completamente la salida HTML de su feed de Instagram, o utilice ganchos integrados para modificar la configuraci\u00f3n y la funcionalidad del feed mediante programaci\u00f3n.<\/p><h3><strong>Im\u00e1genes optimizadas<\/strong><\/h3><p>Instagram solo proporciona tama\u00f1os de imagen limitados que a menudo ser\u00e1n demasiado grandes y afectar\u00e1n negativamente la velocidad de su p\u00e1gina. Instagram Feed Pro cambiar\u00e1 el tama\u00f1o de las im\u00e1genes de Instagram y le permitir\u00e1 guardarlas localmente en su sitio web en lugar de usar el CDN de Instagram.<\/p><p>Luego seleccionar\u00e1 el tama\u00f1o de imagen \u00f3ptimo para mostrar en su sitio.<\/p><h3><strong>Cree feeds \u00abcomprables\u00bb<\/strong><\/h3><p>Vincule sus publicaciones de Instagram a URL personalizadas de su elecci\u00f3n simplemente agregando la URL al t\u00edtulo de su publicaci\u00f3n en Instagram, lo que le permite vincular publicaciones espec\u00edficas en su feed a p\u00e1ginas o productos en su sitio (u otros sitios) de forma r\u00e1pida y sencilla.<\/p><p>y mucho m\u00e1s&#8230;<\/p><p>Obtenga ahora el complemento Instagram Feed Pro.<\/p>\t\t\t\t\t\t\t\t<\/div>\n\t\t\t\t<\/div>\n\t\t\t\t\t<\/div>\n\t\t\t\t<\/div>\n\t\t\t\t<\/div>","protected":false},"excerpt":{"rendered":"<p>Instagram Feed Pro Ahorre tiempo \u00bfNo tiene tiempo para actualizar sus fotos en su sitio? Ahorre tiempo y aumente la<\/p>","protected":false},"featured_media":81753,"comment_status":"closed","ping_status":"closed","template":"","meta":{"_acf_changed":false},"product_brand":[],"product_cat":[67],"product_tag":[151],"class_list":{"0":"post-14249","1":"product","2":"type-product","3":"status-publish","4":"has-post-thumbnail","6":"product_cat-wordpress-plugins","7":"product_tag-plugins-para-comunidades-y-redes-sociales","8":"pa_autores-smash-balloon","10":"first","11":"instock","12":"sale","13":"downloadable","14":"virtual","15":"sold-individually","16":"purchasable","17":"product-type-simple"},"acf":[],"_links":{"self":[{"href":"https:\/\/wpclub.pro\/en\/wp-json\/wp\/v2\/product\/14249","targetHints":{"allow":["GET"]}}],"collection":[{"href":"https:\/\/wpclub.pro\/en\/wp-json\/wp\/v2\/product"}],"about":[{"href":"https:\/\/wpclub.pro\/en\/wp-json\/wp\/v2\/types\/product"}],"replies":[{"embeddable":true,"href":"https:\/\/wpclub.pro\/en\/wp-json\/wp\/v2\/comments?post=14249"}],"version-history":[{"count":0,"href":"https:\/\/wpclub.pro\/en\/wp-json\/wp\/v2\/product\/14249\/revisions"}],"wp:featuredmedia":[{"embeddable":true,"href":"https:\/\/wpclub.pro\/en\/wp-json\/wp\/v2\/media\/81753"}],"wp:attachment":[{"href":"https:\/\/wpclub.pro\/en\/wp-json\/wp\/v2\/media?parent=14249"}],"wp:term":[{"taxonomy":"product_brand","embeddable":true,"href":"https:\/\/wpclub.pro\/en\/wp-json\/wp\/v2\/product_brand?post=14249"},{"taxonomy":"product_cat","embeddable":true,"href":"https:\/\/wpclub.pro\/en\/wp-json\/wp\/v2\/product_cat?post=14249"},{"taxonomy":"product_tag","embeddable":true,"href":"https:\/\/wpclub.pro\/en\/wp-json\/wp\/v2\/product_tag?post=14249"}],"curies":[{"name":"wp","href":"https:\/\/api.w.org\/{rel}","templated":true}]}}