{"id":14524,"date":"2025-09-11T14:24:20","date_gmt":"2025-09-11T17:24:20","guid":{"rendered":"https:\/\/wpclub.pro\/?post_type=product&#038;p=14524"},"modified":"2025-09-11T14:25:53","modified_gmt":"2025-09-11T17:25:53","slug":"memberpress-gifting-addon","status":"publish","type":"product","link":"https:\/\/wpclub.pro\/en\/item\/memberpress-gifting-addon\/","title":{"rendered":"Memberpress Gifting Addon 1.1.33"},"content":{"rendered":"<div data-elementor-type=\"product-post\" data-elementor-id=\"14524\" class=\"elementor elementor-14524\" data-elementor-post-type=\"product\">\n\t\t\t\t<div class=\"wd-negative-gap elementor-element elementor-element-436a8fa6 e-flex e-con-boxed e-con e-parent\" data-id=\"436a8fa6\" data-element_type=\"container\" data-e-type=\"container\">\n\t\t\t\t\t<div class=\"e-con-inner\">\n\t\t\t\t<div class=\"elementor-element elementor-element-5af8482e color-scheme-inherit text-left elementor-widget elementor-widget-text-editor\" data-id=\"5af8482e\" data-element_type=\"widget\" data-e-type=\"widget\" data-widget_type=\"text-editor.default\">\n\t\t\t\t<div class=\"elementor-widget-container\">\n\t\t\t\t\t\t\t\t\t<h2>Memberpress Gifting<\/h2><p>Con Memberpress Gifting permita que los clientes compren membres\u00edas de regalo para su sitio o curso en l\u00ednea que pueden regalar a amigos y familiares. Venda m\u00e1s membres\u00edas con un \u00e1ngulo de marketing completamente nuevo, llegue a una audiencia completamente nueva y cree su lista de correo electr\u00f3nico en el proceso.<\/p><p>Las caracter\u00edsticas incluyen correos electr\u00f3nicos de notificaci\u00f3n autom\u00e1tica de obsequios, recordatorios de vencimiento de membres\u00eda de obsequio para ayudar a retener nuevos miembros y cuentas de donante de obsequios donde la persona que compr\u00f3 el obsequio puede copiar el enlace del obsequio, reenviar el correo electr\u00f3nico de obsequio e incluso averiguar si se ha canjeado.<\/p><h3><strong>Con Memberpress Gifting, \u00a1ahora puede agregar una opci\u00f3n de regalo a cualquiera o todas sus membres\u00edas!<\/strong><\/h3><p>Probablemente lo haya escuchado mucho durante las vacaciones: los clientes preguntan si pueden comprar una membres\u00eda de regalo para su sitio o curso en l\u00ednea.\u00a0Hasta ahora, la respuesta ha sido un triste \u00abLo siento, pero no\u00bb.<\/p><p>Todo eso ha cambiado hoy con el lanzamiento de nuestro Complemento de regalos Memberpress totalmente nuevo.\u00a0Han pasado meses en la fabricaci\u00f3n y finalmente est\u00e1 aqu\u00ed, envuelto con un lazo.\u00a0Y est\u00e1 disponible para todos los usuarios de las versiones Pro de MemberPress.<\/p><h3><strong>\u00bfC\u00f3mo beneficia Memberpress Gifting a su negocio de membres\u00eda?<\/strong><\/h3><p>En resumen, Memberpress Gifting te ayuda a vender m\u00e1s membres\u00edas. Hace esto por:<\/p><ul><li><strong>D\u00e1ndote un \u00e1ngulo de marketing completamente nuevo<\/strong>\u00a0durante las vacaciones (y, realmente, en cualquier momento que quieras).\u00a0Ahora puede crear campa\u00f1as en torno a \u00abregalar la membres\u00eda\u00bb.<\/li><li><strong>Brindarle acceso a una audiencia completamente nueva<\/strong> a personas que conocen a personas que podr\u00edan beneficiarse de su membres\u00eda o curso.<\/li><li><strong>Haciendo una doble funci\u00f3n cuando se trata de crear su lista de correo electr\u00f3nico<\/strong>.\u00a0Cuando alguien realiza una compra de regalo, obtiene las direcciones de correo electr\u00f3nico tanto del obsequio como del obsequio.\u00a0Las oportunidades de remarketing son casi infinitas.<\/li><\/ul><h3><strong>Otras caracter\u00edsticas de Memberpress Gifting\u00a0<\/strong><\/h3><ul><li><strong>Correos electr\u00f3nicos autom\u00e1ticos de notificaci\u00f3n de obsequios<\/strong><br \/>Cuando un cliente compra una membres\u00eda como regalo, MemberPress genera autom\u00e1ticamente un atractivo correo electr\u00f3nico de notificaci\u00f3n que incluye un mensaje personalizado del donante del obsequio.<\/li><li><strong>Recordatorios de caducidad de membres\u00eda de regalo<\/strong><br \/>Desea conservar a su nuevo miembro mucho despu\u00e9s de que expire su membres\u00eda de regalo.\u00a0Los recordatorios de vencimiento de membres\u00eda de regalo lo ayudan a hacer precisamente eso al proporcionar un recordatorio personalizable que alerta al usuario de que deber\u00e1 renovar pronto para conservar el acceso.<\/li><li><strong>Cuentas de donante de regalos<\/strong><br \/>Cuando alguien compra una membres\u00eda de regalo, autom\u00e1ticamente crea una cuenta de MemberPress (si a\u00fan no tiene una).\u00a0Desde esta cuenta, el usuario puede copiar el enlace del regalo, reenviar el correo electr\u00f3nico del regalo e incluso averiguar si el regalo ha sido canjeado.<\/li><\/ul><p>Obtenga ahora Memberpress Gifting.<\/p>\t\t\t\t\t\t\t\t<\/div>\n\t\t\t\t<\/div>\n\t\t\t\t\t<\/div>\n\t\t\t\t<\/div>\n\t\t\t\t<\/div>","protected":false},"excerpt":{"rendered":"<p>Memberpress Gifting Con Memberpress Gifting permita que los clientes compren membres\u00edas de regalo para su sitio o curso en l\u00ednea<\/p>","protected":false},"featured_media":14525,"comment_status":"closed","ping_status":"closed","template":"","meta":{"_acf_changed":false},"product_brand":[],"product_cat":[67],"product_tag":[128],"class_list":{"0":"post-14524","1":"product","2":"type-product","3":"status-publish","4":"has-post-thumbnail","6":"product_cat-wordpress-plugins","7":"product_tag-plugins-para-membresias-y-suscripciones","8":"pa_autores-memberpress","10":"first","11":"instock","12":"sale","13":"downloadable","14":"virtual","15":"sold-individually","16":"purchasable","17":"product-type-simple"},"acf":[],"_links":{"self":[{"href":"https:\/\/wpclub.pro\/en\/wp-json\/wp\/v2\/product\/14524","targetHints":{"allow":["GET"]}}],"collection":[{"href":"https:\/\/wpclub.pro\/en\/wp-json\/wp\/v2\/product"}],"about":[{"href":"https:\/\/wpclub.pro\/en\/wp-json\/wp\/v2\/types\/product"}],"replies":[{"embeddable":true,"href":"https:\/\/wpclub.pro\/en\/wp-json\/wp\/v2\/comments?post=14524"}],"version-history":[{"count":0,"href":"https:\/\/wpclub.pro\/en\/wp-json\/wp\/v2\/product\/14524\/revisions"}],"wp:featuredmedia":[{"embeddable":true,"href":"https:\/\/wpclub.pro\/en\/wp-json\/wp\/v2\/media\/14525"}],"wp:attachment":[{"href":"https:\/\/wpclub.pro\/en\/wp-json\/wp\/v2\/media?parent=14524"}],"wp:term":[{"taxonomy":"product_brand","embeddable":true,"href":"https:\/\/wpclub.pro\/en\/wp-json\/wp\/v2\/product_brand?post=14524"},{"taxonomy":"product_cat","embeddable":true,"href":"https:\/\/wpclub.pro\/en\/wp-json\/wp\/v2\/product_cat?post=14524"},{"taxonomy":"product_tag","embeddable":true,"href":"https:\/\/wpclub.pro\/en\/wp-json\/wp\/v2\/product_tag?post=14524"}],"curies":[{"name":"wp","href":"https:\/\/api.w.org\/{rel}","templated":true}]}}