{"id":14526,"date":"2026-04-08T12:42:47","date_gmt":"2026-04-08T16:42:47","guid":{"rendered":"https:\/\/wpclub.pro\/?post_type=product&#038;p=14526"},"modified":"2026-04-08T12:43:21","modified_gmt":"2026-04-08T16:43:21","slug":"memberpress-divi-addon","status":"publish","type":"product","link":"https:\/\/wpclub.pro\/en\/item\/memberpress-divi-addon\/","title":{"rendered":"MemberPress Divi Content Protection 1.0.15"},"content":{"rendered":"<div data-elementor-type=\"product-post\" data-elementor-id=\"14526\" class=\"elementor elementor-14526\" data-elementor-post-type=\"product\">\n\t\t\t\t<div class=\"wd-negative-gap elementor-element elementor-element-3fe742c1 e-flex e-con-boxed e-con e-parent\" data-id=\"3fe742c1\" data-element_type=\"container\" data-e-type=\"container\">\n\t\t\t\t\t<div class=\"e-con-inner\">\n\t\t\t\t<div class=\"elementor-element elementor-element-28e7cc50 color-scheme-inherit text-left elementor-widget elementor-widget-text-editor\" data-id=\"28e7cc50\" data-element_type=\"widget\" data-e-type=\"widget\" data-widget_type=\"text-editor.default\">\n\t\t\t\t<div class=\"elementor-widget-container\">\n\t\t\t\t\t\t\t\t\t<h2>MemberPress Divi Content Protection<\/h2><p>Divi lleva WordPress a un nivel completamente nuevo con su tecnolog\u00eda de creaci\u00f3n visual incre\u00edblemente avanzada.\u00a0Y ahora, MemberPress Divi Content Protection le permite proteger el contenido de Divi con las reglas de MemberPress.<\/p><p>Con MemberPress Divi Content Protection, obtiene un control de dise\u00f1o completo con un marco que le permite personalizar su sitio web desde cero, ya sea que sea un principiante o un desarrollador experimentado. La plataforma tambi\u00e9n cuenta con una serie de herramientas de marketing para ayudar a construir y mantener el \u00e9xito de su sitio.<\/p><h3><strong>\u00bfC\u00f3mo ayuda MemberPress Divi Content Protection a su sitio de membres\u00eda?<\/strong><\/h3><p>MemberPress Divi Content Protection es espec\u00edficamente para usted si utiliza Divi Page Builder para crear su sitio web. Combina el poder de un creador de p\u00e1ginas de WordPress con MemberPress para ayudarlo a adaptar su contenido a las personas adecuadas en el momento adecuado.<\/p><p>MemberPress Divi Content Protection es para usted si:<\/p><ul><li>Utiliza Divi Page Builder para crear su sitio de WordPress.<\/li><li>Quiere optimizar la experiencia para los clientes que pagan m\u00e1s.<\/li><li>Desea desarrollar secciones solo para miembros de p\u00e1ginas espec\u00edficas que act\u00faen como avances para miembros gratuitos o de nivel inferior.<\/li><li>Desea agregar m\u00e1s funcionalidad y control a su experiencia de backend con MemberPress.<\/li><\/ul><h3><strong>Una forma m\u00e1s sencilla de segmentar el contenido<\/strong><\/h3><p>\u00bfQu\u00e9 es un sitio de membres\u00eda sin control? Nos preguntamos lo mismo, por lo que hemos mejorado su capacidad para controlar el contenido en sus sitios web con m\u00e1s opciones para ajustar sus membres\u00edas.<\/p><p>Hemos hecho que sea m\u00e1s f\u00e1cil:<\/p><ul><li><strong>Editar acceso dentro de las filas<\/strong>: Se accede a MemberPress Divi Content Protection dentro de las opciones de su fila. Le brinda la capacidad de ocultar contenido para algunos mientras lo pone a disposici\u00f3n de otros.\u00a0El contenido dentro de su fila seleccionada solo se mostrar\u00e1 si la membres\u00eda requerida est\u00e1 activa, lo que le da a su sitio una sensaci\u00f3n personalizada seg\u00fan el nivel de miembro.<\/li><li><strong>Cree reglas de membres\u00eda personalizadas<\/strong>: Cree reglas para establecer par\u00e1metros para cada secci\u00f3n de su sitio de membres\u00eda. Configure mensajes especializados que conecten sus actualizaciones, resalten los espectadores no autorizados que faltan y brinden adelantos de funciones que generalmente solo est\u00e1n disponibles para clientes que pagan.<\/li><li><strong>Decidir acciones para el acceso no autorizado<\/strong>: \u00bfC\u00f3mo desea que MemberPress maneje el acceso no autorizado? Puede configurar mensajes especializados que se muestran a los usuarios que no cumplen con esa regla de membres\u00eda espec\u00edfica.<\/li><\/ul><p>MemberPress se trata de mejorar la experiencia de su sitio de membres\u00eda, y con MemberPress Divi Content Protection, tiene el poder de tomar el control del contenido que los visitantes pueden ver y con el que pueden interactuar. Nuestras integraciones de protecci\u00f3n de contenido lo ayudar\u00e1n a mantener sus membres\u00edas separadas, atractivas y \u00fanicas.<\/p><p>Obtenga ahora MemberPress Divi Content Protection !!!<\/p>\t\t\t\t\t\t\t\t<\/div>\n\t\t\t\t<\/div>\n\t\t\t\t\t<\/div>\n\t\t\t\t<\/div>\n\t\t\t\t<\/div>","protected":false},"excerpt":{"rendered":"<p><strong>Version<\/strong>: 1.0.8 &#8211; <strong>Publication Date<\/strong>: 21 de Marzo, 2021<\/p>\n<p><strong>Author<\/strong>: <a href=\"https:\/\/memberpress.com\/add-ons\/divi\/\" target=\"_blank\" rel=\"nofollow noopener\">Go to Site<\/a><\/p>","protected":false},"featured_media":98924,"comment_status":"closed","ping_status":"closed","template":"","meta":{"_acf_changed":false},"product_brand":[],"product_cat":[67],"product_tag":[128],"class_list":{"0":"post-14526","1":"product","2":"type-product","3":"status-publish","4":"has-post-thumbnail","6":"product_cat-wordpress-plugins","7":"product_tag-plugins-para-membresias-y-suscripciones","8":"pa_autores-memberpress","10":"first","11":"instock","12":"sale","13":"downloadable","14":"virtual","15":"sold-individually","16":"purchasable","17":"product-type-simple"},"acf":[],"_links":{"self":[{"href":"https:\/\/wpclub.pro\/en\/wp-json\/wp\/v2\/product\/14526","targetHints":{"allow":["GET"]}}],"collection":[{"href":"https:\/\/wpclub.pro\/en\/wp-json\/wp\/v2\/product"}],"about":[{"href":"https:\/\/wpclub.pro\/en\/wp-json\/wp\/v2\/types\/product"}],"replies":[{"embeddable":true,"href":"https:\/\/wpclub.pro\/en\/wp-json\/wp\/v2\/comments?post=14526"}],"version-history":[{"count":0,"href":"https:\/\/wpclub.pro\/en\/wp-json\/wp\/v2\/product\/14526\/revisions"}],"wp:featuredmedia":[{"embeddable":true,"href":"https:\/\/wpclub.pro\/en\/wp-json\/wp\/v2\/media\/98924"}],"wp:attachment":[{"href":"https:\/\/wpclub.pro\/en\/wp-json\/wp\/v2\/media?parent=14526"}],"wp:term":[{"taxonomy":"product_brand","embeddable":true,"href":"https:\/\/wpclub.pro\/en\/wp-json\/wp\/v2\/product_brand?post=14526"},{"taxonomy":"product_cat","embeddable":true,"href":"https:\/\/wpclub.pro\/en\/wp-json\/wp\/v2\/product_cat?post=14526"},{"taxonomy":"product_tag","embeddable":true,"href":"https:\/\/wpclub.pro\/en\/wp-json\/wp\/v2\/product_tag?post=14526"}],"curies":[{"name":"wp","href":"https:\/\/api.w.org\/{rel}","templated":true}]}}