{"id":14685,"date":"2021-12-15T09:43:14","date_gmt":"2021-12-15T13:43:14","guid":{"rendered":"https:\/\/wpclub.pro\/?post_type=product&#038;p=14685"},"modified":"2024-10-03T13:04:04","modified_gmt":"2024-10-03T16:04:04","slug":"avo-creative-and-agency-theme","status":"publish","type":"product","link":"https:\/\/wpclub.pro\/en\/item\/avo-creative-and-agency-theme\/","title":{"rendered":"Avo Creative and Agency Theme 1.1.8"},"content":{"rendered":"<p>] width=\u00bb2\/3&#8243; css=\u00bb.vc_custom_1629733467375{margin-right: 15px !important;padding-top: 30px !important;padding-right: 30px !important;padding-bottom: 30px !important;padding-left: 30px !important;background-color: #f4f4f4 !important;border-radius: 5px !important;}\u00bb mobile_bg_img_hidden=\u00bbno\u00bb tablet_bg_img_hidden=\u00bbno\u00bb woodmart_parallax=\u00bb0&#8243; woodmart_sticky_column=\u00bbfalse\u00bb parallax_scroll=\u00bbno\u00bb mobile_reset_margin=\u00bbno\u00bb tablet_reset_margin=\u00bbno\u00bb]_text woodmart_inline=\u00bbno\u00bb text_larger=\u00bbno\u00bb]<\/p>\n<h2>Avo Creative and Agency Theme<\/h2>\n<p>Avo es un tema de WordPress Portfolio perfecto para modelar nuevas empresas, estudios de dise\u00f1o y agencias creativas. Responsive basado en Bootstrap. Todos los archivos y el c\u00f3digo se han organizado y comentado bien para facilitar la personalizaci\u00f3n.<\/p>\n<h3>Funciones del tema Avo Creative y Agency<\/h3>\n<h3>Avo y Elementor<\/h3>\n<p>Elementor es el creador de p\u00e1ginas de WordPress definitivo, la diferencia clave es que puede alcanzar un alto nivel de dise\u00f1o mientras dise\u00f1a en vivo y en la parte frontal de su sitio. Elementor es un complemento de creaci\u00f3n de p\u00e1ginas que reemplaza el editor b\u00e1sico de WordPress con un editor frontend en vivo, por lo que puede crear dise\u00f1os complejos visualmente y dise\u00f1ar su sitio web en vivo, sin tener que cambiar entre el editor y el modo de vista previa. El creador de p\u00e1ginas le permite alcanzar una calidad de dise\u00f1o de primer nivel sin necesidad de utilizar c\u00f3digo o CSS y no requiere conocimientos de c\u00f3digo. Avo Creative and Agency Theme con elementor no tiene l\u00edmites.<\/p>\n<h3>Generador de encabezados y pies de p\u00e1gina<\/h3>\n<p>Sin l\u00edmite cuando se trata de encabezados y pies de p\u00e1gina, podr\u00e1 crear un dise\u00f1o de encabezado y pie de p\u00e1gina interactivo a trav\u00e9s de Elementor con los elementos como logotipo, men\u00fas, contactos, botones, listas y otros elementos interactivos que creamos para hacerlo a\u00fan m\u00e1s f\u00e1cil. Para usted, los encabezados predefinidos se pueden incluir en la biblioteca de plantillas con un solo clic para todo el sitio o para cada p\u00e1gina \/ publicaci\u00f3n.<\/p>\n<h3>Avo Creative and Agency Theme y WooCommerce<\/h3>\n<p>WooCommerce es para vender productos y servicios. Espec\u00edficamente, hace que hacer estas cosas sea asequible y accesible. Puede vender productos digitales y f\u00edsicos, administrar el inventario y el env\u00edo, realizar pagos seguros y clasificar los impuestos autom\u00e1ticamente. Avo Creative and Agency Theme es incre\u00edble.<\/p>\n<p>y mucho m\u00e1s &#8230;[\/vc_column_text][\/vc_column] width=\u00bb1\/3&#8243; css=\u00bb.vc_custom_1629736132064{margin-left: 15px !important;padding-top: 30px !important;padding-right: 30px !important;padding-bottom: 30px !important;padding-left: 30px !important;background-color: #e2e2e2 !important;border-radius: 5px !important;}\u00bb mobile_bg_img_hidden=\u00bbno\u00bb tablet_bg_img_hidden=\u00bbno\u00bb woodmart_parallax=\u00bb0&#8243; woodmart_sticky_column=\u00bbfalse\u00bb parallax_scroll=\u00bbno\u00bb mobile_reset_margin=\u00bbno\u00bb tablet_reset_margin=\u00bbno\u00bb]_text woodmart_inline=\u00bbno\u00bb text_larger=\u00bbno\u00bb]<strong>Notificar Actualizaci\u00f3n<\/strong>[\/vc_column_text][contact-form-7 id=\u00bb13078&#8243; html_class=\u00bbwd-style-with-bg\u00bb][\/vc_column][\/vc_row] css=\u00bb.vc_custom_1629733150529{margin-top: 30px !important;}\u00bb mobile_bg_img_hidden=\u00bbno\u00bb tablet_bg_img_hidden=\u00bbno\u00bb woodmart_parallax=\u00bb0&#8243; woodmart_gradient_switch=\u00bbno\u00bb row_reverse_mobile=\u00bb0&#8243; row_reverse_tablet=\u00bb0&#8243; woodmart_disable_overflow=\u00bb0&#8243;] css=\u00bb.vc_custom_1629733167411{background-color: #f4f4f4 !important;border-radius: 5px !important;}\u00bb mobile_bg_img_hidden=\u00bbno\u00bb tablet_bg_img_hidden=\u00bbno\u00bb woodmart_parallax=\u00bb0&#8243; woodmart_sticky_column=\u00bbfalse\u00bb parallax_scroll=\u00bbno\u00bb mobile_reset_margin=\u00bbno\u00bb tablet_reset_margin=\u00bbno\u00bb]_text woodmart_inline=\u00bbno\u00bb text_larger=\u00bbno\u00bb]<\/p>\n<p style=\"text-align: center;\">Los productos publicados en el sitio son distribuimos bajo licenciamiento <a href=\"https:\/\/www.gnu.org\/licenses\/licenses.es.html\" target=\"_blank\" rel=\"noopener\" data-schema-attribute=\"\"><strong>GPL \/ GNU<\/strong><\/a>. Recuerda siempre revisar nuestros <strong><a href=\"https:\/\/wpclub.pro\/terminos-de-uso\/\" target=\"_blank\" rel=\"noopener\" data-schema-attribute=\"\">T\u00e9rminos de Uso<\/a><\/strong> y <strong><a href=\"https:\/\/wpclub.pro\/politica-de-privacidad\/\" target=\"_blank\" rel=\"noopener\" data-schema-attribute=\"\">Pol\u00edtica de Privacidad<\/a><\/strong>.<\/p>\n<p>[\/vc_column_text][\/vc_column][\/vc_row]<\/p>\n","protected":false},"excerpt":{"rendered":"<p><strong>Version<\/strong>: 1.1.8 &#8211; <strong>Publication Date<\/strong>: 15 de Diciembre, 2021<\/p>\n<p><strong>Author<\/strong>: <a href=\"https:\/\/themeforest.net\/item\/avo-creative-portfolio-agency-wordpress-theme\/28819327\" target=\"_blank\" rel=\"nofollow noopener\">Go to Site<\/a><\/p>","protected":false},"featured_media":14686,"comment_status":"closed","ping_status":"closed","template":"","meta":{"_acf_changed":false},"product_brand":[],"product_cat":[15],"product_tag":[420],"class_list":{"0":"post-14685","1":"product","2":"type-product","3":"status-publish","4":"has-post-thumbnail","6":"product_cat-wordpress-themes","7":"product_tag-temas-para-agencias-digitales-y-creativas","8":"pa_autores-themeforest","10":"first","11":"instock","12":"sale","13":"downloadable","14":"virtual","15":"sold-individually","16":"purchasable","17":"product-type-simple"},"acf":[],"_links":{"self":[{"href":"https:\/\/wpclub.pro\/en\/wp-json\/wp\/v2\/product\/14685","targetHints":{"allow":["GET"]}}],"collection":[{"href":"https:\/\/wpclub.pro\/en\/wp-json\/wp\/v2\/product"}],"about":[{"href":"https:\/\/wpclub.pro\/en\/wp-json\/wp\/v2\/types\/product"}],"replies":[{"embeddable":true,"href":"https:\/\/wpclub.pro\/en\/wp-json\/wp\/v2\/comments?post=14685"}],"version-history":[{"count":0,"href":"https:\/\/wpclub.pro\/en\/wp-json\/wp\/v2\/product\/14685\/revisions"}],"wp:featuredmedia":[{"embeddable":true,"href":"https:\/\/wpclub.pro\/en\/wp-json\/wp\/v2\/media\/14686"}],"wp:attachment":[{"href":"https:\/\/wpclub.pro\/en\/wp-json\/wp\/v2\/media?parent=14685"}],"wp:term":[{"taxonomy":"product_brand","embeddable":true,"href":"https:\/\/wpclub.pro\/en\/wp-json\/wp\/v2\/product_brand?post=14685"},{"taxonomy":"product_cat","embeddable":true,"href":"https:\/\/wpclub.pro\/en\/wp-json\/wp\/v2\/product_cat?post=14685"},{"taxonomy":"product_tag","embeddable":true,"href":"https:\/\/wpclub.pro\/en\/wp-json\/wp\/v2\/product_tag?post=14685"}],"curies":[{"name":"wp","href":"https:\/\/api.w.org\/{rel}","templated":true}]}}