{"id":14861,"date":"2026-04-09T11:39:19","date_gmt":"2026-04-09T15:39:19","guid":{"rendered":"https:\/\/wpclub.pro\/?post_type=product&#038;p=14861"},"modified":"2026-04-09T11:43:27","modified_gmt":"2026-04-09T15:43:27","slug":"memberpress-mailpoet-addon","status":"publish","type":"product","link":"https:\/\/wpclub.pro\/en\/item\/memberpress-mailpoet-addon\/","title":{"rendered":"MemberPress MailPoet Addon 1.2.8"},"content":{"rendered":"<h2>MemberPress MailPoet Addon<\/h2>\n<p>MemberPress MailPoet Addon es un complemento que le permite mantenerse en estrecho contacto con sus clientes potenciales y miembros de MemberPress mediante el env\u00edo de hermosos boletines por correo electr\u00f3nico directamente desde su sitio web de WordPress.<\/p>\n<p>MemberPress MailPoet le permite agregar r\u00e1pidamente contenido e im\u00e1genes directamente desde su biblioteca de medios de WordPress, por lo que no es necesario cargar archivos a servicios de terceros. Un mont\u00f3n de opciones de dise\u00f1o y una gran cantidad de plantillas de correo electr\u00f3nico hacen que la administraci\u00f3n de su bolet\u00edn de correo electr\u00f3nico sea simple y r\u00e1pida con MailPoet Addon.<\/p>\n<p>Obtenga ahora MemberPress MailPoet<\/p>","protected":false},"excerpt":{"rendered":"<p>MemberPress MailPoet Addon MemberPress MailPoet Addon es un complemento que le permite mantenerse en estrecho contacto con sus clientes potenciales<\/p>","protected":false},"featured_media":121778,"comment_status":"closed","ping_status":"closed","template":"","meta":{"_acf_changed":false},"product_brand":[],"product_cat":[67],"product_tag":[128],"class_list":{"0":"post-14861","1":"product","2":"type-product","3":"status-publish","4":"has-post-thumbnail","6":"product_cat-wordpress-plugins","7":"product_tag-plugins-para-membresias-y-suscripciones","8":"pa_autores-memberpress","10":"first","11":"instock","12":"sale","13":"downloadable","14":"virtual","15":"sold-individually","16":"purchasable","17":"product-type-simple"},"acf":[],"_links":{"self":[{"href":"https:\/\/wpclub.pro\/en\/wp-json\/wp\/v2\/product\/14861","targetHints":{"allow":["GET"]}}],"collection":[{"href":"https:\/\/wpclub.pro\/en\/wp-json\/wp\/v2\/product"}],"about":[{"href":"https:\/\/wpclub.pro\/en\/wp-json\/wp\/v2\/types\/product"}],"replies":[{"embeddable":true,"href":"https:\/\/wpclub.pro\/en\/wp-json\/wp\/v2\/comments?post=14861"}],"version-history":[{"count":0,"href":"https:\/\/wpclub.pro\/en\/wp-json\/wp\/v2\/product\/14861\/revisions"}],"wp:featuredmedia":[{"embeddable":true,"href":"https:\/\/wpclub.pro\/en\/wp-json\/wp\/v2\/media\/121778"}],"wp:attachment":[{"href":"https:\/\/wpclub.pro\/en\/wp-json\/wp\/v2\/media?parent=14861"}],"wp:term":[{"taxonomy":"product_brand","embeddable":true,"href":"https:\/\/wpclub.pro\/en\/wp-json\/wp\/v2\/product_brand?post=14861"},{"taxonomy":"product_cat","embeddable":true,"href":"https:\/\/wpclub.pro\/en\/wp-json\/wp\/v2\/product_cat?post=14861"},{"taxonomy":"product_tag","embeddable":true,"href":"https:\/\/wpclub.pro\/en\/wp-json\/wp\/v2\/product_tag?post=14861"}],"curies":[{"name":"wp","href":"https:\/\/api.w.org\/{rel}","templated":true}]}}