{"id":14993,"date":"2026-05-14T12:32:27","date_gmt":"2026-05-14T16:32:27","guid":{"rendered":"https:\/\/wpclub.pro\/?post_type=product&#038;p=14993"},"modified":"2026-05-14T12:34:28","modified_gmt":"2026-05-14T16:34:28","slug":"meta-box-conditional-logic-extension","status":"publish","type":"product","link":"https:\/\/wpclub.pro\/en\/item\/meta-box-conditional-logic-extension\/","title":{"rendered":"Meta Box Conditional Logic Extension 1.6.30"},"content":{"rendered":"<div data-elementor-type=\"product-post\" data-elementor-id=\"14993\" class=\"elementor elementor-14993\" data-elementor-post-type=\"product\">\n\t\t\t\t<div class=\"wd-negative-gap elementor-element elementor-element-63536431 e-flex e-con-boxed e-con e-parent\" data-id=\"63536431\" data-element_type=\"container\" data-e-type=\"container\">\n\t\t\t\t\t<div class=\"e-con-inner\">\n\t\t\t\t<div class=\"elementor-element elementor-element-22bb1b9b color-scheme-inherit text-left elementor-widget elementor-widget-text-editor\" data-id=\"22bb1b9b\" data-element_type=\"widget\" data-e-type=\"widget\" data-widget_type=\"text-editor.default\">\n\t\t\t\t<div class=\"elementor-widget-container\">\n\t\t\t\t\t\t\t\t\t<h2>Meta Box Conditional Logic Extension<\/h2><h3><strong>Controle cu\u00e1ndo y d\u00f3nde aparecen los metacuadros, campos y elementos HTML.<\/strong><\/h3><p>Meta Box Conditional Logic Extension le permite mostrar campos precisamente cuando lo desee y ni un segundo antes.<\/p><p>Meta Box Conditional Logic Extension proporciona una variedad de opciones de visibilidad para metaboxes, campos y elementos HTML que lo ayudan a controlar la organizaci\u00f3n de su experiencia de edici\u00f3n de p\u00e1ginas.<\/p><h3><strong>Bienvenido al Mundo del Ma\u00f1ana<\/strong><\/h3><p>Imagine un back-end donde todos los campos personalizados existieran en todas las p\u00e1ginas todo el tiempo, y de alguna manera, solo ten\u00eda que saber cu\u00e1les usar y cu\u00e1ndo. Todo estar\u00eda separado y tendr\u00edas que escribir funciones importantes para conectar la informaci\u00f3n entre bastidores.<\/p><p>Afortunadamente, vivimos en un mundo mejor con mejores back-ends.\u00a0\u00a1Eres afortunado!<\/p><p>Con Meta Box Conditional Logic Extension, los desarrolladores pueden controlar la relaci\u00f3n entre campos y crear conexiones poderosas para maximizar la eficiencia del proceso.<\/p><h3><strong>L\u00f3gica condicional: ahora lo ve, ahora no lo ve<\/strong><\/h3><p>Como desarrollador, puede dise\u00f1ar las reglas de un sitio web y determinar qu\u00e9 se puede ver y cu\u00e1ndo.<\/p><p>Meta Box Conditional Logic Extension le permite extender este poder a WordPress para mostrar y ocultar campos instant\u00e1neamente en funci\u00f3n de los datos que se ingresan din\u00e1micamente en la p\u00e1gina.<\/p><h3><strong>No es la l\u00f3gica condicional de tu abuela<\/strong><\/h3><p>\u00bfRecuerdas ese cl\u00e1sico juego de domin\u00f3? Alineas varias fichas y cuando derribas la primera, se desencadena una reacci\u00f3n en cadena. Abajo van todos.<\/p><p>Pero, \u00bfy si decidieras derribar primero una de las fichas del medio?\u00a0\u00a1Qu\u00e9 giro!<\/p><p>La reacci\u00f3n en cadena cambiar\u00eda dram\u00e1ticamente y tambi\u00e9n lo har\u00eda tu infancia.\u00a0De acuerdo, tal vez no, pero los metacuadros y los campos personalizados de su sitio ciertamente se beneficiar\u00edan de este tipo de cambio.<\/p><h3><strong>De manera similar a Dominoes, puede configurar una reacci\u00f3n en cadena similar en una cantidad infinita de formas con los campos personalizados y metaboxes de su sitio utilizando Meta Box Conditional Logic.<\/strong><\/h3><p>Puede configurar opciones y campos adicionales para que aparezcan din\u00e1mica e instant\u00e1neamente despu\u00e9s de que un usuario complete una parte espec\u00edfica y deseada de su formulario.<\/p><h3><strong>Elija su propia aventura de l\u00f3gica condicional<\/strong><\/h3><p>Si un cuadro meta no se aplica a una plantilla de p\u00e1gina o categor\u00eda de publicaci\u00f3n en particular, puede eliminarlo por completo para una experiencia de usuario pulida.<\/p><p>Tambi\u00e9n podr\u00e1 personalizar cualquier p\u00e1gina que desee con exactamente los campos que necesita.<\/p><h3><strong>Ordenar para desarrolladores<\/strong><\/h3><p>Mientras ya est\u00e1 reduciendo el desorden en su sitio, \u00bfpor qu\u00e9 no eliminar los elementos predeterminados de WordPress que no se aplican a la p\u00e1gina o publicaci\u00f3n que est\u00e1 editando?<\/p><p>Elimine el cuadro meta \u00abEtiqueta\u00bb o incluso la secci\u00f3n \u00abPublicar\u00bb de una p\u00e1gina de edici\u00f3n para hacer coincidir el formulario con la funci\u00f3n.<\/p><h3><strong>Caracter\u00edsticas principales de Meta Box Conditional Logic Extension:<\/strong><\/h3><ul><li>Capacidad para establecer la visibilidad de estos objetos clave:<br \/>\u2013 Metaboxes registrados con el complemento Meta Box o los metaboxes principales de WordPress<br \/>\u2013 Campos personalizados registrados con el complemento Meta Box<br \/>\u2013 Cualquier elemento DOM\/HTML como los m\u00f3dulos Publish o TagsUna amplia selecci\u00f3n de operadores para elegir para sus condiciones: =, &gt;=, &lt;=, contiene, en, comienza con, termina con y entre.\u00a0Todos ellos pueden combinarse con el operador Not para hacer una negaci\u00f3n.<\/li><li>Funciona a la perfecci\u00f3n con el grupo incluido de campos completos<\/li><li>Capacidad para establecer la condici\u00f3n de visibilidad de acuerdo con los valores de otros campos, categor\u00edas, formato de publicaci\u00f3n, t\u00edtulo de publicaci\u00f3n y todos los dem\u00e1s elementos del formulario<\/li><li>Sintaxis limpia y f\u00e1cil de entender<\/li><\/ul><p>\u00a1Consiga ahora Meta Box Conditional Logic Extension!<\/p>\t\t\t\t\t\t\t\t<\/div>\n\t\t\t\t<\/div>\n\t\t\t\t\t<\/div>\n\t\t\t\t<\/div>\n\t\t\t\t<\/div>","protected":false},"excerpt":{"rendered":"<p><strong>Version<\/strong>: 1.6.17 &#8211; <strong>Publication Date<\/strong>: 11 de Marzo, 2022<\/p>\n<p><strong>Author<\/strong>: <a href=\"https:\/\/metabox.io\/plugins\/meta-box-conditional-logic\/\" target=\"_blank\" rel=\"nofollow noopener\">Go to Site<\/a><\/p>","protected":false},"featured_media":79369,"comment_status":"closed","ping_status":"closed","template":"","meta":{"_acf_changed":false},"product_brand":[],"product_cat":[67],"product_tag":[153],"class_list":{"0":"post-14993","1":"product","2":"type-product","3":"status-publish","4":"has-post-thumbnail","6":"product_cat-wordpress-plugins","7":"product_tag-utilidades","8":"pa_autores-meta-box","10":"first","11":"instock","12":"sale","13":"downloadable","14":"virtual","15":"sold-individually","16":"purchasable","17":"product-type-simple"},"acf":[],"_links":{"self":[{"href":"https:\/\/wpclub.pro\/en\/wp-json\/wp\/v2\/product\/14993","targetHints":{"allow":["GET"]}}],"collection":[{"href":"https:\/\/wpclub.pro\/en\/wp-json\/wp\/v2\/product"}],"about":[{"href":"https:\/\/wpclub.pro\/en\/wp-json\/wp\/v2\/types\/product"}],"replies":[{"embeddable":true,"href":"https:\/\/wpclub.pro\/en\/wp-json\/wp\/v2\/comments?post=14993"}],"version-history":[{"count":0,"href":"https:\/\/wpclub.pro\/en\/wp-json\/wp\/v2\/product\/14993\/revisions"}],"wp:featuredmedia":[{"embeddable":true,"href":"https:\/\/wpclub.pro\/en\/wp-json\/wp\/v2\/media\/79369"}],"wp:attachment":[{"href":"https:\/\/wpclub.pro\/en\/wp-json\/wp\/v2\/media?parent=14993"}],"wp:term":[{"taxonomy":"product_brand","embeddable":true,"href":"https:\/\/wpclub.pro\/en\/wp-json\/wp\/v2\/product_brand?post=14993"},{"taxonomy":"product_cat","embeddable":true,"href":"https:\/\/wpclub.pro\/en\/wp-json\/wp\/v2\/product_cat?post=14993"},{"taxonomy":"product_tag","embeddable":true,"href":"https:\/\/wpclub.pro\/en\/wp-json\/wp\/v2\/product_tag?post=14993"}],"curies":[{"name":"wp","href":"https:\/\/api.w.org\/{rel}","templated":true}]}}