{"id":15596,"date":"2026-05-04T13:02:50","date_gmt":"2026-05-04T17:02:50","guid":{"rendered":"https:\/\/wpclub.pro\/?post_type=product&#038;p=15596"},"modified":"2026-05-04T13:03:55","modified_gmt":"2026-05-04T17:03:55","slug":"advanced-ads-pro-wordpress-plugin","status":"publish","type":"product","link":"https:\/\/wpclub.pro\/en\/item\/advanced-ads-pro-wordpress-plugin\/","title":{"rendered":"Advanced Ads Pro WordPress Plugin 3.0.12"},"content":{"rendered":"<div data-elementor-type=\"product-post\" data-elementor-id=\"15596\" class=\"elementor elementor-15596\" data-elementor-post-type=\"product\">\n\t\t\t\t<div class=\"wd-negative-gap elementor-element elementor-element-3741cf32 e-flex e-con-boxed e-con e-parent\" data-id=\"3741cf32\" data-element_type=\"container\" data-e-type=\"container\">\n\t\t\t\t\t<div class=\"e-con-inner\">\n\t\t\t\t<div class=\"elementor-element elementor-element-5be8766a color-scheme-inherit text-left elementor-widget elementor-widget-text-editor\" data-id=\"5be8766a\" data-element_type=\"widget\" data-e-type=\"widget\" data-widget_type=\"text-editor.default\">\n\t\t\t\t<div class=\"elementor-widget-container\">\n\t\t\t\t\t\t\t\t\t<h2 data-start=\"0\" data-end=\"67\"><strong>Advanced Ads Pro<\/strong><\/h2><h3 data-start=\"0\" data-end=\"67\">Gesti\u00f3n Avanzada de Publicidad en WordPress<\/h3><p data-start=\"69\" data-end=\"289\">Advanced Ads Pro es un complemento premium para WordPress que ampl\u00eda las funcionalidades del plugin gratuito Advanced Ads, proporcionando herramientas avanzadas para la gesti\u00f3n y optimizaci\u00f3n de anuncios en sitios web.<\/p><h3 data-start=\"291\" data-end=\"323\">Caracter\u00edsticas Destacadas<\/h3><ul data-start=\"325\" data-end=\"1926\"><li data-start=\"325\" data-end=\"464\"><strong data-start=\"327\" data-end=\"360\">Gesti\u00f3n Ilimitada de Anuncios<\/strong>: Permite crear y gestionar un n\u00famero ilimitado de anuncios, rotaciones y ubicaciones en el sitio web.<\/li><li data-start=\"465\" data-end=\"700\"><strong data-start=\"467\" data-end=\"516\">Compatibilidad con Diversos Tipos de Anuncios<\/strong>: Soporta redes publicitarias como Google AdSense, Google Ad Manager, Amazon y media.net, adem\u00e1s de anuncios personalizados en formatos de imagen, JavaScript, HTML, PHP o shortcodes.<\/li><li data-start=\"701\" data-end=\"914\"><strong data-start=\"703\" data-end=\"728\">Segmentaci\u00f3n Avanzada<\/strong>: Ofrece opciones de segmentaci\u00f3n para mostrar anuncios a grupos de usuarios espec\u00edficos o en p\u00e1ginas determinadas, mejorando la relevancia y efectividad de las campa\u00f1as publicitarias.<\/li><li data-start=\"915\" data-end=\"1088\"><strong data-start=\"917\" data-end=\"945\">Programaci\u00f3n de Anuncios<\/strong>: Facilita la planificaci\u00f3n de campa\u00f1as publicitarias mediante la configuraci\u00f3n de fechas y horas de inicio y finalizaci\u00f3n para cada anuncio.<\/li><li data-start=\"1089\" data-end=\"1284\"><strong data-start=\"1091\" data-end=\"1128\">Integraci\u00f3n con Google Ad Manager<\/strong>: Permite una integraci\u00f3n fluida con Google Ad Manager, facilitando la gesti\u00f3n centralizada de anuncios y la importaci\u00f3n masiva de unidades publicitarias.<\/li><li data-start=\"1285\" data-end=\"1514\"><strong data-start=\"1287\" data-end=\"1307\">Soporte para AMP<\/strong>: Incluye funcionalidades para monetizar versiones AMP del sitio, convirtiendo autom\u00e1ticamente los anuncios de AdSense al formato AMP y ofreciendo condiciones de visualizaci\u00f3n espec\u00edficas para p\u00e1ginas AMP.<\/li><li data-start=\"1515\" data-end=\"1737\"><strong data-start=\"1517\" data-end=\"1543\">Informes y Seguimiento<\/strong>: Proporciona herramientas de seguimiento de impresiones y clics, ofreciendo informes detallados que permiten analizar el rendimiento de los anuncios y optimizar las estrategias publicitarias.<\/li><li data-start=\"1738\" data-end=\"1926\"><strong data-start=\"1740\" data-end=\"1779\">Compatibilidad con Plugins de Cach\u00e9<\/strong>: Funciona correctamente con plugins de cach\u00e9 como WP Rocket, asegurando la entrega din\u00e1mica de anuncios sin afectar el rendimiento del servidor.<\/li><\/ul><h3 data-start=\"1928\" data-end=\"1976\">Beneficios de Implementar Advanced Ads Pro<\/h3><ul data-start=\"1978\" data-end=\"2698\"><li data-start=\"1978\" data-end=\"2215\"><strong data-start=\"1980\" data-end=\"2008\">Optimizaci\u00f3n de Ingresos<\/strong>: Las herramientas avanzadas de segmentaci\u00f3n, programaci\u00f3n y seguimiento permiten maximizar los ingresos publicitarios al garantizar que los anuncios se muestren al p\u00fablico adecuado en el momento oportuno.<\/li><li data-start=\"2216\" data-end=\"2465\"><strong data-start=\"2218\" data-end=\"2258\">Mejora de la Experiencia del Usuario<\/strong>: La capacidad de controlar la frecuencia y ubicaci\u00f3n de los anuncios contribuye a una experiencia de usuario m\u00e1s agradable, evitando la saturaci\u00f3n publicitaria y mejorando la interacci\u00f3n con el contenido.<\/li><li data-start=\"2466\" data-end=\"2698\"><strong data-start=\"2468\" data-end=\"2503\">Facilidad de Uso y Flexibilidad<\/strong>: Dise\u00f1ado para ser intuitivo, no requiere conocimientos de programaci\u00f3n para su implementaci\u00f3n, aunque ofrece opciones avanzadas para desarrolladores que deseen personalizar su funcionamiento.<\/li><\/ul><p data-start=\"3257\" data-end=\"3497\">Advanced Ads Pro se presenta como una soluci\u00f3n robusta y vers\u00e1til para la gesti\u00f3n de anuncios en WordPress, ofreciendo herramientas que facilitan la optimizaci\u00f3n de campa\u00f1as publicitarias y la maximizaci\u00f3n de ingresos de manera eficiente.<\/p>\t\t\t\t\t\t\t\t<\/div>\n\t\t\t\t<\/div>\n\t\t\t\t\t<\/div>\n\t\t\t\t<\/div>\n\t\t\t\t<\/div>","protected":false},"excerpt":{"rendered":"<p>Advanced Ads Pro Gesti\u00f3n Avanzada de Publicidad en WordPress Advanced Ads Pro es un complemento premium para WordPress que ampl\u00eda<\/p>","protected":false},"featured_media":77980,"comment_status":"closed","ping_status":"closed","template":"","meta":{"_acf_changed":false},"product_brand":[],"product_cat":[67],"product_tag":[418],"class_list":{"0":"post-15596","1":"product","2":"type-product","3":"status-publish","4":"has-post-thumbnail","6":"product_cat-wordpress-plugins","7":"product_tag-plugins-para-marketing-digital","8":"pa_autores-advanced-ads","10":"first","11":"instock","12":"sale","13":"downloadable","14":"virtual","15":"sold-individually","16":"purchasable","17":"product-type-simple"},"acf":[],"_links":{"self":[{"href":"https:\/\/wpclub.pro\/en\/wp-json\/wp\/v2\/product\/15596","targetHints":{"allow":["GET"]}}],"collection":[{"href":"https:\/\/wpclub.pro\/en\/wp-json\/wp\/v2\/product"}],"about":[{"href":"https:\/\/wpclub.pro\/en\/wp-json\/wp\/v2\/types\/product"}],"replies":[{"embeddable":true,"href":"https:\/\/wpclub.pro\/en\/wp-json\/wp\/v2\/comments?post=15596"}],"version-history":[{"count":0,"href":"https:\/\/wpclub.pro\/en\/wp-json\/wp\/v2\/product\/15596\/revisions"}],"wp:featuredmedia":[{"embeddable":true,"href":"https:\/\/wpclub.pro\/en\/wp-json\/wp\/v2\/media\/77980"}],"wp:attachment":[{"href":"https:\/\/wpclub.pro\/en\/wp-json\/wp\/v2\/media?parent=15596"}],"wp:term":[{"taxonomy":"product_brand","embeddable":true,"href":"https:\/\/wpclub.pro\/en\/wp-json\/wp\/v2\/product_brand?post=15596"},{"taxonomy":"product_cat","embeddable":true,"href":"https:\/\/wpclub.pro\/en\/wp-json\/wp\/v2\/product_cat?post=15596"},{"taxonomy":"product_tag","embeddable":true,"href":"https:\/\/wpclub.pro\/en\/wp-json\/wp\/v2\/product_tag?post=15596"}],"curies":[{"name":"wp","href":"https:\/\/api.w.org\/{rel}","templated":true}]}}