{"id":15649,"date":"2022-04-22T20:16:55","date_gmt":"2022-04-23T00:16:55","guid":{"rendered":"https:\/\/wpclub.pro\/?post_type=product&#038;p=15649"},"modified":"2024-10-03T13:04:02","modified_gmt":"2024-10-03T16:04:02","slug":"soliloquy-dynamic-addon","status":"publish","type":"product","link":"https:\/\/wpclub.pro\/en\/item\/soliloquy-dynamic-addon\/","title":{"rendered":"Soliloquy Dynamic Addon 2.3.4"},"content":{"rendered":"<p>] width=\u00bb2\/3&#8243; css=\u00bb.vc_custom_1629733467375{margin-right: 15px !important;padding-top: 30px !important;padding-right: 30px !important;padding-bottom: 30px !important;padding-left: 30px !important;background-color: #f4f4f4 !important;border-radius: 5px !important;}\u00bb mobile_bg_img_hidden=\u00bbno\u00bb tablet_bg_img_hidden=\u00bbno\u00bb woodmart_parallax=\u00bb0&#8243; woodmart_sticky_column=\u00bbfalse\u00bb parallax_scroll=\u00bbno\u00bb mobile_reset_margin=\u00bbno\u00bb tablet_reset_margin=\u00bbno\u00bb]_text woodmart_inline=\u00bbno\u00bb text_larger=\u00bbno\u00bb]<\/p>\n<h2>Soliloquy Dynamic Addon<\/h2>\n<article class=\"center\">\n<p class=\"page-description\">Soliloquy Dynamic Addon es extremadamente poderoso porque le permite crear din\u00e1micamente controles deslizantes de WordPress a partir de publicaciones de blog, testimonios, im\u00e1genes de Instagram y m\u00e1s.<\/p>\n<\/article>\n<div class=\"video\">\n<p>Soliloquy Dynamic Addon es extremadamente poderoso porque le permite crear din\u00e1micamente controles deslizantes de WordPress a partir de una variedad de fuentes diferentes.<\/p>\n<p>Puede crear r\u00e1pidamente un control deslizante de WordPress a partir de im\u00e1genes adjuntas a una publicaci\u00f3n espec\u00edfica o incluso un conjunto personalizado de im\u00e1genes.\u00a0Puede usar el complemento din\u00e1mico para crear controles deslizantes a partir de sus im\u00e1genes de Envira Gallery, publicaciones de blog, tipos de publicaciones personalizadas como Testimonios y m\u00e1s.<\/p>\n<p>La interfaz de Soliloquy es excelente, pero a veces solo desea poder crear r\u00e1pidamente un control deslizante y no tener que preocuparse por volver a cargar im\u00e1genes, cambiar datos y todo lo dem\u00e1s que conlleva la creaci\u00f3n de un control deslizante.<\/p>\n<p>Ah\u00ed es donde el complemento din\u00e1mico realmente brilla porque solo puede usar el c\u00f3digo abreviado o la etiqueta de plantilla, y estar\u00e1 en camino de convertir sus im\u00e1genes en controles deslizantes de WordPress hermosos y receptivos.<\/p>\n<\/div>\n<p>\u00a1Consiga ahora Soliloquy Dynamic Addon![\/vc_column_text][\/vc_column] width=\u00bb1\/3&#8243; css=\u00bb.vc_custom_1629736132064{margin-left: 15px !important;padding-top: 30px !important;padding-right: 30px !important;padding-bottom: 30px !important;padding-left: 30px !important;background-color: #e2e2e2 !important;border-radius: 5px !important;}\u00bb mobile_bg_img_hidden=\u00bbno\u00bb tablet_bg_img_hidden=\u00bbno\u00bb woodmart_parallax=\u00bb0&#8243; woodmart_sticky_column=\u00bbfalse\u00bb parallax_scroll=\u00bbno\u00bb mobile_reset_margin=\u00bbno\u00bb tablet_reset_margin=\u00bbno\u00bb]_text woodmart_inline=\u00bbno\u00bb text_larger=\u00bbno\u00bb]<strong>Notificar Actualizaci\u00f3n<\/strong>[\/vc_column_text][contact-form-7 id=\u00bb13078&#8243; html_class=\u00bbwd-style-with-bg\u00bb][\/vc_column][\/vc_row] css=\u00bb.vc_custom_1629733150529{margin-top: 30px !important;}\u00bb mobile_bg_img_hidden=\u00bbno\u00bb tablet_bg_img_hidden=\u00bbno\u00bb woodmart_parallax=\u00bb0&#8243; woodmart_gradient_switch=\u00bbno\u00bb row_reverse_mobile=\u00bb0&#8243; row_reverse_tablet=\u00bb0&#8243; woodmart_disable_overflow=\u00bb0&#8243;] css=\u00bb.vc_custom_1629733167411{background-color: #f4f4f4 !important;border-radius: 5px !important;}\u00bb mobile_bg_img_hidden=\u00bbno\u00bb tablet_bg_img_hidden=\u00bbno\u00bb woodmart_parallax=\u00bb0&#8243; woodmart_sticky_column=\u00bbfalse\u00bb parallax_scroll=\u00bbno\u00bb mobile_reset_margin=\u00bbno\u00bb tablet_reset_margin=\u00bbno\u00bb]_text woodmart_inline=\u00bbno\u00bb text_larger=\u00bbno\u00bb]<\/p>\n<p style=\"text-align: center;\">Los productos publicados en el sitio son distribuimos bajo licenciamiento <a href=\"https:\/\/www.gnu.org\/licenses\/licenses.es.html\" target=\"_blank\" rel=\"noopener\" data-schema-attribute=\"\"><strong>GPL \/ GNU<\/strong><\/a>. Recuerda siempre revisar nuestros <strong><a href=\"https:\/\/wpclub.pro\/terminos-de-uso\/\" target=\"_blank\" rel=\"noopener\" data-schema-attribute=\"\">T\u00e9rminos de Uso<\/a><\/strong> y <strong><a href=\"https:\/\/wpclub.pro\/politica-de-privacidad\/\" target=\"_blank\" rel=\"noopener\" data-schema-attribute=\"\">Pol\u00edtica de Privacidad<\/a><\/strong>.<\/p>\n<p>[\/vc_column_text][\/vc_column][\/vc_row]<\/p>\n","protected":false},"excerpt":{"rendered":"<p><strong>Version<\/strong>: 2.3.4 &#8211; <strong>Publication Date<\/strong>: 22 de Abril, 2022<\/p>\n<p><strong>Author<\/strong>: <a href=\"https:\/\/soliloquywp.com\/addons\/dynamic\/\" target=\"_blank\" rel=\"nofollow noopener\">Go to Site<\/a><\/p>","protected":false},"featured_media":15650,"comment_status":"closed","ping_status":"closed","template":"","meta":{"_acf_changed":false},"product_brand":[],"product_cat":[67],"product_tag":[153],"class_list":{"0":"post-15649","1":"product","2":"type-product","3":"status-publish","4":"has-post-thumbnail","6":"product_cat-wordpress-plugins","7":"product_tag-utilidades","8":"pa_autores-soliloquy","10":"first","11":"instock","12":"sale","13":"downloadable","14":"virtual","15":"sold-individually","16":"purchasable","17":"product-type-simple"},"acf":[],"_links":{"self":[{"href":"https:\/\/wpclub.pro\/en\/wp-json\/wp\/v2\/product\/15649","targetHints":{"allow":["GET"]}}],"collection":[{"href":"https:\/\/wpclub.pro\/en\/wp-json\/wp\/v2\/product"}],"about":[{"href":"https:\/\/wpclub.pro\/en\/wp-json\/wp\/v2\/types\/product"}],"replies":[{"embeddable":true,"href":"https:\/\/wpclub.pro\/en\/wp-json\/wp\/v2\/comments?post=15649"}],"version-history":[{"count":0,"href":"https:\/\/wpclub.pro\/en\/wp-json\/wp\/v2\/product\/15649\/revisions"}],"wp:featuredmedia":[{"embeddable":true,"href":"https:\/\/wpclub.pro\/en\/wp-json\/wp\/v2\/media\/15650"}],"wp:attachment":[{"href":"https:\/\/wpclub.pro\/en\/wp-json\/wp\/v2\/media?parent=15649"}],"wp:term":[{"taxonomy":"product_brand","embeddable":true,"href":"https:\/\/wpclub.pro\/en\/wp-json\/wp\/v2\/product_brand?post=15649"},{"taxonomy":"product_cat","embeddable":true,"href":"https:\/\/wpclub.pro\/en\/wp-json\/wp\/v2\/product_cat?post=15649"},{"taxonomy":"product_tag","embeddable":true,"href":"https:\/\/wpclub.pro\/en\/wp-json\/wp\/v2\/product_tag?post=15649"}],"curies":[{"name":"wp","href":"https:\/\/api.w.org\/{rel}","templated":true}]}}