{"id":21233,"date":"2026-05-06T12:04:51","date_gmt":"2026-05-06T16:04:51","guid":{"rendered":"https:\/\/wpclub.pro\/?post_type=product&#038;p=21233"},"modified":"2026-05-06T12:05:41","modified_gmt":"2026-05-06T16:05:41","slug":"learnpress-co-instructors-addon","status":"publish","type":"product","link":"https:\/\/wpclub.pro\/en\/item\/learnpress-co-instructors-addon\/","title":{"rendered":"LearnPress Co-Instructors Addon 4.1.1"},"content":{"rendered":"<div data-elementor-type=\"product-post\" data-elementor-id=\"21233\" class=\"elementor elementor-21233\" data-elementor-post-type=\"product\">\n\t\t\t\t<div class=\"wd-negative-gap elementor-element elementor-element-6ef81a27 e-flex e-con-boxed e-con e-parent\" data-id=\"6ef81a27\" data-element_type=\"container\" data-e-type=\"container\">\n\t\t\t\t\t<div class=\"e-con-inner\">\n\t\t\t\t<div class=\"elementor-element elementor-element-639715e color-scheme-inherit text-left elementor-widget elementor-widget-text-editor\" data-id=\"639715e\" data-element_type=\"widget\" data-e-type=\"widget\" data-widget_type=\"text-editor.default\">\n\t\t\t\t<div class=\"elementor-widget-container\">\n\t\t\t\t\t\t\t\t\t<h2 data-start=\"0\" data-end=\"85\"><strong data-start=\"4\" data-end=\"83\">LearnPress Co-Instructors Addon<\/strong><\/h2>\n<h3 data-start=\"0\" data-end=\"85\"><strong data-start=\"4\" data-end=\"83\"> Potencia la colaboraci\u00f3n en cursos en l\u00ednea<\/strong><\/h3>\n<p data-start=\"87\" data-end=\"444\">LearnPress Co-Instructors Addon es una extensi\u00f3n dise\u00f1ada para el plugin de gesti\u00f3n de aprendizaje LearnPress, que permite a m\u00faltiples instructores colaborar en la ense\u00f1anza y gesti\u00f3n de un mismo curso. Esta funcionalidad es especialmente \u00fatil para plataformas educativas que buscan enriquecer sus contenidos mediante la participaci\u00f3n de diversos expertos.<\/p>\n<h3 data-start=\"446\" data-end=\"516\"><strong data-start=\"450\" data-end=\"514\">Caracter\u00edsticas destacadas de LearnPress Co-Instructors Addon<\/strong><\/h3>\n<ul data-start=\"518\" data-end=\"1240\">\n<li data-start=\"518\" data-end=\"735\">\n<p data-start=\"520\" data-end=\"735\"><strong data-start=\"520\" data-end=\"555\">Colaboraci\u00f3n entre instructores<\/strong>: Permite que varios instructores editen el contenido y gestionen a los estudiantes de un mismo curso, compartiendo responsabilidades y reduciendo la carga de trabajo individual.<\/p>\n<\/li>\n<li data-start=\"737\" data-end=\"988\">\n<p data-start=\"739\" data-end=\"988\"><strong data-start=\"739\" data-end=\"774\">Gesti\u00f3n de contenido individual<\/strong>: Cada co-instructor puede editar \u00fanicamente las lecciones, cuestionarios y tareas que ha creado, sin posibilidad de modificar el contenido de otros autores, lo que garantiza la integridad y coherencia del curso.<\/p>\n<\/li>\n<li data-start=\"990\" data-end=\"1240\">\n<p data-start=\"992\" data-end=\"1240\"><strong data-start=\"992\" data-end=\"1031\">F\u00e1cil asignaci\u00f3n de co-instructores<\/strong>: A trav\u00e9s de la configuraci\u00f3n del curso en el panel de administraci\u00f3n de WordPress, es sencillo a\u00f1adir uno o m\u00e1s co-instructores, quienes aparecer\u00e1n listados junto al autor principal en la p\u00e1gina del curso.<\/p>\n<\/li>\n<\/ul>\n<h3 data-start=\"1242\" data-end=\"1305\"><strong data-start=\"1246\" data-end=\"1303\">Beneficios de utilizar LearnPress Co-Instructors Addon<\/strong><\/h3>\n<ul data-start=\"1307\" data-end=\"1943\">\n<li data-start=\"1307\" data-end=\"1533\">\n<p data-start=\"1309\" data-end=\"1533\"><strong data-start=\"1309\" data-end=\"1342\">Diversificaci\u00f3n del contenido<\/strong>: La posibilidad de involucrar a m\u00faltiples expertos en un curso enriquece la experiencia de aprendizaje de los estudiantes al ofrecer diferentes perspectivas y conocimientos especializados.<\/p>\n<\/li>\n<li data-start=\"1535\" data-end=\"1769\">\n<p data-start=\"1537\" data-end=\"1769\"><strong data-start=\"1537\" data-end=\"1571\">Mejora en la gesti\u00f3n educativa<\/strong>: Al distribuir las tareas de ense\u00f1anza y administraci\u00f3n entre varios instructores, se optimiza la eficiencia en la gesti\u00f3n del curso y se asegura una atenci\u00f3n m\u00e1s personalizada a los estudiantes.<\/p>\n<\/li>\n<li data-start=\"1771\" data-end=\"1943\">\n<p data-start=\"1773\" data-end=\"1943\"><strong data-start=\"1773\" data-end=\"1807\">Facilidad de uso e integraci\u00f3n<\/strong>: El addon se integra perfectamente con LearnPress y es f\u00e1cil de instalar y configurar, sin requerir conocimientos t\u00e9cnicos avanzados.<\/p>\n<\/li>\n<\/ul>\n<p data-start=\"1945\" data-end=\"2148\">En resumen, LearnPress Co-Instructors Addon es una herramienta esencial para plataformas educativas que buscan fomentar la colaboraci\u00f3n entre instructores y enriquecer la calidad de sus cursos en l\u00ednea.<\/p>\t\t\t\t\t\t\t\t<\/div>\n\t\t\t\t<\/div>\n\t\t\t\t\t<\/div>\n\t\t\t\t<\/div>\n\t\t\t\t<\/div>","protected":false},"excerpt":{"rendered":"<p>LearnPress Co-Instructors Addon Potencia la colaboraci\u00f3n en cursos en l\u00ednea LearnPress Co-Instructors Addon es una extensi\u00f3n dise\u00f1ada para el plugin<\/p>","protected":false},"featured_media":96284,"comment_status":"closed","ping_status":"closed","template":"","meta":{"_acf_changed":false},"product_brand":[],"product_cat":[67],"product_tag":[126],"class_list":{"0":"post-21233","1":"product","2":"type-product","3":"status-publish","4":"has-post-thumbnail","6":"product_cat-wordpress-plugins","7":"product_tag-plugins-para-elearning","8":"pa_autores-learnpress","10":"first","11":"instock","12":"sale","13":"downloadable","14":"virtual","15":"sold-individually","16":"purchasable","17":"product-type-simple"},"acf":[],"_links":{"self":[{"href":"https:\/\/wpclub.pro\/en\/wp-json\/wp\/v2\/product\/21233","targetHints":{"allow":["GET"]}}],"collection":[{"href":"https:\/\/wpclub.pro\/en\/wp-json\/wp\/v2\/product"}],"about":[{"href":"https:\/\/wpclub.pro\/en\/wp-json\/wp\/v2\/types\/product"}],"replies":[{"embeddable":true,"href":"https:\/\/wpclub.pro\/en\/wp-json\/wp\/v2\/comments?post=21233"}],"version-history":[{"count":0,"href":"https:\/\/wpclub.pro\/en\/wp-json\/wp\/v2\/product\/21233\/revisions"}],"wp:featuredmedia":[{"embeddable":true,"href":"https:\/\/wpclub.pro\/en\/wp-json\/wp\/v2\/media\/96284"}],"wp:attachment":[{"href":"https:\/\/wpclub.pro\/en\/wp-json\/wp\/v2\/media?parent=21233"}],"wp:term":[{"taxonomy":"product_brand","embeddable":true,"href":"https:\/\/wpclub.pro\/en\/wp-json\/wp\/v2\/product_brand?post=21233"},{"taxonomy":"product_cat","embeddable":true,"href":"https:\/\/wpclub.pro\/en\/wp-json\/wp\/v2\/product_cat?post=21233"},{"taxonomy":"product_tag","embeddable":true,"href":"https:\/\/wpclub.pro\/en\/wp-json\/wp\/v2\/product_tag?post=21233"}],"curies":[{"name":"wp","href":"https:\/\/api.w.org\/{rel}","templated":true}]}}