{"id":21862,"date":"2026-04-16T14:31:45","date_gmt":"2026-04-16T18:31:45","guid":{"rendered":"https:\/\/wpclub.pro\/?post_type=product&#038;p=21862"},"modified":"2026-04-16T14:32:46","modified_gmt":"2026-04-16T18:32:46","slug":"newsletter-bounce-addon","status":"publish","type":"product","link":"https:\/\/wpclub.pro\/en\/item\/newsletter-bounce-addon\/","title":{"rendered":"Newsletter Bounce Addon 1.3.7"},"content":{"rendered":"<div data-elementor-type=\"product-post\" data-elementor-id=\"21862\" class=\"elementor elementor-21862\" data-elementor-post-type=\"product\">\n\t\t\t\t<div class=\"wd-negative-gap elementor-element elementor-element-43b52766 e-flex e-con-boxed e-con e-parent\" data-id=\"43b52766\" data-element_type=\"container\" data-e-type=\"container\">\n\t\t\t\t\t<div class=\"e-con-inner\">\n\t\t\t\t<div class=\"elementor-element elementor-element-1bf5a952 color-scheme-inherit text-left elementor-widget elementor-widget-text-editor\" data-id=\"1bf5a952\" data-element_type=\"widget\" data-e-type=\"widget\" data-widget_type=\"text-editor.default\">\n\t\t\t\t<div class=\"elementor-widget-container\">\n\t\t\t\t\t\t\t\t\t<h2>Newsletter Bounce Addon<\/h2><p>Nota: siempre recomendamos utilizar un servicio de entrega profesional para enviar su correo electr\u00f3nico de marketing y administrar correctamente los rebotes. No podemos garantizar que la extensi\u00f3n pueda detectar todo tipo de rebotes.<\/p><p>Cuando se env\u00eda un mensaje a una direcci\u00f3n no v\u00e1lida o inaccesible, la mayor\u00eda de las veces recibir\u00e1 un mensaje de error de entrega como respuesta. Si est\u00e1n correctamente formateados, esos mensajes de notificaci\u00f3n de error contienen un conjunto de datos, llamado DSN (notificaci\u00f3n de estado de entrega) con informaci\u00f3n sobre el tipo de error (temporal, permanente, etc.).<\/p><h3>Newsletter Bounce Addon en la Pr\u00e1ctica<\/h3><p>Si usa Post SMTP como complemento SMTP<\/p><p>Si est\u00e1 utilizando el complemento Post SMTP, tenga en cuenta que no se respeta la \u00abruta de retorno\u00bb establecida en la Configuraci\u00f3n del bolet\u00edn. Si pueden agregar una opci\u00f3n para establecer ese valor (deber\u00edamos llamarlo \u00abRemitente\u00bb, pero es un poco enga\u00f1oso para los humanos que no son t\u00e9cnicos), la direcci\u00f3n de retorno debe configurarse en ese complemento.<\/p><h3>C\u00f3mo configurar Newsletter Bounce Addon<\/h3><p>La extensi\u00f3n necesita un buz\u00f3n dedicado (direcci\u00f3n de correo electr\u00f3nico) donde se recopilan todos los mensajes de error. El buz\u00f3n debe ser accesible mediante el protocolo POP3.<\/p><p>Para indicar a los externos que env\u00eden mensajes de error en el buz\u00f3n correcto, debe configurar la \u00abruta de retorno\u00bb en la configuraci\u00f3n principal del bolet\u00edn con la direcci\u00f3n de correo electr\u00f3nico que cre\u00f3 en el paso anterior.<\/p><p>Cada hora, Newsletter Bounce Addon abre el buz\u00f3n, lee todos los mensajes, los analiza e intenta detectar si hay errores permanentes informados. Extraiga la direcci\u00f3n de correo electr\u00f3nico y m\u00e1rquela como rebotada.<\/p><p>La configuraci\u00f3n de POP3 consta de un nombre de usuario, una contrase\u00f1a, un nombre de host y un puerto (opcional). Esos par\u00e1metros se pueden encontrar en las instrucciones de su proveedor sobre c\u00f3mo configurar un cliente de correo gen\u00e9rico.<\/p><p>Si se puede acceder al buz\u00f3n en modo seguro (TLS, SSL), incluso puede seleccionar el protocolo de seguridad a utilizar, pero recuerde configurar incluso el puerto (generalmente difiere del n\u00famero de puerto 110 est\u00e1ndar).<\/p><p>Newsletter Bounce Addon.<\/p>\t\t\t\t\t\t\t\t<\/div>\n\t\t\t\t<\/div>\n\t\t\t\t\t<\/div>\n\t\t\t\t<\/div>\n\t\t\t\t<\/div>","protected":false},"excerpt":{"rendered":"<p>Newsletter Bounce Addon Nota: siempre recomendamos utilizar un servicio de entrega profesional para enviar su correo electr\u00f3nico de marketing y<\/p>","protected":false},"featured_media":109488,"comment_status":"closed","ping_status":"closed","template":"","meta":{"_acf_changed":false},"product_brand":[],"product_cat":[67],"product_tag":[448],"class_list":{"0":"post-21862","1":"product","2":"type-product","3":"status-publish","4":"has-post-thumbnail","6":"product_cat-wordpress-plugins","7":"product_tag-plugins-para-emails-y-newsletter","8":"pa_autores-newsletter","10":"first","11":"instock","12":"sale","13":"downloadable","14":"virtual","15":"sold-individually","16":"purchasable","17":"product-type-simple"},"acf":[],"_links":{"self":[{"href":"https:\/\/wpclub.pro\/en\/wp-json\/wp\/v2\/product\/21862","targetHints":{"allow":["GET"]}}],"collection":[{"href":"https:\/\/wpclub.pro\/en\/wp-json\/wp\/v2\/product"}],"about":[{"href":"https:\/\/wpclub.pro\/en\/wp-json\/wp\/v2\/types\/product"}],"replies":[{"embeddable":true,"href":"https:\/\/wpclub.pro\/en\/wp-json\/wp\/v2\/comments?post=21862"}],"version-history":[{"count":0,"href":"https:\/\/wpclub.pro\/en\/wp-json\/wp\/v2\/product\/21862\/revisions"}],"wp:featuredmedia":[{"embeddable":true,"href":"https:\/\/wpclub.pro\/en\/wp-json\/wp\/v2\/media\/109488"}],"wp:attachment":[{"href":"https:\/\/wpclub.pro\/en\/wp-json\/wp\/v2\/media?parent=21862"}],"wp:term":[{"taxonomy":"product_brand","embeddable":true,"href":"https:\/\/wpclub.pro\/en\/wp-json\/wp\/v2\/product_brand?post=21862"},{"taxonomy":"product_cat","embeddable":true,"href":"https:\/\/wpclub.pro\/en\/wp-json\/wp\/v2\/product_cat?post=21862"},{"taxonomy":"product_tag","embeddable":true,"href":"https:\/\/wpclub.pro\/en\/wp-json\/wp\/v2\/product_tag?post=21862"}],"curies":[{"name":"wp","href":"https:\/\/api.w.org\/{rel}","templated":true}]}}