{"id":21879,"date":"2026-05-01T11:00:20","date_gmt":"2026-05-01T15:00:20","guid":{"rendered":"https:\/\/wpclub.pro\/?post_type=product&#038;p=21879"},"modified":"2026-05-01T11:01:41","modified_gmt":"2026-05-01T15:01:41","slug":"newsletter-elastic-email-addon","status":"publish","type":"product","link":"https:\/\/wpclub.pro\/en\/item\/newsletter-elastic-email-addon\/","title":{"rendered":"Newsletter Elastic Email Addon 1.3.2"},"content":{"rendered":"<div data-elementor-type=\"product-post\" data-elementor-id=\"21879\" class=\"elementor elementor-21879\" data-elementor-post-type=\"product\">\n\t\t\t\t<div class=\"wd-negative-gap elementor-element elementor-element-69123e90 e-flex e-con-boxed e-con e-parent\" data-id=\"69123e90\" data-element_type=\"container\" data-e-type=\"container\">\n\t\t\t\t\t<div class=\"e-con-inner\">\n\t\t\t\t<div class=\"elementor-element elementor-element-78f42e4b color-scheme-inherit text-left elementor-widget elementor-widget-text-editor\" data-id=\"78f42e4b\" data-element_type=\"widget\" data-e-type=\"widget\" data-widget_type=\"text-editor.default\">\n\t\t\t\t<div class=\"elementor-widget-container\">\n\t\t\t\t\t\t\t\t\t<h2 data-start=\"0\" data-end=\"88\"><strong>Newsletter Elastic Email Addon<\/strong><\/h2><h3 data-start=\"0\" data-end=\"88\">Entregabilidad Profesional para Campa\u00f1as de Correo<\/h3><p data-start=\"90\" data-end=\"432\">Newsletter Elastic Email Addon es una extensi\u00f3n dise\u00f1ada para integrar el plugin Newsletter de WordPress con el servicio de entrega de correos electr\u00f3nicos Elastic Email. Esta integraci\u00f3n permite a los usuarios aprovechar la infraestructura de Elastic Email para mejorar la entregabilidad y eficiencia de sus campa\u00f1as de correo electr\u00f3nico.<\/p><h3 data-start=\"434\" data-end=\"467\">Main Features<\/h3><ul data-start=\"469\" data-end=\"1250\"><li data-start=\"469\" data-end=\"657\"><strong data-start=\"471\" data-end=\"512\">Integraci\u00f3n Directa con Elastic Email<\/strong>: El addon conecta el plugin Newsletter con Elastic Email, permitiendo el env\u00edo de correos electr\u00f3nicos a trav\u00e9s de su robusta infraestructura.<\/li><li data-start=\"658\" data-end=\"925\"><strong data-start=\"660\" data-end=\"686\">Configuraci\u00f3n Sencilla<\/strong>: Para utilizar el addon, es necesario validar el dominio en Elastic Email y obtener una clave API. Estos pasos aseguran que el dominio est\u00e9 autorizado para enviar correos y que la comunicaci\u00f3n entre WordPress y Elastic Email sea segura.<\/li><li data-start=\"926\" data-end=\"1250\"><strong data-start=\"928\" data-end=\"971\">Gesti\u00f3n de Cancelaciones de Suscripci\u00f3n<\/strong>: Elastic Email requiere la inclusi\u00f3n de una etiqueta de cancelaci\u00f3n en los correos electr\u00f3nicos. El addon a\u00f1ade autom\u00e1ticamente esta etiqueta y la configura para que las solicitudes de cancelaci\u00f3n se gestionen correctamente tanto en Elastic Email como en el plugin Newsletter.<\/li><\/ul><h3 data-start=\"1252\" data-end=\"1292\">Beneficios de Implementar Newsletter Elastic Email Addon<\/h3><ul data-start=\"1294\" data-end=\"1895\"><li data-start=\"1294\" data-end=\"1504\"><strong data-start=\"1296\" data-end=\"1327\">Mejora en la Entregabilidad<\/strong>: Al utilizar los servidores de Elastic Email, se incrementa la tasa de entrega efectiva de los correos electr\u00f3nicos, reduciendo la posibilidad de que sean marcados como spam.<\/li><li data-start=\"1505\" data-end=\"1695\"><strong data-start=\"1507\" data-end=\"1535\">Monitoreo y Estad\u00edsticas<\/strong>: Elastic Email proporciona herramientas para rastrear aperturas, clics y otras m\u00e9tricas clave, permitiendo analizar el rendimiento de las campa\u00f1as de correo.<\/li><li data-start=\"1696\" data-end=\"1895\"><strong data-start=\"1698\" data-end=\"1715\">Escalabilidad<\/strong>: La infraestructura de Elastic Email est\u00e1 dise\u00f1ada para manejar grandes vol\u00famenes de correos, facilitando el crecimiento de las campa\u00f1as sin comprometer la calidad del servicio.<\/li><\/ul><p data-start=\"2392\" data-end=\"2604\">Newsletter Elastic Email Addon ofrece una soluci\u00f3n eficiente para mejorar la entregabilidad y gesti\u00f3n de las campa\u00f1as de correo electr\u00f3nico en WordPress, aprovechando las capacidades avanzadas de Elastic Email.<\/p>\t\t\t\t\t\t\t\t<\/div>\n\t\t\t\t<\/div>\n\t\t\t\t\t<\/div>\n\t\t\t\t<\/div>\n\t\t\t\t<\/div>","protected":false},"excerpt":{"rendered":"<p>Newsletter Elastic Email Addon Entregabilidad Profesional para Campa\u00f1as de Correo Newsletter Elastic Email Addon es una extensi\u00f3n dise\u00f1ada para integrar<\/p>","protected":false},"featured_media":83038,"comment_status":"closed","ping_status":"closed","template":"","meta":{"_acf_changed":false},"product_brand":[],"product_cat":[67],"product_tag":[448],"class_list":{"0":"post-21879","1":"product","2":"type-product","3":"status-publish","4":"has-post-thumbnail","6":"product_cat-wordpress-plugins","7":"product_tag-plugins-para-emails-y-newsletter","8":"pa_autores-newsletter","10":"first","11":"instock","12":"sale","13":"downloadable","14":"virtual","15":"sold-individually","16":"purchasable","17":"product-type-simple"},"acf":[],"_links":{"self":[{"href":"https:\/\/wpclub.pro\/en\/wp-json\/wp\/v2\/product\/21879","targetHints":{"allow":["GET"]}}],"collection":[{"href":"https:\/\/wpclub.pro\/en\/wp-json\/wp\/v2\/product"}],"about":[{"href":"https:\/\/wpclub.pro\/en\/wp-json\/wp\/v2\/types\/product"}],"replies":[{"embeddable":true,"href":"https:\/\/wpclub.pro\/en\/wp-json\/wp\/v2\/comments?post=21879"}],"version-history":[{"count":0,"href":"https:\/\/wpclub.pro\/en\/wp-json\/wp\/v2\/product\/21879\/revisions"}],"wp:featuredmedia":[{"embeddable":true,"href":"https:\/\/wpclub.pro\/en\/wp-json\/wp\/v2\/media\/83038"}],"wp:attachment":[{"href":"https:\/\/wpclub.pro\/en\/wp-json\/wp\/v2\/media?parent=21879"}],"wp:term":[{"taxonomy":"product_brand","embeddable":true,"href":"https:\/\/wpclub.pro\/en\/wp-json\/wp\/v2\/product_brand?post=21879"},{"taxonomy":"product_cat","embeddable":true,"href":"https:\/\/wpclub.pro\/en\/wp-json\/wp\/v2\/product_cat?post=21879"},{"taxonomy":"product_tag","embeddable":true,"href":"https:\/\/wpclub.pro\/en\/wp-json\/wp\/v2\/product_tag?post=21879"}],"curies":[{"name":"wp","href":"https:\/\/api.w.org\/{rel}","templated":true}]}}