{"id":22540,"date":"2023-06-02T13:46:00","date_gmt":"2023-06-02T17:46:00","guid":{"rendered":"https:\/\/wpclub.pro\/?post_type=product&#038;p=22540"},"modified":"2024-10-03T12:59:01","modified_gmt":"2024-10-03T15:59:01","slug":"pmprp-address-for-free-levels","status":"publish","type":"product","link":"https:\/\/wpclub.pro\/en\/item\/pmprp-address-for-free-levels\/","title":{"rendered":"PMPRP Address For Free Levels 0.5"},"content":{"rendered":"<p>] css=\u00bb.vc_custom_1629733467375{margin-right: 15px !important;padding-top: 30px !important;padding-right: 30px !important;padding-bottom: 30px !important;padding-left: 30px !important;background-color: #f4f4f4 !important;border-radius: 5px !important;}\u00bb width=\u00bb1\/1&#8243; mobile_bg_img_hidden=\u00bbno\u00bb tablet_bg_img_hidden=\u00bbno\u00bb woodmart_parallax=\u00bb0&#8243; woodmart_sticky_column=\u00bbfalse\u00bb parallax_scroll=\u00bbno\u00bb mobile_reset_margin=\u00bbno\u00bb tablet_reset_margin=\u00bbno\u00bb]_text woodmart_inline=\u00bbno\u00bb text_larger=\u00bbno\u00bb]<\/p>\n<h2>PMPRP Address For Free Levels<\/h2>\n<p>Capture campos de nombre y direcci\u00f3n para niveles gratuitos o para pasarelas de pago externas.<\/p>\n<h3>C\u00f3mo Funciona PMPRP Address For Free Levels<\/h3>\n<p>De manera predeterminada, los campos de direcci\u00f3n solo se muestran para el pago en la puerta de enlace en el sitio para un nivel pago. PMPRP Address For Free Levels le permite agregar f\u00e1cilmente los campos de direcci\u00f3n a un pago de nivel gratuito, as\u00ed como a niveles pagos cuando utiliza una opci\u00f3n de pasarela de pago externa (PayPal Standard, PayPal Express o 2Checkout).<\/p>\n<p>La direcci\u00f3n del miembro se guarda como meta del usuario y el administrador puede verla en el perfil del miembro dentro del sitio web de membres\u00eda. Esta informaci\u00f3n no est\u00e1 incluida en los datos enviados a trav\u00e9s de su puerta de enlace, solo se almacena en la base de datos del sitio de membres\u00eda.<\/p>\n<p>Adquiere PMPRP Address For Free Levels.[\/vc_column_text][\/vc_column][\/vc_row] css=\u00bb.vc_custom_1629733150529{margin-top: 30px !important;}\u00bb mobile_bg_img_hidden=\u00bbno\u00bb tablet_bg_img_hidden=\u00bbno\u00bb woodmart_parallax=\u00bb0&#8243; woodmart_gradient_switch=\u00bbno\u00bb row_reverse_mobile=\u00bb0&#8243; row_reverse_tablet=\u00bb0&#8243; woodmart_disable_overflow=\u00bb0&#8243;] css=\u00bb.vc_custom_1629733167411{background-color: #f4f4f4 !important;border-radius: 5px !important;}\u00bb mobile_bg_img_hidden=\u00bbno\u00bb tablet_bg_img_hidden=\u00bbno\u00bb woodmart_parallax=\u00bb0&#8243; woodmart_sticky_column=\u00bbfalse\u00bb parallax_scroll=\u00bbno\u00bb mobile_reset_margin=\u00bbno\u00bb tablet_reset_margin=\u00bbno\u00bb]_text woodmart_inline=\u00bbno\u00bb text_larger=\u00bbno\u00bb]<\/p>\n<p style=\"text-align: center;\">Los productos publicados en el sitio son distribuimos bajo licenciamiento <a href=\"https:\/\/www.gnu.org\/licenses\/licenses.es.html\" target=\"_blank\" rel=\"noopener\" data-schema-attribute=\"\"><strong>GPL \/ GNU<\/strong><\/a>. Recuerda siempre revisar nuestros <strong><a href=\"https:\/\/wpclub.pro\/terminos-de-uso\/\" target=\"_blank\" rel=\"noopener\" data-schema-attribute=\"\">T\u00e9rminos de Uso<\/a><\/strong> y <strong><a href=\"https:\/\/wpclub.pro\/politica-de-privacidad\/\" target=\"_blank\" rel=\"noopener\" data-schema-attribute=\"\">Pol\u00edtica de Privacidad<\/a><\/strong>.<\/p>\n<p>[\/vc_column_text][\/vc_column][\/vc_row]<\/p>\n","protected":false},"excerpt":{"rendered":"<p>] css=\u00bb.vc_custom_1629733467375{margin-right: 15px !important;padding-top: 30px !important;padding-right: 30px !important;padding-bottom: 30px !important;padding-left: 30px !important;background-color: #f4f4f4 !important;border-radius: 5px !important;}\u00bb width=\u00bb1\/1&#8243; mobile_bg_img_hidden=\u00bbno\u00bb tablet_bg_img_hidden=\u00bbno\u00bb woodmart_parallax=\u00bb0&#8243;<\/p>","protected":false},"featured_media":22541,"comment_status":"closed","ping_status":"closed","template":"","meta":{"_acf_changed":false},"product_brand":[],"product_cat":[67],"product_tag":[128],"class_list":{"0":"post-22540","1":"product","2":"type-product","3":"status-publish","4":"has-post-thumbnail","6":"product_cat-wordpress-plugins","7":"product_tag-plugins-para-membresias-y-suscripciones","8":"pa_autores-paid-memberships-pro","10":"first","11":"instock","12":"sale","13":"downloadable","14":"virtual","15":"sold-individually","16":"purchasable","17":"product-type-simple"},"acf":[],"_links":{"self":[{"href":"https:\/\/wpclub.pro\/en\/wp-json\/wp\/v2\/product\/22540","targetHints":{"allow":["GET"]}}],"collection":[{"href":"https:\/\/wpclub.pro\/en\/wp-json\/wp\/v2\/product"}],"about":[{"href":"https:\/\/wpclub.pro\/en\/wp-json\/wp\/v2\/types\/product"}],"replies":[{"embeddable":true,"href":"https:\/\/wpclub.pro\/en\/wp-json\/wp\/v2\/comments?post=22540"}],"version-history":[{"count":0,"href":"https:\/\/wpclub.pro\/en\/wp-json\/wp\/v2\/product\/22540\/revisions"}],"wp:featuredmedia":[{"embeddable":true,"href":"https:\/\/wpclub.pro\/en\/wp-json\/wp\/v2\/media\/22541"}],"wp:attachment":[{"href":"https:\/\/wpclub.pro\/en\/wp-json\/wp\/v2\/media?parent=22540"}],"wp:term":[{"taxonomy":"product_brand","embeddable":true,"href":"https:\/\/wpclub.pro\/en\/wp-json\/wp\/v2\/product_brand?post=22540"},{"taxonomy":"product_cat","embeddable":true,"href":"https:\/\/wpclub.pro\/en\/wp-json\/wp\/v2\/product_cat?post=22540"},{"taxonomy":"product_tag","embeddable":true,"href":"https:\/\/wpclub.pro\/en\/wp-json\/wp\/v2\/product_tag?post=22540"}],"curies":[{"name":"wp","href":"https:\/\/api.w.org\/{rel}","templated":true}]}}