{"id":22546,"date":"2025-07-28T15:49:26","date_gmt":"2025-07-28T19:49:26","guid":{"rendered":"https:\/\/wpclub.pro\/?post_type=product&#038;p=22546"},"modified":"2025-07-28T15:51:45","modified_gmt":"2025-07-28T19:51:45","slug":"pmpro-approval-process-for-membership","status":"publish","type":"product","link":"https:\/\/wpclub.pro\/en\/item\/pmpro-approval-process-for-membership\/","title":{"rendered":"PMPRO Approval Addon 1.6.5"},"content":{"rendered":"<div data-elementor-type=\"product-post\" data-elementor-id=\"22546\" class=\"elementor elementor-22546\" data-elementor-post-type=\"product\">\n\t\t\t\t<div class=\"wd-negative-gap elementor-element elementor-element-238beb25 e-flex e-con-boxed e-con e-parent\" data-id=\"238beb25\" data-element_type=\"container\" data-e-type=\"container\">\n\t\t\t\t\t<div class=\"e-con-inner\">\n\t\t\t\t<div class=\"elementor-element elementor-element-6ddf31ef color-scheme-inherit text-left elementor-widget elementor-widget-text-editor\" data-id=\"6ddf31ef\" data-element_type=\"widget\" data-e-type=\"widget\" data-widget_type=\"text-editor.default\">\n\t\t\t\t<div class=\"elementor-widget-container\">\n\t\t\t\t\t\t\t\t\t<h2>PMPRO Approval Process for Membership<\/h2><p>Configure un proceso \u00fanico de aprobaci\u00f3n o solicitud para su sitio de membres\u00eda. Este complemento brinda a los administradores del sitio de membres\u00eda la capacidad de aprobar o rechazar miembros.<\/p><h3>C\u00f3mo Funciona PMPRO Approval Process for Membership<\/h3><p>Despu\u00e9s de que un miembro se registre, el administrador, el administrador de membres\u00eda o los nuevos roles de aprobador tendr\u00e1n la capacidad de aprobar su membres\u00eda o rechazar la solicitud. Al miembro se le cobrar\u00e1 el pago inicial y la suscripci\u00f3n configurada (si corresponde) seg\u00fan la configuraci\u00f3n del nivel al finalizar la compra.<\/p><p>Adem\u00e1s, puede establecer un nivel para requerir una membres\u00eda aprobada de otro nivel para completar el pago. Esto le permite ofrecer una solicitud de membres\u00eda de dos pasos y un modelo de registro de membres\u00eda completo.<\/p><h3>Tarifa de Solicitud con PMPRO Approval Process for Membership<\/h3><p>Con PMPRO Approval Process for Membership, puede colocar una tarifa de solicitud en el nivel de aplicaci\u00f3n y luego cargar su tarifa de membres\u00eda recurrente completa en la membres\u00eda principal para los miembros aprobados.<\/p><p>El miembro solicitante y el administrador recibir\u00e1n notificaciones por correo electr\u00f3nico a lo largo del proceso para alertarlos sobre el estado de la solicitud.<\/p><p>Los miembros pendientes de aprobaci\u00f3n no tendr\u00e1n acceso para ver el contenido exclusivo para miembros hasta que se apruebe su membres\u00eda. Una vez que se aprueba a un miembro, podr\u00e1 acceder a todo el contenido exclusivo para miembros.<\/p><p>Obenga PMPRO Approval Process for Membership.<\/p>\t\t\t\t\t\t\t\t<\/div>\n\t\t\t\t<\/div>\n\t\t\t\t\t<\/div>\n\t\t\t\t<\/div>\n\t\t\t\t<\/div>","protected":false},"excerpt":{"rendered":"<p>PMPRO Approval Process for Membership Configure un proceso \u00fanico de aprobaci\u00f3n o solicitud para su sitio de membres\u00eda. Este complemento<\/p>","protected":false},"featured_media":88681,"comment_status":"closed","ping_status":"closed","template":"","meta":{"_acf_changed":false},"product_brand":[],"product_cat":[67],"product_tag":[128],"class_list":{"0":"post-22546","1":"product","2":"type-product","3":"status-publish","4":"has-post-thumbnail","6":"product_cat-wordpress-plugins","7":"product_tag-plugins-para-membresias-y-suscripciones","8":"pa_autores-paid-memberships-pro","10":"first","11":"instock","12":"sale","13":"downloadable","14":"virtual","15":"sold-individually","16":"purchasable","17":"product-type-simple"},"acf":[],"_links":{"self":[{"href":"https:\/\/wpclub.pro\/en\/wp-json\/wp\/v2\/product\/22546","targetHints":{"allow":["GET"]}}],"collection":[{"href":"https:\/\/wpclub.pro\/en\/wp-json\/wp\/v2\/product"}],"about":[{"href":"https:\/\/wpclub.pro\/en\/wp-json\/wp\/v2\/types\/product"}],"replies":[{"embeddable":true,"href":"https:\/\/wpclub.pro\/en\/wp-json\/wp\/v2\/comments?post=22546"}],"version-history":[{"count":0,"href":"https:\/\/wpclub.pro\/en\/wp-json\/wp\/v2\/product\/22546\/revisions"}],"wp:featuredmedia":[{"embeddable":true,"href":"https:\/\/wpclub.pro\/en\/wp-json\/wp\/v2\/media\/88681"}],"wp:attachment":[{"href":"https:\/\/wpclub.pro\/en\/wp-json\/wp\/v2\/media?parent=22546"}],"wp:term":[{"taxonomy":"product_brand","embeddable":true,"href":"https:\/\/wpclub.pro\/en\/wp-json\/wp\/v2\/product_brand?post=22546"},{"taxonomy":"product_cat","embeddable":true,"href":"https:\/\/wpclub.pro\/en\/wp-json\/wp\/v2\/product_cat?post=22546"},{"taxonomy":"product_tag","embeddable":true,"href":"https:\/\/wpclub.pro\/en\/wp-json\/wp\/v2\/product_tag?post=22546"}],"curies":[{"name":"wp","href":"https:\/\/api.w.org\/{rel}","templated":true}]}}