{"id":22595,"date":"2025-04-01T15:56:56","date_gmt":"2025-04-01T18:56:56","guid":{"rendered":"https:\/\/wpclub.pro\/?post_type=product&#038;p=22595"},"modified":"2025-04-01T15:59:54","modified_gmt":"2025-04-01T18:59:54","slug":"pmpro-member-badges-addon","status":"publish","type":"product","link":"https:\/\/wpclub.pro\/en\/item\/pmpro-member-badges-addon\/","title":{"rendered":"PMPRO Member Badges Addon 1.1"},"content":{"rendered":"\t\t<div data-elementor-type=\"product-post\" data-elementor-id=\"22595\" class=\"elementor elementor-22595\" data-elementor-post-type=\"product\">\n\t\t\t\t<div class=\"wd-negative-gap elementor-element elementor-element-fd67b5e e-flex e-con-boxed e-con e-parent\" data-id=\"fd67b5e\" data-element_type=\"container\" data-e-type=\"container\">\n\t\t\t\t\t<div class=\"e-con-inner\">\n\t\t\t\t<div class=\"elementor-element elementor-element-79316bb0 color-scheme-inherit text-left elementor-widget elementor-widget-text-editor\" data-id=\"79316bb0\" data-element_type=\"widget\" data-e-type=\"widget\" data-widget_type=\"text-editor.default\">\n\t\t\t\t<div class=\"elementor-widget-container\">\n\t\t\t\t\t\t\t\t\t<h2 data-start=\"0\" data-end=\"73\"><strong>PMPRO Member Badges<\/strong><\/h2><h3 class=\"\" data-start=\"0\" data-end=\"73\">Personalizaci\u00f3n Visual para Niveles de Membres\u00eda<\/h3><p class=\"\" data-start=\"75\" data-end=\"194\"><span class=\"relative -mx-px my-[-0.2rem] rounded px-px py-[0.2rem]\">PMPro Member Badges es un complemento dise\u00f1ado para Paid Memberships Pro que permite asignar im\u00e1genes distintivas a cada nivel de membres\u00eda en tu sitio WordPress.<\/span> <span class=\"relative -mx-px my-[-0.2rem] rounded px-px py-[0.2rem]\">Estas insignias pueden mostrarse en diversas \u00e1reas del sitio, ofreciendo una representaci\u00f3n visual del estatus de cada miembro.<\/span><\/p><h3 class=\"\" data-start=\"196\" data-end=\"227\">Caracter\u00edsticas Principales<\/h3><ul data-start=\"229\" data-end=\"750\"><li class=\"\" data-start=\"229\" data-end=\"351\"><p class=\"\" data-start=\"231\" data-end=\"351\"><strong data-start=\"231\" data-end=\"268\">Asignaci\u00f3n de Insignias por Nivel<\/strong>: <span class=\"relative -mx-px my-[-0.2rem] rounded px-px py-[0.2rem]\">Permite subir y asociar una imagen espec\u00edfica a cada nivel de membres\u00eda, facilitando la identificaci\u00f3n visual de los miembros seg\u00fan su suscripci\u00f3n.<\/span>\u200b<\/p><\/li><li class=\"\" data-start=\"353\" data-end=\"488\"><p class=\"\" data-start=\"355\" data-end=\"488\"><strong data-start=\"355\" data-end=\"405\">Visualizaci\u00f3n mediante Shortcode y Funci\u00f3n PHP<\/strong>: <span class=\"relative -mx-px my-[-0.2rem] rounded px-px py-[0.2rem]\">Ofrece el shortcode <code data-start=\"20\" data-end=\"43\">[pmpro_member_badges]<\/code> y la funci\u00f3n <code data-start=\"57\" data-end=\"79\">pmpromb_show_badge()<\/code> para mostrar las insignias en p\u00e1ginas, entradas o directamente en las plantillas del tema.<\/span><\/p><\/li><li class=\"\" data-start=\"490\" data-end=\"618\"><p class=\"\" data-start=\"492\" data-end=\"618\"><strong data-start=\"492\" data-end=\"535\">Compatibilidad con M\u00faltiples Membres\u00edas<\/strong>: <span class=\"relative -mx-px my-[-0.2rem] rounded px-px py-[0.2rem]\">Soporta entornos donde los usuarios pueden tener m\u00e1s de un nivel de membres\u00eda activo, mostrando las insignias correspondientes a cada nivel.<\/span>\u200b<\/p><\/li><li class=\"\" data-start=\"620\" data-end=\"750\"><p class=\"\" data-start=\"622\" data-end=\"750\"><strong data-start=\"622\" data-end=\"665\">Integraci\u00f3n con Directorios de Miembros<\/strong>: <span class=\"relative -mx-px my-[-0.2rem] rounded px-px py-[0.2rem]\">Se integra con el shortcode <code data-start=\"28\" data-end=\"54\">[pmpro_member_directory]<\/code>, permitiendo mostrar las insignias en listados y perfiles de miembros.<\/span><\/p><\/li><\/ul><h3 class=\"\" data-start=\"752\" data-end=\"801\">Beneficios de Implementar PMPRO Member Badges<\/h3><ul data-start=\"803\" data-end=\"1174\"><li class=\"\" data-start=\"803\" data-end=\"932\"><p class=\"\" data-start=\"805\" data-end=\"932\"><strong data-start=\"805\" data-end=\"845\">Mejora de la Experiencia del Usuario<\/strong>: <span class=\"relative -mx-px my-[-0.2rem] rounded px-px py-[0.2rem]\">Las insignias proporcionan una representaci\u00f3n visual clara del nivel de membres\u00eda, aumentando la transparencia y el compromiso de los miembros.<\/span>\u200b<\/p><\/li><li class=\"\" data-start=\"934\" data-end=\"1052\"><p class=\"\" data-start=\"936\" data-end=\"1052\"><strong data-start=\"936\" data-end=\"965\">Personalizaci\u00f3n del Sitio<\/strong>: <span class=\"relative -mx-px my-[-0.2rem] rounded px-px py-[0.2rem]\">A\u00f1adir insignias distintivas contribuye a una est\u00e9tica m\u00e1s personalizada y profesional, reforzando la identidad de la comunidad.<\/span>\u200b<\/p><\/li><li class=\"\" data-start=\"1054\" data-end=\"1174\"><p class=\"\" data-start=\"1056\" data-end=\"1174\"><strong data-start=\"1056\" data-end=\"1087\">Fomento de la Participaci\u00f3n<\/strong>: <span class=\"relative -mx-px my-[-0.2rem] rounded px-px py-[0.2rem]\">Las insignias pueden servir como incentivos visuales para que los miembros asciendan a niveles superiores de membres\u00eda.<\/span>\u200b<span style=\"color: #1b1919; font-size: 22px;\">\u200b<\/span><\/p><\/li><\/ul><p class=\"\" data-start=\"1597\" data-end=\"1682\"><span class=\"relative -mx-px my-[-0.2rem] rounded px-px py-[0.2rem]\">En resumen, PMPro Member Badges es una herramienta valiosa para enriquecer la experiencia de los miembros en sitios de membres\u00eda, proporcionando una representaci\u00f3n visual efectiva de los diferentes niveles de suscripci\u00f3n.<\/span><\/p>\t\t\t\t\t\t\t\t<\/div>\n\t\t\t\t<\/div>\n\t\t\t\t\t<\/div>\n\t\t\t\t<\/div>\n\t\t\t\t<\/div>\n\t\t","protected":false},"excerpt":{"rendered":"<p>PMPRO Member Badges Personalizaci\u00f3n Visual para Niveles de Membres\u00eda PMPro Member Badges es un complemento dise\u00f1ado para Paid Memberships Pro<\/p>","protected":false},"featured_media":73557,"comment_status":"closed","ping_status":"closed","template":"","meta":{"_acf_changed":false},"product_brand":[],"product_cat":[67],"product_tag":[128],"class_list":{"0":"post-22595","1":"product","2":"type-product","3":"status-publish","4":"has-post-thumbnail","6":"product_cat-wordpress-plugins","7":"product_tag-plugins-para-membresias-y-suscripciones","8":"pa_autores-paid-memberships-pro","10":"first","11":"instock","12":"sale","13":"downloadable","14":"virtual","15":"sold-individually","16":"purchasable","17":"product-type-simple"},"acf":[],"_links":{"self":[{"href":"https:\/\/wpclub.pro\/en\/wp-json\/wp\/v2\/product\/22595","targetHints":{"allow":["GET"]}}],"collection":[{"href":"https:\/\/wpclub.pro\/en\/wp-json\/wp\/v2\/product"}],"about":[{"href":"https:\/\/wpclub.pro\/en\/wp-json\/wp\/v2\/types\/product"}],"replies":[{"embeddable":true,"href":"https:\/\/wpclub.pro\/en\/wp-json\/wp\/v2\/comments?post=22595"}],"version-history":[{"count":0,"href":"https:\/\/wpclub.pro\/en\/wp-json\/wp\/v2\/product\/22595\/revisions"}],"wp:featuredmedia":[{"embeddable":true,"href":"https:\/\/wpclub.pro\/en\/wp-json\/wp\/v2\/media\/73557"}],"wp:attachment":[{"href":"https:\/\/wpclub.pro\/en\/wp-json\/wp\/v2\/media?parent=22595"}],"wp:term":[{"taxonomy":"product_brand","embeddable":true,"href":"https:\/\/wpclub.pro\/en\/wp-json\/wp\/v2\/product_brand?post=22595"},{"taxonomy":"product_cat","embeddable":true,"href":"https:\/\/wpclub.pro\/en\/wp-json\/wp\/v2\/product_cat?post=22595"},{"taxonomy":"product_tag","embeddable":true,"href":"https:\/\/wpclub.pro\/en\/wp-json\/wp\/v2\/product_tag?post=22595"}],"curies":[{"name":"wp","href":"https:\/\/api.w.org\/{rel}","templated":true}]}}