{"id":22597,"date":"2025-09-16T10:12:54","date_gmt":"2025-09-16T13:12:54","guid":{"rendered":"https:\/\/wpclub.pro\/?post_type=product&#038;p=22597"},"modified":"2025-09-16T10:14:23","modified_gmt":"2025-09-16T13:14:23","slug":"pmpro-member-directory-and-profile-pages","status":"publish","type":"product","link":"https:\/\/wpclub.pro\/en\/item\/pmpro-member-directory-and-profile-pages\/","title":{"rendered":"PMPRO Member Directory and Profile Pages 2.1.2"},"content":{"rendered":"<div data-elementor-type=\"product-post\" data-elementor-id=\"22597\" class=\"elementor elementor-22597\" data-elementor-post-type=\"product\">\n\t\t\t\t<div class=\"wd-negative-gap elementor-element elementor-element-22dd0bb e-flex e-con-boxed e-con e-parent\" data-id=\"22dd0bb\" data-element_type=\"container\" data-e-type=\"container\">\n\t\t\t\t\t<div class=\"e-con-inner\">\n\t\t\t\t<div class=\"elementor-element elementor-element-207bce5b color-scheme-inherit text-left elementor-widget elementor-widget-text-editor\" data-id=\"207bce5b\" data-element_type=\"widget\" data-e-type=\"widget\" data-widget_type=\"text-editor.default\">\n\t\t\t\t<div class=\"elementor-widget-container\">\n\t\t\t\t\t\t\t\t\t<h2>PMPRO Member Directory and Profile Pages<\/h2><p>Mejore su sitio de membres\u00eda con un directorio de b\u00fasqueda p\u00fablico o solo para miembros y p\u00e1ginas de perfil de miembros personalizables.<\/p><h3>C\u00f3mo Funciona PMPRO Member Directory and Profile Pages<\/h3><p>Paid Membership Pro Member Directory Addon crea 2 c\u00f3digos abreviados para las p\u00e1ginas Directorio de miembros y Perfil de miembro, que cuando se agregan al cuerpo de sus respectivas p\u00e1ginas crear\u00e1n una nueva forma de ver a los miembros de su comunidad.<\/p><p>La p\u00e1gina del Directorio de miembros enumera a todos sus miembros con cierta informaci\u00f3n de perfil, un avatar y un enlace a su p\u00e1gina de Perfil de miembro (solo lectura), la p\u00e1gina de Perfil de miembro destaca a cada miembro individualmente pero tambi\u00e9n vincula a la p\u00e1gina de Directorio de miembros.<\/p><p>Puede crear las p\u00e1ginas manualmente y agregar los c\u00f3digos abreviados, o puede dejar que el complemento lo haga por usted. Para generar sus nuevas p\u00e1ginas, seleccione Membres\u00edas &gt; Configuraci\u00f3n de p\u00e1gina en el \u00e1rea de administraci\u00f3n de WordPress.<\/p><p>Edite las p\u00e1ginas para ajustar los atributos de shortcode y actualice la visualizaci\u00f3n de su directorio y perfiles de miembros, incluya miembros por ID de nivel y muestre informaci\u00f3n de perfil de usuario personalizada.<\/p><p>Adquiera ahora PMPRO Member Directory and Profile Pages.<\/p>\t\t\t\t\t\t\t\t<\/div>\n\t\t\t\t<\/div>\n\t\t\t\t\t<\/div>\n\t\t\t\t<\/div>\n\t\t\t\t<\/div>","protected":false},"excerpt":{"rendered":"<p>PMPRO Member Directory and Profile Pages Mejore su sitio de membres\u00eda con un directorio de b\u00fasqueda p\u00fablico o solo para<\/p>","protected":false},"featured_media":89507,"comment_status":"closed","ping_status":"closed","template":"","meta":{"_acf_changed":false},"product_brand":[],"product_cat":[67],"product_tag":[128],"class_list":{"0":"post-22597","1":"product","2":"type-product","3":"status-publish","4":"has-post-thumbnail","6":"product_cat-wordpress-plugins","7":"product_tag-plugins-para-membresias-y-suscripciones","8":"pa_autores-paid-memberships-pro","10":"first","11":"instock","12":"sale","13":"downloadable","14":"virtual","15":"sold-individually","16":"purchasable","17":"product-type-simple"},"acf":[],"_links":{"self":[{"href":"https:\/\/wpclub.pro\/en\/wp-json\/wp\/v2\/product\/22597","targetHints":{"allow":["GET"]}}],"collection":[{"href":"https:\/\/wpclub.pro\/en\/wp-json\/wp\/v2\/product"}],"about":[{"href":"https:\/\/wpclub.pro\/en\/wp-json\/wp\/v2\/types\/product"}],"replies":[{"embeddable":true,"href":"https:\/\/wpclub.pro\/en\/wp-json\/wp\/v2\/comments?post=22597"}],"version-history":[{"count":0,"href":"https:\/\/wpclub.pro\/en\/wp-json\/wp\/v2\/product\/22597\/revisions"}],"wp:featuredmedia":[{"embeddable":true,"href":"https:\/\/wpclub.pro\/en\/wp-json\/wp\/v2\/media\/89507"}],"wp:attachment":[{"href":"https:\/\/wpclub.pro\/en\/wp-json\/wp\/v2\/media?parent=22597"}],"wp:term":[{"taxonomy":"product_brand","embeddable":true,"href":"https:\/\/wpclub.pro\/en\/wp-json\/wp\/v2\/product_brand?post=22597"},{"taxonomy":"product_cat","embeddable":true,"href":"https:\/\/wpclub.pro\/en\/wp-json\/wp\/v2\/product_cat?post=22597"},{"taxonomy":"product_tag","embeddable":true,"href":"https:\/\/wpclub.pro\/en\/wp-json\/wp\/v2\/product_tag?post=22597"}],"curies":[{"name":"wp","href":"https:\/\/api.w.org\/{rel}","templated":true}]}}