{"id":22627,"date":"2025-07-18T11:51:04","date_gmt":"2025-07-18T15:51:04","guid":{"rendered":"https:\/\/wpclub.pro\/?post_type=product&#038;p=22627"},"modified":"2025-07-18T11:53:45","modified_gmt":"2025-07-18T15:53:45","slug":"pmpro-series-drip-feed-content","status":"publish","type":"product","link":"https:\/\/wpclub.pro\/en\/item\/pmpro-series-drip-feed-content\/","title":{"rendered":"PMPRO Series Drip Feed Content 1.0"},"content":{"rendered":"<div data-elementor-type=\"product-post\" data-elementor-id=\"22627\" class=\"elementor elementor-22627\" data-elementor-post-type=\"product\">\n\t\t\t\t<div class=\"wd-negative-gap elementor-element elementor-element-38e66d59 e-flex e-con-boxed e-con e-parent\" data-id=\"38e66d59\" data-element_type=\"container\" data-e-type=\"container\">\n\t\t\t\t\t<div class=\"e-con-inner\">\n\t\t\t\t<div class=\"elementor-element elementor-element-2c7a2286 color-scheme-inherit text-left elementor-widget elementor-widget-text-editor\" data-id=\"2c7a2286\" data-element_type=\"widget\" data-e-type=\"widget\" data-widget_type=\"text-editor.default\">\n\t\t\t\t<div class=\"elementor-widget-container\">\n\t\t\t\t\t\t\t\t\t<h2>PMPRO Series Drip Feed Content<\/h2><p>Goteo de contenido de alimentaci\u00f3n a sus miembros en el transcurso de su membres\u00eda. Serializa el contenido por # de d\u00edas posteriores al registro.<\/p><h3>C\u00f3mo Funciona PMPRO Series Drip Feed Content<\/h3><p>Despu\u00e9s de instalar y activar el complemento de alimentaci\u00f3n por goteo de contenido, el administrador del sitio puede configurar una nueva \u00abSerie\u00bb o p\u00e1ginas o publicaciones para nuevos miembros.<\/p><ul><li>Agrega una nueva pesta\u00f1a \u00abSerie\u00bb en el men\u00fa de administraci\u00f3n de WordPress<\/li><li>Los administradores pueden agregar una p\u00e1gina o publicaci\u00f3n a una serie junto con un n\u00famero de d\u00edas despu\u00e9s del registro.<\/li><li>Los administradores pueden agregar una serie a un nivel de membres\u00eda<\/li><\/ul><h3>Cuando un nuevo usuario se registra para ser miembro con una \u201cSerie\u201d activa:<\/h3><ul><li>El Addon da acceso al usuario a la \u201cSerie A\u201d.<\/li><li>El usuario obtiene acceso inmediato a cualquier contenido \u00ab0 d\u00edas despu\u00e9s\u00bb de la serie.<\/li><li>Cada d\u00eda, un script verifica si un usuario debe obtener acceso a alg\u00fan contenido nuevo, de ser as\u00ed:<ul><li>El usuario tiene acceso al contenido.<\/li><li>Se agrega un enlace al contenido a su p\u00e1gina de cuenta de membres\u00eda.<\/li><li>Se env\u00eda un correo electr\u00f3nico al usuario inform\u00e1ndole que el contenido est\u00e1 disponible.<\/li><\/ul><\/li><\/ul><p>Descarga PMPRO Series Drip Feed Content.<\/p>\t\t\t\t\t\t\t\t<\/div>\n\t\t\t\t<\/div>\n\t\t\t\t\t<\/div>\n\t\t\t\t<\/div>\n\t\t\t\t<\/div>","protected":false},"excerpt":{"rendered":"<p>PMPRO Series Drip Feed Content Goteo de contenido de alimentaci\u00f3n a sus miembros en el transcurso de su membres\u00eda. Serializa<\/p>","protected":false},"featured_media":87777,"comment_status":"closed","ping_status":"closed","template":"","meta":{"_acf_changed":false},"product_brand":[],"product_cat":[67],"product_tag":[128],"class_list":{"0":"post-22627","1":"product","2":"type-product","3":"status-publish","4":"has-post-thumbnail","6":"product_cat-wordpress-plugins","7":"product_tag-plugins-para-membresias-y-suscripciones","8":"pa_autores-paid-memberships-pro","10":"first","11":"instock","12":"sale","13":"downloadable","14":"virtual","15":"sold-individually","16":"purchasable","17":"product-type-simple"},"acf":[],"_links":{"self":[{"href":"https:\/\/wpclub.pro\/en\/wp-json\/wp\/v2\/product\/22627","targetHints":{"allow":["GET"]}}],"collection":[{"href":"https:\/\/wpclub.pro\/en\/wp-json\/wp\/v2\/product"}],"about":[{"href":"https:\/\/wpclub.pro\/en\/wp-json\/wp\/v2\/types\/product"}],"replies":[{"embeddable":true,"href":"https:\/\/wpclub.pro\/en\/wp-json\/wp\/v2\/comments?post=22627"}],"version-history":[{"count":0,"href":"https:\/\/wpclub.pro\/en\/wp-json\/wp\/v2\/product\/22627\/revisions"}],"wp:featuredmedia":[{"embeddable":true,"href":"https:\/\/wpclub.pro\/en\/wp-json\/wp\/v2\/media\/87777"}],"wp:attachment":[{"href":"https:\/\/wpclub.pro\/en\/wp-json\/wp\/v2\/media?parent=22627"}],"wp:term":[{"taxonomy":"product_brand","embeddable":true,"href":"https:\/\/wpclub.pro\/en\/wp-json\/wp\/v2\/product_brand?post=22627"},{"taxonomy":"product_cat","embeddable":true,"href":"https:\/\/wpclub.pro\/en\/wp-json\/wp\/v2\/product_cat?post=22627"},{"taxonomy":"product_tag","embeddable":true,"href":"https:\/\/wpclub.pro\/en\/wp-json\/wp\/v2\/product_tag?post=22627"}],"curies":[{"name":"wp","href":"https:\/\/api.w.org\/{rel}","templated":true}]}}