{"id":22691,"date":"2025-05-30T19:43:42","date_gmt":"2025-05-30T23:43:42","guid":{"rendered":"https:\/\/wpclub.pro\/?post_type=product&#038;p=22691"},"modified":"2025-08-22T16:11:04","modified_gmt":"2025-08-22T20:11:04","slug":"yaymail-pro-woocommerce-subscriptions-addon","status":"publish","type":"product","link":"https:\/\/wpclub.pro\/en\/item\/yaymail-pro-woocommerce-subscriptions-addon\/","title":{"rendered":"YayMail Pro WooCommerce Subscriptions Addon 4.0"},"content":{"rendered":"<div data-elementor-type=\"product-post\" data-elementor-id=\"22691\" class=\"elementor elementor-22691\" data-elementor-post-type=\"product\">\n\t\t\t\t<div class=\"wd-negative-gap elementor-element elementor-element-4d92939f e-flex e-con-boxed e-con e-parent\" data-id=\"4d92939f\" data-element_type=\"container\" data-e-type=\"container\">\n\t\t\t\t\t<div class=\"e-con-inner\">\n\t\t\t\t<div class=\"elementor-element elementor-element-21e4fd04 color-scheme-inherit text-left elementor-widget elementor-widget-text-editor\" data-id=\"21e4fd04\" data-element_type=\"widget\" data-e-type=\"widget\" data-widget_type=\"text-editor.default\">\n\t\t\t\t<div class=\"elementor-widget-container\">\n\t\t\t\t\t\t\t\t\t<h2 data-start=\"464\" data-end=\"524\"><strong data-start=\"468\" data-end=\"524\">YayMail Pro WooCommerce Subscriptions Addon<\/strong><\/h2><p data-start=\"526\" data-end=\"928\">YayMail Pro WooCommerce Subscriptions Addon es una extensi\u00f3n avanzada dise\u00f1ada para integrarse perfectamente con YayMail Pro y el plugin WooCommerce Subscriptions. Esta poderosa herramienta permite editar, personalizar y adaptar de forma visual todos los correos electr\u00f3nicos autom\u00e1ticos generados por el sistema de suscripciones de WooCommerce, desde renovaciones hasta cancelaciones o pagos fallidos.<\/p><p data-start=\"930\" data-end=\"1279\">Con YayMail Pro WooCommerce Subscriptions Addon, los correos transaccionales de tu tienda de suscripci\u00f3n dejan de ser gen\u00e9ricos y se transforman en mensajes profesionales alineados con tu marca. Es la soluci\u00f3n ideal para negocios que trabajan con modelos de ingresos recurrentes y desean mejorar la experiencia del cliente en cada punto de contacto.<\/p><h3 data-start=\"1281\" data-end=\"1349\"><strong data-start=\"1285\" data-end=\"1349\">\u00bfPara qu\u00e9 sirve YayMail Pro WooCommerce Subscriptions Addon?<\/strong><\/h3><p data-start=\"1351\" data-end=\"1531\">Este addon sirve para personalizar completamente los correos electr\u00f3nicos que se env\u00edan autom\u00e1ticamente desde WooCommerce Subscriptions. Puedes modificar visualmente mensajes como:<\/p><ul data-start=\"1533\" data-end=\"1694\"><li data-start=\"1533\" data-end=\"1564\"><p data-start=\"1535\" data-end=\"1564\"><strong data-start=\"1535\" data-end=\"1564\">Inicio de una suscripci\u00f3n<\/strong><\/p><\/li><li data-start=\"1565\" data-end=\"1589\"><p data-start=\"1567\" data-end=\"1589\"><strong data-start=\"1567\" data-end=\"1589\">Renovaci\u00f3n exitosa<\/strong><\/p><\/li><li data-start=\"1590\" data-end=\"1622\"><p data-start=\"1592\" data-end=\"1622\"><strong data-start=\"1592\" data-end=\"1622\">Cancelaci\u00f3n de suscripci\u00f3n<\/strong><\/p><\/li><li data-start=\"1623\" data-end=\"1662\"><p data-start=\"1625\" data-end=\"1662\"><strong data-start=\"1625\" data-end=\"1662\">Pago fallido o fallido programado<\/strong><\/p><\/li><li data-start=\"1663\" data-end=\"1694\"><p data-start=\"1665\" data-end=\"1694\"><strong data-start=\"1665\" data-end=\"1694\">Suspensi\u00f3n o reactivaci\u00f3n<\/strong><\/p><\/li><\/ul><p data-start=\"1696\" data-end=\"1790\">Todo esto desde el intuitivo editor visual de YayMail Pro, sin tocar una sola l\u00ednea de c\u00f3digo.<\/p><h3 data-start=\"1792\" data-end=\"1866\"><strong data-start=\"1796\" data-end=\"1866\">Beneficios de utilizar YayMail Pro WooCommerce Subscriptions Addon<\/strong><\/h3><ul data-start=\"1868\" data-end=\"2499\"><li data-start=\"1868\" data-end=\"2011\"><p data-start=\"1870\" data-end=\"2011\"><strong data-start=\"1870\" data-end=\"1902\">Personalizaci\u00f3n sin l\u00edmites:<\/strong> crea correos \u00fanicos para cada etapa del ciclo de vida de la suscripci\u00f3n, completamente adaptados a tu marca.<\/p><\/li><li data-start=\"2012\" data-end=\"2137\"><p data-start=\"2014\" data-end=\"2137\"><strong data-start=\"2014\" data-end=\"2041\">Mejora la fidelizaci\u00f3n:<\/strong> una comunicaci\u00f3n clara y profesional genera confianza y reduce la cancelaci\u00f3n de suscripciones.<\/p><\/li><li data-start=\"2138\" data-end=\"2273\"><p data-start=\"2140\" data-end=\"2273\"><strong data-start=\"2140\" data-end=\"2169\">Automatizaci\u00f3n eficiente:<\/strong> optimiza el sistema de notificaciones por email con plantillas que realmente conectan con tu audiencia.<\/p><\/li><li data-start=\"2274\" data-end=\"2375\"><p data-start=\"2276\" data-end=\"2375\"><strong data-start=\"2276\" data-end=\"2297\">Time saving:<\/strong> edita de forma visual, sin programar ni depender de desarrolladores externos.<\/p><\/li><li data-start=\"2376\" data-end=\"2499\"><p data-start=\"2378\" data-end=\"2499\"><strong data-start=\"2378\" data-end=\"2405\">Mayor tasa de apertura:<\/strong> un dise\u00f1o profesional y coherente con tu identidad de marca mejora el engagement del usuario.<\/p><\/li><\/ul><h3 data-start=\"2501\" data-end=\"2583\"><strong data-start=\"2505\" data-end=\"2583\">Caracter\u00edsticas principales de YayMail Pro WooCommerce Subscriptions Addon<\/strong><\/h3><ul data-start=\"2585\" data-end=\"3345\"><li data-start=\"2585\" data-end=\"2708\"><p data-start=\"2587\" data-end=\"2708\"><strong data-start=\"2587\" data-end=\"2617\">Editor visual drag &amp; drop:<\/strong> dise\u00f1a plantillas con bloques, im\u00e1genes, colores y tipograf\u00edas sin conocimientos t\u00e9cnicos.<\/p><\/li><li data-start=\"2709\" data-end=\"2854\"><p data-start=\"2711\" data-end=\"2854\"><strong data-start=\"2711\" data-end=\"2760\">Soporte completo para eventos de suscripci\u00f3n:<\/strong> adapta los correos autom\u00e1ticos para cada situaci\u00f3n relacionada con WooCommerce Subscriptions.<\/p><\/li><li data-start=\"2855\" data-end=\"2996\"><p data-start=\"2857\" data-end=\"2996\"><strong data-start=\"2857\" data-end=\"2893\">Campos din\u00e1micos personalizados:<\/strong> inserta autom\u00e1ticamente datos del usuario, del producto de suscripci\u00f3n, fechas de pago, precios y m\u00e1s.<\/p><\/li><li data-start=\"2997\" data-end=\"3138\"><p data-start=\"2999\" data-end=\"3138\"><strong data-start=\"2999\" data-end=\"3054\">Compatibilidad total con WooCommerce Subscriptions:<\/strong> todos los eventos est\u00e1n cubiertos y listos para personalizar dentro de YayMail Pro.<\/p><\/li><li data-start=\"3139\" data-end=\"3245\"><p data-start=\"3141\" data-end=\"3245\"><strong data-start=\"3141\" data-end=\"3170\">Multiidioma y multisitio:<\/strong> ideal para tiendas internacionales que manejan clientes en varios idiomas.<\/p><\/li><li data-start=\"3246\" data-end=\"3345\"><p data-start=\"3248\" data-end=\"3345\"><strong data-start=\"3248\" data-end=\"3280\">Dise\u00f1os m\u00f3viles responsivos:<\/strong> asegura que cada email se vea perfecto en cualquier dispositivo.<\/p><\/li><\/ul><h3 data-start=\"3347\" data-end=\"3419\"><strong data-start=\"3351\" data-end=\"3419\">\u00bfQui\u00e9n deber\u00eda usar YayMail Pro WooCommerce Subscriptions Addon?<\/strong><\/h3><p data-start=\"3421\" data-end=\"3620\">Este addon est\u00e1 dirigido a cualquier administrador de tienda WooCommerce que utilice el modelo de suscripci\u00f3n y quiera mejorar la comunicaci\u00f3n autom\u00e1tica con sus clientes. Es especialmente \u00fatil para:<\/p><ul data-start=\"3622\" data-end=\"3999\"><li data-start=\"3622\" data-end=\"3727\"><p data-start=\"3624\" data-end=\"3727\">Tiendas que venden productos o servicios por suscripci\u00f3n (cajas mensuales, software, membres\u00edas, etc.).<\/p><\/li><li data-start=\"3728\" data-end=\"3779\"><p data-start=\"3730\" data-end=\"3779\">Negocios digitales que manejan pagos recurrentes.<\/p><\/li><li data-start=\"3780\" data-end=\"3883\"><p data-start=\"3782\" data-end=\"3883\">Desarrolladores y agencias que crean sitios WooCommerce con sistema de suscripci\u00f3n para sus clientes.<\/p><\/li><li data-start=\"3884\" data-end=\"3999\"><p data-start=\"3886\" data-end=\"3999\">Emprendedores que desean reducir la tasa de cancelaci\u00f3n mediante correos m\u00e1s atractivos, claros y personalizados.<\/p><\/li><\/ul><h3 data-start=\"4001\" data-end=\"4069\"><strong data-start=\"4005\" data-end=\"4069\">\u00bfPor qu\u00e9 elegir YayMail Pro WooCommerce Subscriptions Addon?<\/strong><\/h3><p data-start=\"4071\" data-end=\"4461\">A diferencia de otras soluciones que requieren c\u00f3digo o conocimientos t\u00e9cnicos avanzados, YayMail Pro WooCommerce Subscriptions Addon ofrece una experiencia visual y fluida para personalizar los correos autom\u00e1ticos de suscripciones. Todo se edita en tiempo real, con una vista previa de c\u00f3mo se ver\u00e1 el email, y con total compatibilidad con los eventos propios de WooCommerce Subscriptions.<\/p><p data-start=\"4463\" data-end=\"4683\">Adem\u00e1s, est\u00e1 desarrollado por el equipo de YayCommerce, lo que garantiza una integraci\u00f3n perfecta con YayMail Pro y actualizaciones constantes para asegurar compatibilidad con nuevas versiones de WooCommerce y WordPress.<\/p><p data-start=\"4685\" data-end=\"4892\">Elegir YayMail Pro WooCommerce Subscriptions Addon es invertir en una herramienta que mejora la retenci\u00f3n de clientes, profesionaliza tu marca y optimiza la experiencia del suscriptor desde el primer correo.<\/p><h3 data-start=\"4894\" data-end=\"4912\"><strong data-start=\"4898\" data-end=\"4912\">Conclusion<\/strong><\/h3><p data-start=\"4914\" data-end=\"5199\">YayMail Pro WooCommerce Subscriptions Addon es la herramienta esencial para cualquier tienda WooCommerce que opere con modelos de suscripci\u00f3n. Te permite transformar correos autom\u00e1ticos comunes en comunicaciones personalizadas, eficaces y totalmente alineadas con tu identidad visual.<\/p><p data-start=\"5201\" data-end=\"5364\">Si quieres que tus suscriptores se sientan acompa\u00f1ados, informados y valorados en cada interacci\u00f3n, YayMail Pro WooCommerce Subscriptions Addon es tu mejor aliado.<\/p>\t\t\t\t\t\t\t\t<\/div>\n\t\t\t\t<\/div>\n\t\t\t\t\t<\/div>\n\t\t\t\t<\/div>\n\t\t\t\t<\/div>","protected":false},"excerpt":{"rendered":"<p>YayMail Pro WooCommerce Subscriptions Addon YayMail Pro WooCommerce Subscriptions Addon es una extensi\u00f3n avanzada dise\u00f1ada para integrarse perfectamente con YayMail<\/p>","protected":false},"featured_media":81602,"comment_status":"closed","ping_status":"closed","template":"","meta":{"_acf_changed":false},"product_brand":[],"product_cat":[67],"product_tag":[128],"class_list":{"0":"post-22691","1":"product","2":"type-product","3":"status-publish","4":"has-post-thumbnail","6":"product_cat-wordpress-plugins","7":"product_tag-plugins-para-membresias-y-suscripciones","8":"pa_autores-yaymail-pro","10":"first","11":"instock","12":"sale","13":"downloadable","14":"virtual","15":"sold-individually","16":"purchasable","17":"product-type-simple"},"acf":[],"_links":{"self":[{"href":"https:\/\/wpclub.pro\/en\/wp-json\/wp\/v2\/product\/22691","targetHints":{"allow":["GET"]}}],"collection":[{"href":"https:\/\/wpclub.pro\/en\/wp-json\/wp\/v2\/product"}],"about":[{"href":"https:\/\/wpclub.pro\/en\/wp-json\/wp\/v2\/types\/product"}],"replies":[{"embeddable":true,"href":"https:\/\/wpclub.pro\/en\/wp-json\/wp\/v2\/comments?post=22691"}],"version-history":[{"count":0,"href":"https:\/\/wpclub.pro\/en\/wp-json\/wp\/v2\/product\/22691\/revisions"}],"wp:featuredmedia":[{"embeddable":true,"href":"https:\/\/wpclub.pro\/en\/wp-json\/wp\/v2\/media\/81602"}],"wp:attachment":[{"href":"https:\/\/wpclub.pro\/en\/wp-json\/wp\/v2\/media?parent=22691"}],"wp:term":[{"taxonomy":"product_brand","embeddable":true,"href":"https:\/\/wpclub.pro\/en\/wp-json\/wp\/v2\/product_brand?post=22691"},{"taxonomy":"product_cat","embeddable":true,"href":"https:\/\/wpclub.pro\/en\/wp-json\/wp\/v2\/product_cat?post=22691"},{"taxonomy":"product_tag","embeddable":true,"href":"https:\/\/wpclub.pro\/en\/wp-json\/wp\/v2\/product_tag?post=22691"}],"curies":[{"name":"wp","href":"https:\/\/api.w.org\/{rel}","templated":true}]}}