{"id":22741,"date":"2025-06-02T11:15:28","date_gmt":"2025-06-02T15:15:28","guid":{"rendered":"https:\/\/wpclub.pro\/?post_type=product&#038;p=22741"},"modified":"2025-09-15T14:24:42","modified_gmt":"2025-09-15T17:24:42","slug":"yaymail-pro-yith-woocommerce-booking-addon","status":"publish","type":"product","link":"https:\/\/wpclub.pro\/en\/item\/yaymail-pro-yith-woocommerce-booking-addon\/","title":{"rendered":"YayMail Pro YITH WooCommerce Booking Addon 4.0"},"content":{"rendered":"<div data-elementor-type=\"product-post\" data-elementor-id=\"22741\" class=\"elementor elementor-22741\" data-elementor-post-type=\"product\">\n\t\t\t\t<div class=\"wd-negative-gap elementor-element elementor-element-2b46596a e-flex e-con-boxed e-con e-parent\" data-id=\"2b46596a\" data-element_type=\"container\" data-e-type=\"container\">\n\t\t\t\t\t<div class=\"e-con-inner\">\n\t\t\t\t<div class=\"elementor-element elementor-element-f4f1281 color-scheme-inherit text-left elementor-widget elementor-widget-text-editor\" data-id=\"f4f1281\" data-element_type=\"widget\" data-e-type=\"widget\" data-widget_type=\"text-editor.default\">\n\t\t\t\t<div class=\"elementor-widget-container\">\n\t\t\t\t\t\t\t\t\t<h2 data-start=\"363\" data-end=\"422\"><strong data-start=\"367\" data-end=\"422\">YayMail Pro YITH WooCommerce Booking Addon<\/strong><\/h2><p data-start=\"424\" data-end=\"833\">YayMail Pro YITH WooCommerce Booking Addon es una extensi\u00f3n premium dise\u00f1ada para integrar completamente las funcionalidades de reservas del plugin YITH WooCommerce Booking dentro del editor visual de YayMail Pro. Este addon permite personalizar los correos electr\u00f3nicos relacionados con reservas y citas en WooCommerce, ofreciendo un dise\u00f1o atractivo, profesional y completamente adaptado a tu marca.<\/p><p data-start=\"835\" data-end=\"1077\">Con YayMail Pro YITH WooCommerce Booking Addon, puedes transformar cada notificaci\u00f3n por correo de reserva \u2014ya sea una confirmaci\u00f3n, cancelaci\u00f3n o recordatorio\u2014 en una herramienta poderosa para fortalecer la comunicaci\u00f3n con tus clientes.<\/p><h3 data-start=\"1079\" data-end=\"1146\"><strong data-start=\"1083\" data-end=\"1146\">\u00bfPara qu\u00e9 sirve YayMail Pro YITH WooCommerce Booking Addon?<\/strong><\/h3><p data-start=\"1148\" data-end=\"1540\">YayMail Pro YITH WooCommerce Booking Addon sirve para personalizar y mejorar el dise\u00f1o de todos los correos electr\u00f3nicos autom\u00e1ticos que se generan a trav\u00e9s de YITH WooCommerce Booking. Ya no est\u00e1s limitado a los correos predeterminados del sistema: ahora puedes crear mensajes visuales que reflejen la calidad de tu servicio y mejoren la experiencia del cliente desde el primer contacto.<\/p><p data-start=\"1542\" data-end=\"1752\">Es especialmente \u00fatil para negocios que manejan reservas como hoteles, consultor\u00edas, salones de belleza, servicios m\u00e9dicos, clases o actividades programadas, donde una comunicaci\u00f3n clara y profesional es clave.<\/p><h3 data-start=\"1754\" data-end=\"1823\"><strong data-start=\"1758\" data-end=\"1823\">Beneficios de usar YayMail Pro YITH WooCommerce Booking Addon<\/strong><\/h3><ul data-start=\"1825\" data-end=\"2522\"><li data-start=\"1825\" data-end=\"1905\"><p data-start=\"1827\" data-end=\"1905\"><strong data-start=\"1827\" data-end=\"1863\">Dise\u00f1o visual arrastrar y soltar<\/strong> sin necesidad de conocimientos t\u00e9cnicos<\/p><\/li><li data-start=\"1906\" data-end=\"1990\"><p data-start=\"1908\" data-end=\"1990\"><strong data-start=\"1908\" data-end=\"1988\">Correos personalizados para reservas confirmadas, reprogramadas o canceladas<\/strong><\/p><\/li><li data-start=\"1991\" data-end=\"2054\"><p data-start=\"1993\" data-end=\"2054\"><strong data-start=\"1993\" data-end=\"2052\">Mayor profesionalismo en la comunicaci\u00f3n con el cliente<\/strong><\/p><\/li><li data-start=\"2055\" data-end=\"2153\"><p data-start=\"2057\" data-end=\"2153\"><strong data-start=\"2057\" data-end=\"2089\">Mejor experiencia de usuario<\/strong>, gracias a correos claros, ordenados y visualmente atractivos<\/p><\/li><li data-start=\"2154\" data-end=\"2250\"><p data-start=\"2156\" data-end=\"2250\"><strong data-start=\"2156\" data-end=\"2201\">Incremento en la fidelizaci\u00f3n y confianza<\/strong>, al ofrecer una experiencia de marca coherente<\/p><\/li><li data-start=\"2251\" data-end=\"2328\"><p data-start=\"2253\" data-end=\"2328\"><strong data-start=\"2253\" data-end=\"2326\">Compatible con todos los campos personalizados del plugin de reservas<\/strong><\/p><\/li><li data-start=\"2329\" data-end=\"2445\"><p data-start=\"2331\" data-end=\"2445\"><strong data-start=\"2331\" data-end=\"2373\">Dise\u00f1o responsivo y adaptado a m\u00f3viles<\/strong>, para garantizar una correcta visualizaci\u00f3n en todos los dispositivos<\/p><\/li><li data-start=\"2446\" data-end=\"2522\"><p data-start=\"2448\" data-end=\"2522\"><strong data-start=\"2448\" data-end=\"2484\">Integraci\u00f3n fluida y sin errores<\/strong>, optimizada para WooCommerce y YITH<\/p><\/li><\/ul><h3 data-start=\"2524\" data-end=\"2605\"><strong data-start=\"2528\" data-end=\"2605\">Caracter\u00edsticas principales de YayMail Pro YITH WooCommerce Booking Addon<\/strong><\/h3><ul data-start=\"2607\" data-end=\"3182\"><li data-start=\"2607\" data-end=\"2691\"><p data-start=\"2609\" data-end=\"2691\"><strong data-start=\"2609\" data-end=\"2689\">Edici\u00f3n visual de todos los correos relacionados con reservas en WooCommerce<\/strong><\/p><\/li><li data-start=\"2692\" data-end=\"2817\"><p data-start=\"2694\" data-end=\"2817\"><strong data-start=\"2694\" data-end=\"2747\">Compatibilidad total con YITH WooCommerce Booking<\/strong>, incluyendo campos din\u00e1micos como fecha, hora, duraci\u00f3n y ubicaci\u00f3n<\/p><\/li><li data-start=\"2818\" data-end=\"2881\"><p data-start=\"2820\" data-end=\"2881\"><strong data-start=\"2820\" data-end=\"2879\">Bloques personalizados para mostrar datos de la reserva<\/strong><\/p><\/li><li data-start=\"2882\" data-end=\"2938\"><p data-start=\"2884\" data-end=\"2938\"><strong data-start=\"2884\" data-end=\"2936\">Vista previa en tiempo real del correo a dise\u00f1ar<\/strong><\/p><\/li><li data-start=\"2939\" data-end=\"3001\"><p data-start=\"2941\" data-end=\"3001\"><strong data-start=\"2941\" data-end=\"2970\">Dise\u00f1o modular y flexible<\/strong>, con secciones reutilizables<\/p><\/li><li data-start=\"3002\" data-end=\"3078\"><p data-start=\"3004\" data-end=\"3078\"><strong data-start=\"3004\" data-end=\"3044\">Soporte para m\u00faltiples idiomas y RTL<\/strong>, ideal para sitios multiling\u00fces<\/p><\/li><li data-start=\"3079\" data-end=\"3182\"><p data-start=\"3081\" data-end=\"3182\"><strong data-start=\"3081\" data-end=\"3135\">Integraci\u00f3n con plantillas globales de YayMail Pro<\/strong>, manteniendo coherencia en todos tus correos<\/p><\/li><\/ul><h3 data-start=\"3184\" data-end=\"3251\"><strong data-start=\"3188\" data-end=\"3251\">\u00bfPor qu\u00e9 elegir YayMail Pro YITH WooCommerce Booking Addon?<\/strong><\/h3><p data-start=\"3253\" data-end=\"3613\">Porque YayMail Pro YITH WooCommerce Booking Addon permite elevar el nivel de profesionalismo de tu negocio basado en reservas. A trav\u00e9s de una interfaz amigable y 100% visual, puedes crear correos electr\u00f3nicos que impacten positivamente a tus clientes desde el momento en que hacen una reserva, reforzando la percepci\u00f3n de calidad y atenci\u00f3n personalizada.<\/p><p data-start=\"3615\" data-end=\"3903\">Adem\u00e1s, al integrar dos de los plugins m\u00e1s potentes de WooCommerce \u2014YITH WooCommerce Booking y YayMail Pro\u2014, esta herramienta te brinda control total sobre el dise\u00f1o y el contenido de cada comunicaci\u00f3n automatizada, mejorando la retenci\u00f3n de clientes y reduciendo errores o malentendidos.<\/p><h3 data-start=\"3905\" data-end=\"3923\"><strong data-start=\"3909\" data-end=\"3923\">Conclusion<\/strong><\/h3><p data-start=\"3925\" data-end=\"4304\">YayMail Pro YITH WooCommerce Booking Addon es el complemento ideal para tiendas o servicios que gestionan reservas online y desean ofrecer una experiencia de usuario premium desde el primer contacto por correo. Su capacidad de personalizaci\u00f3n, dise\u00f1o intuitivo y compatibilidad con YITH lo convierten en una herramienta imprescindible para destacar en un mercado competitivo.<\/p><p data-start=\"4306\" data-end=\"4515\" data-is-last-node=\"\" data-is-only-node=\"\">Si buscas transformar simples correos de reserva en experiencias memorables que fortalezcan tu marca y aumenten la confianza del cliente, YayMail Pro YITH WooCommerce Booking Addon es la soluci\u00f3n perfecta.<\/p>\t\t\t\t\t\t\t\t<\/div>\n\t\t\t\t<\/div>\n\t\t\t\t\t<\/div>\n\t\t\t\t<\/div>\n\t\t\t\t<\/div>","protected":false},"excerpt":{"rendered":"<p>YayMail Pro YITH WooCommerce Booking Addon YayMail Pro YITH WooCommerce Booking Addon es una extensi\u00f3n premium dise\u00f1ada para integrar completamente<\/p>","protected":false},"featured_media":81190,"comment_status":"closed","ping_status":"closed","template":"","meta":{"_acf_changed":false},"product_brand":[],"product_cat":[67],"product_tag":[448],"class_list":{"0":"post-22741","1":"product","2":"type-product","3":"status-publish","4":"has-post-thumbnail","6":"product_cat-wordpress-plugins","7":"product_tag-plugins-para-emails-y-newsletter","8":"pa_autores-yaymail-pro","10":"first","11":"instock","12":"sale","13":"downloadable","14":"virtual","15":"sold-individually","16":"purchasable","17":"product-type-simple"},"acf":[],"_links":{"self":[{"href":"https:\/\/wpclub.pro\/en\/wp-json\/wp\/v2\/product\/22741","targetHints":{"allow":["GET"]}}],"collection":[{"href":"https:\/\/wpclub.pro\/en\/wp-json\/wp\/v2\/product"}],"about":[{"href":"https:\/\/wpclub.pro\/en\/wp-json\/wp\/v2\/types\/product"}],"replies":[{"embeddable":true,"href":"https:\/\/wpclub.pro\/en\/wp-json\/wp\/v2\/comments?post=22741"}],"version-history":[{"count":0,"href":"https:\/\/wpclub.pro\/en\/wp-json\/wp\/v2\/product\/22741\/revisions"}],"wp:featuredmedia":[{"embeddable":true,"href":"https:\/\/wpclub.pro\/en\/wp-json\/wp\/v2\/media\/81190"}],"wp:attachment":[{"href":"https:\/\/wpclub.pro\/en\/wp-json\/wp\/v2\/media?parent=22741"}],"wp:term":[{"taxonomy":"product_brand","embeddable":true,"href":"https:\/\/wpclub.pro\/en\/wp-json\/wp\/v2\/product_brand?post=22741"},{"taxonomy":"product_cat","embeddable":true,"href":"https:\/\/wpclub.pro\/en\/wp-json\/wp\/v2\/product_cat?post=22741"},{"taxonomy":"product_tag","embeddable":true,"href":"https:\/\/wpclub.pro\/en\/wp-json\/wp\/v2\/product_tag?post=22741"}],"curies":[{"name":"wp","href":"https:\/\/api.w.org\/{rel}","templated":true}]}}