{"id":22745,"date":"2025-05-30T20:05:51","date_gmt":"2025-05-31T00:05:51","guid":{"rendered":"https:\/\/wpclub.pro\/?post_type=product&#038;p=22745"},"modified":"2025-08-25T13:53:30","modified_gmt":"2025-08-25T17:53:30","slug":"yaymail-pro-dokan-multi-vendor-addon","status":"publish","type":"product","link":"https:\/\/wpclub.pro\/en\/item\/yaymail-pro-dokan-multi-vendor-addon\/","title":{"rendered":"YayMail Pro Dokan Multi Vendor Addon 4.0.1"},"content":{"rendered":"<div data-elementor-type=\"product-post\" data-elementor-id=\"22745\" class=\"elementor elementor-22745\" data-elementor-post-type=\"product\">\n\t\t\t\t<div class=\"wd-negative-gap elementor-element elementor-element-6cece25b e-flex e-con-boxed e-con e-parent\" data-id=\"6cece25b\" data-element_type=\"container\" data-e-type=\"container\">\n\t\t\t\t\t<div class=\"e-con-inner\">\n\t\t\t\t<div class=\"elementor-element elementor-element-9e4042d color-scheme-inherit text-left elementor-widget elementor-widget-text-editor\" data-id=\"9e4042d\" data-element_type=\"widget\" data-e-type=\"widget\" data-widget_type=\"text-editor.default\">\n\t\t\t\t<div class=\"elementor-widget-container\">\n\t\t\t\t\t\t\t\t\t<h2><strong>YayMail Pro Dokan Multi Vendor Addon<\/strong><\/h2><p>Es una poderosa extensi\u00f3n para WooCommerce que te permite personalizar y gestionar de manera avanzada los correos electr\u00f3nicos de m\u00faltiples vendedores en tiendas multivendor. Integrado perfectamente con el popular plugin Dokan, esta herramienta te brinda un control completo sobre las notificaciones por correo electr\u00f3nico enviadas desde tu plataforma multivendor, asegurando que cada vendedor reciba los correos electr\u00f3nicos adecuados de manera personalizada, seg\u00fan sus ventas y acciones dentro de la tienda.<\/p><p>Con YayMail Pro Dokan Multi Vendor Addon, puedes mejorar la experiencia tanto de los clientes como de los vendedores, permitiendo a los administradores de la tienda y a los vendedores enviar notificaciones detalladas y visualmente atractivas, que mejoran la comunicaci\u00f3n y el servicio al cliente, lo que a su vez puede aumentar la satisfacci\u00f3n del cliente y las conversiones.<\/p><h3>\u00bfQu\u00e9 es YayMail Pro Dokan Multi Vendor Addon?<\/h3><p>YayMail Pro Dokan Multi Vendor Addon es una extensi\u00f3n dise\u00f1ada espec\u00edficamente para mejorar las capacidades de personalizaci\u00f3n de correos electr\u00f3nicos dentro de tiendas WooCommerce que utilizan el plugin Dokan para crear tiendas multivendor. Este addon te permite personalizar los correos electr\u00f3nicos que se env\u00edan tanto a los vendedores como a los compradores en funci\u00f3n de diversas condiciones y acciones.<\/p><p>La funcionalidad principal de este addon es ofrecer a los vendedores la posibilidad de recibir notificaciones por correo electr\u00f3nico adaptadas a sus necesidades y a sus transacciones. Esto incluye la personalizaci\u00f3n de los correos electr\u00f3nicos de ventas, pedidos, y cambios de estado, entre otros, permitiendo a los administradores y vendedores crear una experiencia m\u00e1s coherente y profesional.<\/p><h3>Beneficios de YayMail Pro Dokan Multi Vendor Addon<\/h3><ol><li><p><strong>Notificaciones personalizadas para cada vendedor<\/strong>: Con este addon, puedes crear correos electr\u00f3nicos espec\u00edficos para cada vendedor en tu plataforma multivendor, asegurando que reciban solo la informaci\u00f3n que necesitan sobre sus ventas y productos, de forma clara y personalizada.<\/p><\/li><li><p><strong>Mejora de la comunicaci\u00f3n entre administradores y vendedores<\/strong>: La capacidad de personalizar los correos electr\u00f3nicos mejora la comunicaci\u00f3n, lo que ayuda a los vendedores a estar al tanto de los cambios en el estado de sus pedidos, devoluciones, y otros eventos importantes, mejorando la eficiencia operativa.<\/p><\/li><li><p><strong>Optimizaci\u00f3n de la experiencia del cliente<\/strong>: La personalizaci\u00f3n de los correos electr\u00f3nicos tambi\u00e9n se extiende a los clientes de la tienda, lo que significa que los correos de confirmaci\u00f3n de pedidos, facturas, y otras notificaciones pueden ser dise\u00f1ados de acuerdo con las necesidades de cada tienda o vendedor, lo que crea una experiencia m\u00e1s coherente y profesional para los compradores.<\/p><\/li><li><p><strong>Aumento de la satisfacci\u00f3n de los vendedores<\/strong>: Al ofrecer correos electr\u00f3nicos altamente personalizados y relevantes para los vendedores, los mantienes informados y satisfechos con el proceso de gesti\u00f3n de pedidos, lo que puede mejorar la retenci\u00f3n de vendedores dentro de la plataforma.<\/p><\/li><li><p><strong>Mayor control sobre los correos electr\u00f3nicos<\/strong>: Con la l\u00f3gica condicional, puedes establecer reglas espec\u00edficas sobre qu\u00e9 correos electr\u00f3nicos se env\u00edan seg\u00fan el estado del pedido, el tipo de producto vendido, el vendedor, y otros factores, asegurando que la informaci\u00f3n relevante llegue a las personas correctas en el momento adecuado.<\/p><\/li><li><p><strong>Ahorro de tiempo y esfuerzo<\/strong>: Gracias a la automatizaci\u00f3n y la personalizaci\u00f3n de correos electr\u00f3nicos, puedes ahorrar una cantidad significativa de tiempo, ya que no es necesario crear manualmente cada notificaci\u00f3n. El sistema gestiona los env\u00edos de forma eficiente y eficaz.<\/p><\/li><li><p><strong>Atractivos correos electr\u00f3nicos visuales<\/strong>: Puedes dise\u00f1ar correos electr\u00f3nicos visualmente atractivos que no solo sean funcionales, sino tambi\u00e9n est\u00e9ticamente agradables. Esto mejora la percepci\u00f3n de tu plataforma multivendor, lo que genera una mejor imagen para la tienda.<\/p><\/li><\/ol><h3>Caracter\u00edsticas principales de YayMail Pro Dokan Multi Vendor Addon<\/h3><ul><li><p><strong>Personalizaci\u00f3n avanzada de correos electr\u00f3nicos para vendedores<\/strong>: Puedes personalizar los correos electr\u00f3nicos que se env\u00edan a los vendedores con informaci\u00f3n detallada sobre sus pedidos, ganancias, productos vendidos, entre otros. Cada vendedor recibir\u00e1 las notificaciones m\u00e1s relevantes para su actividad dentro de la tienda.<\/p><\/li><li><p><strong>Condiciones personalizadas<\/strong>: Aplicando l\u00f3gica condicional, puedes configurar qu\u00e9 contenido se incluir\u00e1 en los correos electr\u00f3nicos seg\u00fan diferentes factores, como el estado del pedido, el tipo de producto o la acci\u00f3n realizada, lo que permite una personalizaci\u00f3n a\u00fan m\u00e1s precisa.<\/p><\/li><li><p><strong>Integraci\u00f3n perfecta con Dokan<\/strong>: Este addon est\u00e1 dise\u00f1ado espec\u00edficamente para funcionar con Dokan, asegurando que todas las caracter\u00edsticas del plugin multivendor se aprovechen al m\u00e1ximo. Esto incluye el env\u00edo de correos electr\u00f3nicos de notificaci\u00f3n de ventas, cambios de estado de pedidos, nuevos pedidos y mucho m\u00e1s.<\/p><\/li><li><p><strong>Dise\u00f1os personalizables<\/strong>: Ofrece plantillas de dise\u00f1o de correos electr\u00f3nicos altamente personalizables, que te permiten adaptarlas a la identidad visual de tu tienda, creando una experiencia coherente tanto para los vendedores como para los clientes.<\/p><\/li><li><p><strong>Automatizaci\u00f3n de notificaciones<\/strong>: Las notificaciones de correos electr\u00f3nicos se automatizan para que los vendedores y administradores de la tienda reciban la informaci\u00f3n relevante sin tener que intervenir manualmente, ahorrando tiempo y evitando errores humanos.<\/p><\/li><li><p><strong>Interfaz intuitiva<\/strong>: La interfaz de YayMail Pro Dokan Multi Vendor Addon es f\u00e1cil de usar, lo que permite a los administradores de tiendas WooCommerce con Dokan gestionar las notificaciones sin necesidad de ser expertos t\u00e9cnicos.<\/p><\/li><li><p><strong>WooCommerce Compatibility<\/strong>: Adem\u00e1s de funcionar perfectamente con Dokan, el addon tambi\u00e9n se integra sin problemas con WooCommerce, lo que permite gestionar las notificaciones relacionadas con pedidos, env\u00edos, y m\u00e1s, de manera centralizada.<\/p><\/li><\/ul><h3>\u00bfC\u00f3mo funciona YayMail Pro Dokan Multi Vendor Addon?<\/h3><p>El addon YayMail Pro Dokan Multi Vendor Addon funciona de manera sencilla pero eficaz. Primero, debes tener instalado y activado YayMail Pro en tu tienda WooCommerce y el plugin Dokan para crear una tienda multivendor. Luego, puedes instalar el addon Dokan Multi Vendor desde el panel de administraci\u00f3n de WordPress.<\/p><p>Una vez instalado, tendr\u00e1s acceso a un conjunto de opciones de personalizaci\u00f3n para cada tipo de correo electr\u00f3nico que se env\u00ede a los vendedores. Puedes establecer condiciones personalizadas para mostrar contenido espec\u00edfico dependiendo del estado del pedido, el tipo de producto, el vendedor, entre otros. Por ejemplo, si un vendedor recibe un nuevo pedido de un producto espec\u00edfico, puede recibir un correo electr\u00f3nico con detalles sobre esa compra, o si se produce un cambio en el estado del pedido, el vendedor tambi\u00e9n puede recibir una notificaci\u00f3n personalizada.<\/p><p>Adem\u00e1s, puedes personalizar los correos electr\u00f3nicos enviados a los clientes, asegurando que cada mensaje est\u00e9 alineado con la marca y las necesidades de cada tienda o vendedor.<\/p><h3>\u00bfPor qu\u00e9 elegir YayMail Pro Dokan Multi Vendor Addon?<\/h3><p>YayMail Pro Dokan Multi Vendor Addon es la soluci\u00f3n ideal para tiendas WooCommerce con m\u00faltiples vendedores que desean mejorar la comunicaci\u00f3n por correo electr\u00f3nico. Gracias a su alta personalizaci\u00f3n y capacidades de automatizaci\u00f3n, este addon facilita la gesti\u00f3n de correos electr\u00f3nicos, ahorra tiempo, y mejora la eficiencia operativa. Adem\u00e1s, la personalizaci\u00f3n avanzada de las notificaciones tanto para vendedores como para clientes mejora la experiencia general, lo que puede aumentar las tasas de retenci\u00f3n de vendedores y las conversiones de clientes.<\/p><p>Si gestionas una tienda multivendor con Dokan y deseas mejorar la forma en que te comunicas con tus vendedores y clientes, YayMail Pro Dokan Multi Vendor Addon es una herramienta esencial para hacer que tu tienda sea a\u00fan m\u00e1s profesional y eficiente.<\/p><h3>Conclusion<\/h3><p>YayMail Pro Dokan Multi Vendor Addon es una extensi\u00f3n indispensable para cualquier tienda WooCommerce con el plugin Dokan que busque mejorar la personalizaci\u00f3n y eficiencia en sus notificaciones por correo electr\u00f3nico.<\/p><p>Con la capacidad de personalizar correos electr\u00f3nicos basados en condiciones espec\u00edficas, esta herramienta no solo mejora la comunicaci\u00f3n interna entre administradores y vendedores, sino que tambi\u00e9n optimiza la experiencia del cliente. Aprovecha la potencia de la automatizaci\u00f3n y la personalizaci\u00f3n para crear una plataforma multivendor m\u00e1s profesional y efectiva.<\/p>\t\t\t\t\t\t\t\t<\/div>\n\t\t\t\t<\/div>\n\t\t\t\t\t<\/div>\n\t\t\t\t<\/div>\n\t\t\t\t<\/div>","protected":false},"excerpt":{"rendered":"<p>YayMail Pro Dokan Multi Vendor Addon Es una poderosa extensi\u00f3n para WooCommerce que te permite personalizar y gestionar de manera<\/p>","protected":false},"featured_media":81585,"comment_status":"closed","ping_status":"closed","template":"","meta":{"_acf_changed":false},"product_brand":[],"product_cat":[67],"product_tag":[623],"class_list":{"0":"post-22745","1":"product","2":"type-product","3":"status-publish","4":"has-post-thumbnail","6":"product_cat-wordpress-plugins","7":"product_tag-plugins-para-marketplace","8":"pa_autores-yaymail-pro","10":"first","11":"instock","12":"sale","13":"downloadable","14":"virtual","15":"sold-individually","16":"purchasable","17":"product-type-simple"},"acf":[],"_links":{"self":[{"href":"https:\/\/wpclub.pro\/en\/wp-json\/wp\/v2\/product\/22745","targetHints":{"allow":["GET"]}}],"collection":[{"href":"https:\/\/wpclub.pro\/en\/wp-json\/wp\/v2\/product"}],"about":[{"href":"https:\/\/wpclub.pro\/en\/wp-json\/wp\/v2\/types\/product"}],"replies":[{"embeddable":true,"href":"https:\/\/wpclub.pro\/en\/wp-json\/wp\/v2\/comments?post=22745"}],"version-history":[{"count":0,"href":"https:\/\/wpclub.pro\/en\/wp-json\/wp\/v2\/product\/22745\/revisions"}],"wp:featuredmedia":[{"embeddable":true,"href":"https:\/\/wpclub.pro\/en\/wp-json\/wp\/v2\/media\/81585"}],"wp:attachment":[{"href":"https:\/\/wpclub.pro\/en\/wp-json\/wp\/v2\/media?parent=22745"}],"wp:term":[{"taxonomy":"product_brand","embeddable":true,"href":"https:\/\/wpclub.pro\/en\/wp-json\/wp\/v2\/product_brand?post=22745"},{"taxonomy":"product_cat","embeddable":true,"href":"https:\/\/wpclub.pro\/en\/wp-json\/wp\/v2\/product_cat?post=22745"},{"taxonomy":"product_tag","embeddable":true,"href":"https:\/\/wpclub.pro\/en\/wp-json\/wp\/v2\/product_tag?post=22745"}],"curies":[{"name":"wp","href":"https:\/\/api.w.org\/{rel}","templated":true}]}}