{"id":23522,"date":"2025-12-23T12:02:38","date_gmt":"2025-12-23T15:02:38","guid":{"rendered":"https:\/\/wpclub.pro\/?post_type=product&#038;p=23522"},"modified":"2025-12-23T12:03:20","modified_gmt":"2025-12-23T15:03:20","slug":"ultimate-member-followers","status":"publish","type":"product","link":"https:\/\/wpclub.pro\/en\/item\/ultimate-member-followers\/","title":{"rendered":"Ultimate Member Followers Addon 2.3.5"},"content":{"rendered":"<div data-elementor-type=\"product-post\" data-elementor-id=\"23522\" class=\"elementor elementor-23522\" data-elementor-post-type=\"product\">\n\t\t\t\t<div class=\"wd-negative-gap elementor-element elementor-element-1f0bffeb e-flex e-con-boxed e-con e-parent\" data-id=\"1f0bffeb\" data-element_type=\"container\" data-e-type=\"container\">\n\t\t\t\t\t<div class=\"e-con-inner\">\n\t\t\t\t<div class=\"elementor-element elementor-element-49e14c4a color-scheme-inherit text-left elementor-widget elementor-widget-text-editor\" data-id=\"49e14c4a\" data-element_type=\"widget\" data-e-type=\"widget\" data-widget_type=\"text-editor.default\">\n\t\t\t\t<div class=\"elementor-widget-container\">\n\t\t\t\t\t\t\t\t\t<h2>Ultimate Member Followers<\/h2><p>Con la extensi\u00f3n de seguidores, puede aumentar la interacci\u00f3n del usuario en su sitio al permitir que los usuarios se sigan entre s\u00ed.<\/p><h3>Caracter\u00edsticas de Ultimate Member Followers<\/h3><ul><li>Agrega un bot\u00f3n de seguir\/dejar de seguir a los perfiles de usuario<\/li><li>Muestra seguidores\/estad\u00edsticas de seguimiento en su perfil<\/li><li>Agrega un bot\u00f3n de seguir\/dejar de seguir a las tarjetas de perfil en los directorios de miembros<\/li><li>Muestra las estad\u00edsticas de seguidores\/seguidores en la tarjeta de perfil en los directorios de miembros<\/li><li>Permitir que los usuarios restrinjan su perfil solo a sus seguidores<\/li><li>Permitir que los usuarios restrinjan su perfil a solo las personas a las que siguen<\/li><li>Los usuarios reciben una notificaci\u00f3n por correo electr\u00f3nico cuando alguien los sigue<\/li><li>Los usuarios pueden desactivar la recepci\u00f3n de notificaciones por correo electr\u00f3nico desde la p\u00e1gina de su cuenta<\/li><li>Mostrar los seguidores de un usuario y\/o a qui\u00e9n siguen en la barra lateral con widgets<\/li><li>Decidir si un rol de usuario puede seguir a otros usuarios<\/li><li>Restringir qu\u00e9 roles puede seguir un rol de usuario<\/li><\/ul><h3>Integraciones con otras extensiones<\/h3><ul><li>Notificaciones: los usuarios pueden recibir una notificaci\u00f3n cuando alguien los sigue<\/li><li>Mensajes privados: agrega restricciones de seguimiento a los mensajes privados, lo que brinda a los usuarios m\u00e1s control sobre qui\u00e9n puede enviarles un mensaje privado.<\/li><\/ul><p>Obternga Ahora Ultimate Member Followers.<\/p>\t\t\t\t\t\t\t\t<\/div>\n\t\t\t\t<\/div>\n\t\t\t\t\t<\/div>\n\t\t\t\t<\/div>\n\t\t\t\t<\/div>","protected":false},"excerpt":{"rendered":"<p>Ultimate Member Followers Con la extensi\u00f3n de seguidores, puede aumentar la interacci\u00f3n del usuario en su sitio al permitir que<\/p>","protected":false},"featured_media":112881,"comment_status":"closed","ping_status":"closed","template":"","meta":{"_acf_changed":false},"product_brand":[],"product_cat":[67],"product_tag":[128],"class_list":{"0":"post-23522","1":"product","2":"type-product","3":"status-publish","4":"has-post-thumbnail","6":"product_cat-wordpress-plugins","7":"product_tag-plugins-para-membresias-y-suscripciones","8":"pa_autores-ultimate-member","10":"first","11":"instock","12":"sale","13":"downloadable","14":"virtual","15":"sold-individually","16":"purchasable","17":"product-type-simple"},"acf":[],"_links":{"self":[{"href":"https:\/\/wpclub.pro\/en\/wp-json\/wp\/v2\/product\/23522","targetHints":{"allow":["GET"]}}],"collection":[{"href":"https:\/\/wpclub.pro\/en\/wp-json\/wp\/v2\/product"}],"about":[{"href":"https:\/\/wpclub.pro\/en\/wp-json\/wp\/v2\/types\/product"}],"replies":[{"embeddable":true,"href":"https:\/\/wpclub.pro\/en\/wp-json\/wp\/v2\/comments?post=23522"}],"version-history":[{"count":0,"href":"https:\/\/wpclub.pro\/en\/wp-json\/wp\/v2\/product\/23522\/revisions"}],"wp:featuredmedia":[{"embeddable":true,"href":"https:\/\/wpclub.pro\/en\/wp-json\/wp\/v2\/media\/112881"}],"wp:attachment":[{"href":"https:\/\/wpclub.pro\/en\/wp-json\/wp\/v2\/media?parent=23522"}],"wp:term":[{"taxonomy":"product_brand","embeddable":true,"href":"https:\/\/wpclub.pro\/en\/wp-json\/wp\/v2\/product_brand?post=23522"},{"taxonomy":"product_cat","embeddable":true,"href":"https:\/\/wpclub.pro\/en\/wp-json\/wp\/v2\/product_cat?post=23522"},{"taxonomy":"product_tag","embeddable":true,"href":"https:\/\/wpclub.pro\/en\/wp-json\/wp\/v2\/product_tag?post=23522"}],"curies":[{"name":"wp","href":"https:\/\/api.w.org\/{rel}","templated":true}]}}