{"id":23524,"date":"2025-12-23T12:03:38","date_gmt":"2025-12-23T15:03:38","guid":{"rendered":"https:\/\/wpclub.pro\/?post_type=product&#038;p=23524"},"modified":"2025-12-23T12:05:32","modified_gmt":"2025-12-23T15:05:32","slug":"ultimate-member-friends","status":"publish","type":"product","link":"https:\/\/wpclub.pro\/en\/item\/ultimate-member-friends\/","title":{"rendered":"Ultimate Member Friends Addon 2.3.4"},"content":{"rendered":"<div data-elementor-type=\"product-post\" data-elementor-id=\"23524\" class=\"elementor elementor-23524\" data-elementor-post-type=\"product\">\n\t\t\t\t<div class=\"wd-negative-gap elementor-element elementor-element-6836b72b e-flex e-con-boxed e-con e-parent\" data-id=\"6836b72b\" data-element_type=\"container\" data-e-type=\"container\">\n\t\t\t\t\t<div class=\"e-con-inner\">\n\t\t\t\t<div class=\"elementor-element elementor-element-3158c21e color-scheme-inherit text-left elementor-widget elementor-widget-text-editor\" data-id=\"3158c21e\" data-element_type=\"widget\" data-e-type=\"widget\" data-widget_type=\"text-editor.default\">\n\t\t\t\t<div class=\"elementor-widget-container\">\n\t\t\t\t\t\t\t\t\t<h2>Ultimate Member Friends<\/h2><p>Con Ultimate Member Friends, puede aumentar la interacci\u00f3n del usuario en su sitio al permitir que los usuarios se conviertan en amigos enviando y aceptando\/rechazando solicitudes de amistad.<\/p><h3>Caracter\u00edsticas clave de Ultimate Member Friends<\/h3><ul><li>Agrega un sistema de amistad a su sitio web<\/li><li>Muestra seguidores\/estad\u00edsticas de seguimiento en su perfil<\/li><li>Agrega un bot\u00f3n de env\u00edo de solicitud de amistad a las tarjetas de perfil en los directorios de miembros<\/li><li>Agrega un bot\u00f3n de env\u00edo de solicitud de amistad al perfil de cada usuario<\/li><li>Agrega una pesta\u00f1a a los perfiles que muestra una lista de los amigos del usuario<\/li><li>Agrega una pesta\u00f1a a los perfiles que muestra una lista de las solicitudes de amistad de los usuarios.<\/li><li>Permitir que los usuarios restrinjan su perfil solo a sus amigos<\/li><li>Los usuarios reciben una notificaci\u00f3n por correo electr\u00f3nico cuando alguien les env\u00eda una solicitud de amistad<\/li><li>Los usuarios reciben una notificaci\u00f3n por correo electr\u00f3nico cuando alguien acepta su solicitud de amistad.<\/li><\/ul><h3>Integraciones con otras extensiones<\/h3><ul><li>Notificaciones: los usuarios pueden recibir una notificaci\u00f3n cuando alguien les env\u00eda una solicitud de amistad y cuando alguien acepta su solicitud de amistad.<\/li><li>Mensajes privados: limite los mensajes din\u00e1micos a amigos para que solo los amigos puedan enviarse mensajes entre ellos<br \/>Actividad social: limite la actividad que se muestra en el feed solo a la actividad de amigos<\/li><\/ul><p>Obtenga Ahora Ultimate Member Friends.<\/p>\t\t\t\t\t\t\t\t<\/div>\n\t\t\t\t<\/div>\n\t\t\t\t\t<\/div>\n\t\t\t\t<\/div>\n\t\t\t\t<\/div>","protected":false},"excerpt":{"rendered":"<p>Ultimate Member Friends Con Ultimate Member Friends, puede aumentar la interacci\u00f3n del usuario en su sitio al permitir que los<\/p>","protected":false},"featured_media":112888,"comment_status":"closed","ping_status":"closed","template":"","meta":{"_acf_changed":false},"product_brand":[],"product_cat":[67],"product_tag":[128],"class_list":{"0":"post-23524","1":"product","2":"type-product","3":"status-publish","4":"has-post-thumbnail","6":"product_cat-wordpress-plugins","7":"product_tag-plugins-para-membresias-y-suscripciones","8":"pa_autores-ultimate-member","10":"first","11":"instock","12":"sale","13":"downloadable","14":"virtual","15":"sold-individually","16":"purchasable","17":"product-type-simple"},"acf":[],"_links":{"self":[{"href":"https:\/\/wpclub.pro\/en\/wp-json\/wp\/v2\/product\/23524","targetHints":{"allow":["GET"]}}],"collection":[{"href":"https:\/\/wpclub.pro\/en\/wp-json\/wp\/v2\/product"}],"about":[{"href":"https:\/\/wpclub.pro\/en\/wp-json\/wp\/v2\/types\/product"}],"replies":[{"embeddable":true,"href":"https:\/\/wpclub.pro\/en\/wp-json\/wp\/v2\/comments?post=23524"}],"version-history":[{"count":0,"href":"https:\/\/wpclub.pro\/en\/wp-json\/wp\/v2\/product\/23524\/revisions"}],"wp:featuredmedia":[{"embeddable":true,"href":"https:\/\/wpclub.pro\/en\/wp-json\/wp\/v2\/media\/112888"}],"wp:attachment":[{"href":"https:\/\/wpclub.pro\/en\/wp-json\/wp\/v2\/media?parent=23524"}],"wp:term":[{"taxonomy":"product_brand","embeddable":true,"href":"https:\/\/wpclub.pro\/en\/wp-json\/wp\/v2\/product_brand?post=23524"},{"taxonomy":"product_cat","embeddable":true,"href":"https:\/\/wpclub.pro\/en\/wp-json\/wp\/v2\/product_cat?post=23524"},{"taxonomy":"product_tag","embeddable":true,"href":"https:\/\/wpclub.pro\/en\/wp-json\/wp\/v2\/product_tag?post=23524"}],"curies":[{"name":"wp","href":"https:\/\/api.w.org\/{rel}","templated":true}]}}