{"id":23533,"date":"2025-01-24T12:26:27","date_gmt":"2025-01-24T15:26:27","guid":{"rendered":"https:\/\/wpclub.pro\/?post_type=product&#038;p=23533"},"modified":"2025-01-24T12:28:03","modified_gmt":"2025-01-24T15:28:03","slug":"ultimate-member-verified-users","status":"publish","type":"product","link":"https:\/\/wpclub.pro\/en\/item\/ultimate-member-verified-users\/","title":{"rendered":"Ultimate Member Verified Users Addon 2.2.6"},"content":{"rendered":"<div data-elementor-type=\"product-post\" data-elementor-id=\"23533\" class=\"elementor elementor-23533\" data-elementor-post-type=\"product\">\n\t\t\t\t<div class=\"wd-negative-gap elementor-element elementor-element-16043f3c e-flex e-con-boxed e-con e-parent\" data-id=\"16043f3c\" data-element_type=\"container\" data-e-type=\"container\">\n\t\t\t\t\t<div class=\"e-con-inner\">\n\t\t\t\t<div class=\"elementor-element elementor-element-5a5502e8 color-scheme-inherit text-left elementor-widget elementor-widget-text-editor\" data-id=\"5a5502e8\" data-element_type=\"widget\" data-e-type=\"widget\" data-widget_type=\"text-editor.default\">\n\t\t\t\t<div class=\"elementor-widget-container\">\n\t\t\t\t\t\t\t\t\t<h2>Ultimate Member Verified Users<\/h2><p>Agregue un sistema de verificaci\u00f3n de usuarios a su sitio para que los usuarios puedan solicitar la verificaci\u00f3n y ser verificados manualmente por el administrador del sitio.<\/p><h3>Caracter\u00edsticas clave de Ultimate Member Verified Users<\/h3><ul><li>Los usuarios pueden enviar una solicitud para verificar su cuenta<\/li><li>Los usuarios pueden cancelar la solicitud de verificaci\u00f3n<\/li><li>Muestre el muro de actividad global en cualquier lugar del sitio a trav\u00e9s de un c\u00f3digo abreviado<\/li><li>Proporciona una URL de verificaci\u00f3n para que el administrador pueda agregar un enlace de solicitud de verificaci\u00f3n en cualquier lugar del sitio<\/li><li>El administrador puede verificar manualmente a cualquier usuario del administrador sin que el usuario solicite verificaci\u00f3n<\/li><li>Agrega la opci\u00f3n de clasificaci\u00f3n a los directorios para permitir que el administrador muestre primero a los usuarios verificados<\/li><li>Los usuarios verificados tendr\u00e1n una insignia de verificaci\u00f3n azul en su perfil y en los directorios de miembros.<\/li><li>El usuario recibir\u00e1 un correo electr\u00f3nico una vez que su cuenta haya sido verificada<\/li><li>El administrador recibir\u00e1 una notificaci\u00f3n por correo electr\u00f3nico cuando un usuario solicite la verificaci\u00f3n<\/li><li>Agrega un filtro a la p\u00e1gina de usuarios en el administrador para que el administrador pueda filtrar a los usuarios para mostrar todos los usuarios que esperan verificaci\u00f3n<\/li><\/ul><h3>Integraciones con extensi\u00f3n de notificaciones<\/h3><ul><li>Notifica a un usuario cuando su cuenta ha sido verificada<\/li><li>Integraciones con Actividad Social<\/li><\/ul><h3>Muestra la actividad cuando se verifica un usuario<\/h3><p>Obtenga Ahora Ultimate Member Verified Users.<\/p>\t\t\t\t\t\t\t\t<\/div>\n\t\t\t\t<\/div>\n\t\t\t\t\t<\/div>\n\t\t\t\t<\/div>\n\t\t\t\t<\/div>","protected":false},"excerpt":{"rendered":"<p>Ultimate Member Verified Users Agregue un sistema de verificaci\u00f3n de usuarios a su sitio para que los usuarios puedan solicitar<\/p>","protected":false},"featured_media":65158,"comment_status":"closed","ping_status":"closed","template":"","meta":{"_acf_changed":false},"product_brand":[],"product_cat":[67],"product_tag":[128],"class_list":{"0":"post-23533","1":"product","2":"type-product","3":"status-publish","4":"has-post-thumbnail","6":"product_cat-wordpress-plugins","7":"product_tag-plugins-para-membresias-y-suscripciones","8":"pa_autores-ultimate-member","10":"first","11":"instock","12":"sale","13":"downloadable","14":"virtual","15":"sold-individually","16":"purchasable","17":"product-type-simple"},"acf":[],"_links":{"self":[{"href":"https:\/\/wpclub.pro\/en\/wp-json\/wp\/v2\/product\/23533","targetHints":{"allow":["GET"]}}],"collection":[{"href":"https:\/\/wpclub.pro\/en\/wp-json\/wp\/v2\/product"}],"about":[{"href":"https:\/\/wpclub.pro\/en\/wp-json\/wp\/v2\/types\/product"}],"replies":[{"embeddable":true,"href":"https:\/\/wpclub.pro\/en\/wp-json\/wp\/v2\/comments?post=23533"}],"version-history":[{"count":0,"href":"https:\/\/wpclub.pro\/en\/wp-json\/wp\/v2\/product\/23533\/revisions"}],"wp:featuredmedia":[{"embeddable":true,"href":"https:\/\/wpclub.pro\/en\/wp-json\/wp\/v2\/media\/65158"}],"wp:attachment":[{"href":"https:\/\/wpclub.pro\/en\/wp-json\/wp\/v2\/media?parent=23533"}],"wp:term":[{"taxonomy":"product_brand","embeddable":true,"href":"https:\/\/wpclub.pro\/en\/wp-json\/wp\/v2\/product_brand?post=23533"},{"taxonomy":"product_cat","embeddable":true,"href":"https:\/\/wpclub.pro\/en\/wp-json\/wp\/v2\/product_cat?post=23533"},{"taxonomy":"product_tag","embeddable":true,"href":"https:\/\/wpclub.pro\/en\/wp-json\/wp\/v2\/product_tag?post=23533"}],"curies":[{"name":"wp","href":"https:\/\/api.w.org\/{rel}","templated":true}]}}