{"id":23582,"date":"2025-10-08T11:48:56","date_gmt":"2025-10-08T14:48:56","guid":{"rendered":"https:\/\/wpclub.pro\/?post_type=product&#038;p=23582"},"modified":"2025-10-08T11:51:47","modified_gmt":"2025-10-08T14:51:47","slug":"ultimate-member-user-bookmarks","status":"publish","type":"product","link":"https:\/\/wpclub.pro\/en\/item\/ultimate-member-user-bookmarks\/","title":{"rendered":"Ultimate Member User Bookmarks Addon 2.1.6"},"content":{"rendered":"<div data-elementor-type=\"product-post\" data-elementor-id=\"23582\" class=\"elementor elementor-23582\" data-elementor-post-type=\"product\">\n\t\t\t\t<div class=\"wd-negative-gap elementor-element elementor-element-68b474c6 e-flex e-con-boxed e-con e-parent\" data-id=\"68b474c6\" data-element_type=\"container\" data-e-type=\"container\">\n\t\t\t\t\t<div class=\"e-con-inner\">\n\t\t\t\t<div class=\"elementor-element elementor-element-17adf7f6 color-scheme-inherit text-left elementor-widget elementor-widget-text-editor\" data-id=\"17adf7f6\" data-element_type=\"widget\" data-e-type=\"widget\" data-widget_type=\"text-editor.default\">\n\t\t\t\t<div class=\"elementor-widget-container\">\n\t\t\t\t\t\t\t\t\t<h2 class=\"product-title product_title entry-title\">Ultimate Member User Bookmarks<\/h2><p><strong>Key features<br \/><\/strong><\/p><ul><li>Seleccione qu\u00e9 marcadores de contenido se muestran en, por ejemplo, p\u00e1ginas, publicaciones, CPT<\/li><li>Desactivar marcadores para p\u00e1ginas\/publicaciones individuales<\/li><li>El enlace de marcador puede aparecer en la parte superior o inferior de la p\u00e1gina\/contenido de la publicaci\u00f3n<\/li><li>Los marcadores se pueden organizar en diferentes carpetas creadas por el usuario<\/li><li>Los usuarios pueden hacer que las carpetas sean p\u00fablicas o privadas<\/li><li>Los usuarios pueden ver y administrar sus carpetas de marcadores y marcadores desde sus perfiles<\/li><li>Los usuarios pueden ver las carpetas de marcadores p\u00fablicos de otros usuarios.<\/li><\/ul><p>Obt\u00e9n ahora Ultimate Member User Bookmarks.<\/p>\t\t\t\t\t\t\t\t<\/div>\n\t\t\t\t<\/div>\n\t\t\t\t\t<\/div>\n\t\t\t\t<\/div>\n\t\t\t\t<\/div>","protected":false},"excerpt":{"rendered":"<p>Ultimate Member User Bookmarks Caracter\u00edsticas clave Seleccione qu\u00e9 marcadores de contenido se muestran en, por ejemplo, p\u00e1ginas, publicaciones, CPT Desactivar<\/p>","protected":false},"featured_media":97649,"comment_status":"closed","ping_status":"closed","template":"","meta":{"_acf_changed":false},"product_brand":[],"product_cat":[67],"product_tag":[128],"class_list":{"0":"post-23582","1":"product","2":"type-product","3":"status-publish","4":"has-post-thumbnail","6":"product_cat-wordpress-plugins","7":"product_tag-plugins-para-membresias-y-suscripciones","8":"pa_autores-ultimate-member","10":"first","11":"instock","12":"sale","13":"downloadable","14":"virtual","15":"sold-individually","16":"purchasable","17":"product-type-simple"},"acf":[],"_links":{"self":[{"href":"https:\/\/wpclub.pro\/en\/wp-json\/wp\/v2\/product\/23582","targetHints":{"allow":["GET"]}}],"collection":[{"href":"https:\/\/wpclub.pro\/en\/wp-json\/wp\/v2\/product"}],"about":[{"href":"https:\/\/wpclub.pro\/en\/wp-json\/wp\/v2\/types\/product"}],"replies":[{"embeddable":true,"href":"https:\/\/wpclub.pro\/en\/wp-json\/wp\/v2\/comments?post=23582"}],"version-history":[{"count":0,"href":"https:\/\/wpclub.pro\/en\/wp-json\/wp\/v2\/product\/23582\/revisions"}],"wp:featuredmedia":[{"embeddable":true,"href":"https:\/\/wpclub.pro\/en\/wp-json\/wp\/v2\/media\/97649"}],"wp:attachment":[{"href":"https:\/\/wpclub.pro\/en\/wp-json\/wp\/v2\/media?parent=23582"}],"wp:term":[{"taxonomy":"product_brand","embeddable":true,"href":"https:\/\/wpclub.pro\/en\/wp-json\/wp\/v2\/product_brand?post=23582"},{"taxonomy":"product_cat","embeddable":true,"href":"https:\/\/wpclub.pro\/en\/wp-json\/wp\/v2\/product_cat?post=23582"},{"taxonomy":"product_tag","embeddable":true,"href":"https:\/\/wpclub.pro\/en\/wp-json\/wp\/v2\/product_tag?post=23582"}],"curies":[{"name":"wp","href":"https:\/\/api.w.org\/{rel}","templated":true}]}}